{"id":437,"date":"2020-02-22T18:10:15","date_gmt":"2020-02-22T17:10:15","guid":{"rendered":"https:\/\/274105-www.web.tornado-node.net\/fugl\/product\/frostang-xl-prestige-til-papegoyer\/"},"modified":"2025-06-03T12:59:11","modified_gmt":"2025-06-03T10:59:11","slug":"frostang-xl-prestige-til-papegoyer","status":"publish","type":"product","link":"https:\/\/fuglebutikken.no\/en\/butikk\/fugl-som-hobby\/fugl\/spise\/fuglemat-til-undulater-papeg-yer-og-burfugler\/fuglesnacks\/frostang-xl-prestige-til-papegoyer\/","title":{"rendered":"Fr\u00f8stang xl prestige til papeg\u00f8yer\u00a0"},"content":{"rendered":"<h2>Fr\u00f8stang xl prestige til papeg\u00f8yer<\/h2>\n<p>Sammensetning:<br \/>\nFr\u00f8, frokostblandinger, n\u00f8tter (2,2%; pean\u00f8tt, mandel), honning (2%), forskjellige sukkerarter, bakervarer, oljer og fett<\/p>\n<p>Analytiske Bestanddeler:<br \/>\nProtein 12,3%, fettinnhold 12,0%, r\u00e5fiber 10,0%, r\u00e5aske 2,5%<\/p>","protected":false},"excerpt":{"rendered":"<h3>Fr\u00f8stang xl prestige til papeg\u00f8yer<\/h3>\n<p>Et fristende mellomm\u00e5ltid for papeg\u00f8yer med bl.a. pean\u00f8tter, mandler og honning<\/p>\n<p>Ovnsbakte fr\u00f8<br \/>\nFrisk og spr\u00f8 takket v\u00e6re \u201cFreshpack\u201d<\/p>\n<p>Fr\u00f8stang xl prestige til papeg\u00f8yer er en ovnsbakt fr\u00f8pinne med pean\u00f8tter, mandler og honning. Lett \u00e5 henge opp i fuglebur.<\/p>\n<p id=\"tw-target-text\" class=\"tw-data-text tw-text-large XcVN5d tw-ta\" dir=\"ltr\" data-placeholder=\"Oversettelse\">","protected":false},"featured_media":19962,"comment_status":"closed","ping_status":"closed","template":"","meta":{"content-type":"","_uf_show_specific_survey":0,"_uf_disable_surveys":false,"_monsterinsights_skip_tracking":false,"_monsterinsights_sitenote_active":false,"_monsterinsights_sitenote_note":"","_monsterinsights_sitenote_category":0},"pwb-brand":[673],"product_brand":[],"product_cat":[41,1147,62],"product_tag":[],"woo-feed-brand":[],"class_list":{"0":"post-437","1":"product","2":"type-product","3":"status-publish","4":"has-post-thumbnail","6":"pwb-brand-versele-laga","7":"product_cat-fugl","8":"product_cat-fugl-som-hobby","9":"product_cat-fuglesnacks","11":"first","12":"outofstock","13":"taxable","14":"shipping-taxable","15":"purchasable","16":"product-type-variable","17":"has-default-attributes"},"exclude_global_add_ons":[],"addons":[],"brands":[{"id":673,"name":"Versele-Laga","slug":"versele-laga"}],"_links":{"self":[{"href":"https:\/\/fuglebutikken.no\/en\/wp-json\/wp\/v2\/product\/437","targetHints":{"allow":["GET"]}}],"collection":[{"href":"https:\/\/fuglebutikken.no\/en\/wp-json\/wp\/v2\/product"}],"about":[{"href":"https:\/\/fuglebutikken.no\/en\/wp-json\/wp\/v2\/types\/product"}],"replies":[{"embeddable":true,"href":"https:\/\/fuglebutikken.no\/en\/wp-json\/wp\/v2\/comments?post=437"}],"wp:featuredmedia":[{"embeddable":true,"href":"https:\/\/fuglebutikken.no\/en\/wp-json\/wp\/v2\/media\/19962"}],"wp:attachment":[{"href":"https:\/\/fuglebutikken.no\/en\/wp-json\/wp\/v2\/media?parent=437"}],"wp:term":[{"taxonomy":"pwb-brand","embeddable":true,"href":"https:\/\/fuglebutikken.no\/en\/wp-json\/wp\/v2\/pwb-brand?post=437"},{"taxonomy":"product_brand","embeddable":true,"href":"https:\/\/fuglebutikken.no\/en\/wp-json\/wp\/v2\/product_brand?post=437"},{"taxonomy":"product_cat","embeddable":true,"href":"https:\/\/fuglebutikken.no\/en\/wp-json\/wp\/v2\/product_cat?post=437"},{"taxonomy":"product_tag","embeddable":true,"href":"https:\/\/fuglebutikken.no\/en\/wp-json\/wp\/v2\/product_tag?post=437"},{"taxonomy":"woo-feed-brand","embeddable":true,"href":"https:\/\/fuglebutikken.no\/en\/wp-json\/wp\/v2\/woo-feed-brand?post=437"}],"curies":[{"name":"wp","href":"https:\/\/api.w.org\/{rel}","templated":true}]}}