{"id":414,"date":"2020-02-22T18:10:33","date_gmt":"2020-02-22T17:10:33","guid":{"rendered":"https:\/\/274105-www.web.tornado-node.net\/fugl\/product\/papegoyefor-prestige-exotic-notter-mix-750g\/"},"modified":"2025-03-13T10:00:05","modified_gmt":"2025-03-13T09:00:05","slug":"papegoyefor-prestige-exotic-notter-mix-750g","status":"publish","type":"product","link":"https:\/\/fuglebutikken.no\/en\/butikk\/fugl-som-hobby\/fugl\/spise\/fuglemat-til-undulater-papeg-yer-og-burfugler\/fuglesnacks\/papegoyefor-prestige-exotic-notter-mix-750g\/","title":{"rendered":"Papeg\u00f8yefor prestige exotic n\u00f8tter mix 750g\u00a0"},"content":{"rendered":"<p id=\"tw-target-text\" class=\"tw-data-text tw-text-large XcVN5d tw-ta\" dir=\"ltr\" data-placeholder=\"Oversettelse\"><span class=\"Y2IQFc\" lang=\"no\">Sammensetning: fr\u00f8, korn, n\u00f8tter (min. 20% blanding av pean\u00f8tter, hasseln\u00f8tter, pekann\u00f8tter, valn\u00f8tter, mandler, sedertr\u00f8tter), frukt, gr\u00f8nnsaker <\/span><\/p>\n<p class=\"tw-data-text tw-text-large XcVN5d tw-ta\" dir=\"ltr\" data-placeholder=\"Oversettelse\"><span class=\"Y2IQFc\" lang=\"no\">Analytiske bestanddeler: protein 13,0%, fettinnhold 20,0%, r\u00e5 fiber 14,0%, r\u00e5 aske 3,0%, kalsium 0,1%, fosfor 0,3%<\/span><\/p>","protected":false},"excerpt":{"rendered":"<p>Papeg\u00f8yefor prestige exotic n\u00f8tter mix 750g<\/p>\n<p id=\"tw-target-text\" class=\"tw-data-text tw-text-large XcVN5d tw-ta\" dir=\"ltr\" data-placeholder=\"Oversettelse\"><span class=\"Y2IQFc\" lang=\"no\">Premium korn, fr\u00f8 og n\u00f8tter blandes, en skikkelig godbit for papeg\u00f8yer <\/span><\/p>\n<ul>\n<li class=\"tw-data-text tw-text-large XcVN5d tw-ta\" data-placeholder=\"Oversettelse\"><span class=\"Y2IQFc\" lang=\"no\">Ideell n\u00f8tterbit for papeg\u00f8yer: korn og fr\u00f8 med deilige n\u00f8tter <\/span><\/li>\n<li class=\"tw-data-text tw-text-large XcVN5d tw-ta\" data-placeholder=\"Oversettelse\"><span class=\"Y2IQFc\" lang=\"no\">Med 20% deilige n\u00f8tter, bl.a. mandel, valn\u00f8tt og pekann\u00f8tter <\/span><\/li>\n<li class=\"tw-data-text tw-text-large XcVN5d tw-ta\" data-placeholder=\"Oversettelse\"><span class=\"Y2IQFc\" lang=\"no\">Komponert i samr\u00e5d med det vitenskapelige teamet til Loro Parque (Tenerife)<\/span><\/li>\n<\/ul>","protected":false},"featured_media":13078,"comment_status":"closed","ping_status":"closed","template":"","meta":{"content-type":"","_uf_show_specific_survey":0,"_uf_disable_surveys":false,"_monsterinsights_skip_tracking":false,"_monsterinsights_sitenote_active":false,"_monsterinsights_sitenote_note":"","_monsterinsights_sitenote_category":0},"pwb-brand":[673],"product_brand":[],"product_cat":[1147,41,62],"product_tag":[],"woo-feed-brand":[],"class_list":{"0":"post-414","1":"product","2":"type-product","3":"status-publish","4":"has-post-thumbnail","6":"pwb-brand-versele-laga","7":"product_cat-fugl-som-hobby","8":"product_cat-fugl","9":"product_cat-fuglesnacks","11":"first","12":"instock","13":"taxable","14":"shipping-taxable","15":"purchasable","16":"product-type-simple"},"exclude_global_add_ons":[],"addons":[],"brands":[{"id":673,"name":"Versele-Laga","slug":"versele-laga"}],"_links":{"self":[{"href":"https:\/\/fuglebutikken.no\/en\/wp-json\/wp\/v2\/product\/414","targetHints":{"allow":["GET"]}}],"collection":[{"href":"https:\/\/fuglebutikken.no\/en\/wp-json\/wp\/v2\/product"}],"about":[{"href":"https:\/\/fuglebutikken.no\/en\/wp-json\/wp\/v2\/types\/product"}],"replies":[{"embeddable":true,"href":"https:\/\/fuglebutikken.no\/en\/wp-json\/wp\/v2\/comments?post=414"}],"wp:featuredmedia":[{"embeddable":true,"href":"https:\/\/fuglebutikken.no\/en\/wp-json\/wp\/v2\/media\/13078"}],"wp:attachment":[{"href":"https:\/\/fuglebutikken.no\/en\/wp-json\/wp\/v2\/media?parent=414"}],"wp:term":[{"taxonomy":"pwb-brand","embeddable":true,"href":"https:\/\/fuglebutikken.no\/en\/wp-json\/wp\/v2\/pwb-brand?post=414"},{"taxonomy":"product_brand","embeddable":true,"href":"https:\/\/fuglebutikken.no\/en\/wp-json\/wp\/v2\/product_brand?post=414"},{"taxonomy":"product_cat","embeddable":true,"href":"https:\/\/fuglebutikken.no\/en\/wp-json\/wp\/v2\/product_cat?post=414"},{"taxonomy":"product_tag","embeddable":true,"href":"https:\/\/fuglebutikken.no\/en\/wp-json\/wp\/v2\/product_tag?post=414"},{"taxonomy":"woo-feed-brand","embeddable":true,"href":"https:\/\/fuglebutikken.no\/en\/wp-json\/wp\/v2\/woo-feed-brand?post=414"}],"curies":[{"name":"wp","href":"https:\/\/api.w.org\/{rel}","templated":true}]}}