{"id":412,"date":"2020-02-22T18:10:33","date_gmt":"2020-02-22T17:10:33","guid":{"rendered":"https:\/\/274105-www.web.tornado-node.net\/fugl\/product\/finkefor-prestige-1kg\/"},"modified":"2025-11-11T14:54:13","modified_gmt":"2025-11-11T13:54:13","slug":"finkefor-prestige-800g","status":"publish","type":"product","link":"https:\/\/fuglebutikken.no\/en\/butikk\/fugl-som-hobby\/fugl\/spise\/fuglemat-til-undulater-papeg-yer-og-burfugler\/fr-blandinger-og-pellets-daglig-f-r\/fink-og-kanari-f-r\/finkefor-prestige-800g\/","title":{"rendered":"Finkefor Prestige 800g"},"content":{"rendered":"<p>Ingredienser:<\/p>\n<p>Fr\u00f8 (min 2% Chia), korn, vegetabilske biprodukter, mineraler (min 2% \u00f8sters skjell), oljer og fett, frukt, sukker, frukto-oligosakkarider.<\/p>","protected":false},"excerpt":{"rendered":"<p>Finkefor Prestige 800g<\/p>\n<p>Denne premium fr\u00f8blanding har et variert og balansert sammensetning tilpasset tropiske finkars spesielle ern\u00e6ringsmessige behov. Med VAM og frukt pellets fulle av ekstra vitaminer, aminosyrer, mineraler og Florastimul for optimal helse og ford\u00f8yelse, chiafr\u00f6 ekstra tilskudd av omega-3 fettsyrer og \u00f8sters shell for avlingen skal fungere riktig og for retten kalsium \/ fosfor balanse.<\/p>\n<p>Bruk:<\/p>\n<p>Avhengig av fugl type og alder, de daglige rasjonene varierer mye. P\u00e5 grunn av dette, m\u00e5 man gi en stor porsjon i begynnelsen for \u00e5 senere \u00e5 bestemme den ideelle daglige rasjon. Gi fersk mat og friskt vann hver dag.<\/p>","protected":false},"featured_media":24061,"comment_status":"closed","ping_status":"closed","template":"","meta":{"content-type":"","_uf_show_specific_survey":0,"_uf_disable_surveys":false,"_monsterinsights_skip_tracking":false,"_monsterinsights_sitenote_active":false,"_monsterinsights_sitenote_note":"","_monsterinsights_sitenote_category":0},"pwb-brand":[673],"product_brand":[],"product_cat":[3290,3286,41,1147,3285],"product_tag":[614,615,617,618],"woo-feed-brand":[],"class_list":{"0":"post-412","1":"product","2":"type-product","3":"status-publish","4":"has-post-thumbnail","6":"pwb-brand-versele-laga","7":"product_cat-fink-og-kanari-f-r","8":"product_cat-fr-blandinger-og-pellets-daglig-f-r","9":"product_cat-fugl","10":"product_cat-fugl-som-hobby","11":"product_cat-fuglemat-til-undulater-papeg-yer-og-burfugler","12":"product_tag-fink","13":"product_tag-finkefor","14":"product_tag-prestige","15":"product_tag-tropisk-fugl","17":"first","18":"instock","19":"taxable","20":"shipping-taxable","21":"purchasable","22":"product-type-simple"},"exclude_global_add_ons":[],"addons":[],"brands":[{"id":673,"name":"Versele-Laga","slug":"versele-laga"}],"_links":{"self":[{"href":"https:\/\/fuglebutikken.no\/en\/wp-json\/wp\/v2\/product\/412","targetHints":{"allow":["GET"]}}],"collection":[{"href":"https:\/\/fuglebutikken.no\/en\/wp-json\/wp\/v2\/product"}],"about":[{"href":"https:\/\/fuglebutikken.no\/en\/wp-json\/wp\/v2\/types\/product"}],"replies":[{"embeddable":true,"href":"https:\/\/fuglebutikken.no\/en\/wp-json\/wp\/v2\/comments?post=412"}],"wp:featuredmedia":[{"embeddable":true,"href":"https:\/\/fuglebutikken.no\/en\/wp-json\/wp\/v2\/media\/24061"}],"wp:attachment":[{"href":"https:\/\/fuglebutikken.no\/en\/wp-json\/wp\/v2\/media?parent=412"}],"wp:term":[{"taxonomy":"pwb-brand","embeddable":true,"href":"https:\/\/fuglebutikken.no\/en\/wp-json\/wp\/v2\/pwb-brand?post=412"},{"taxonomy":"product_brand","embeddable":true,"href":"https:\/\/fuglebutikken.no\/en\/wp-json\/wp\/v2\/product_brand?post=412"},{"taxonomy":"product_cat","embeddable":true,"href":"https:\/\/fuglebutikken.no\/en\/wp-json\/wp\/v2\/product_cat?post=412"},{"taxonomy":"product_tag","embeddable":true,"href":"https:\/\/fuglebutikken.no\/en\/wp-json\/wp\/v2\/product_tag?post=412"},{"taxonomy":"woo-feed-brand","embeddable":true,"href":"https:\/\/fuglebutikken.no\/en\/wp-json\/wp\/v2\/woo-feed-brand?post=412"}],"curies":[{"name":"wp","href":"https:\/\/api.w.org\/{rel}","templated":true}]}}