{"id":410,"date":"2020-02-22T18:10:33","date_gmt":"2020-02-22T17:10:33","guid":{"rendered":"https:\/\/274105-www.web.tornado-node.net\/fugl\/product\/papegoyefor-prestige-afrikansk-1kg\/"},"modified":"2025-11-11T13:16:16","modified_gmt":"2025-11-11T12:16:16","slug":"papegoyefor-prestige-afrikansk-1kg","status":"publish","type":"product","link":"https:\/\/fuglebutikken.no\/en\/butikk\/fugl-som-hobby\/fugl\/spise\/fuglemat-til-undulater-papeg-yer-og-burfugler\/fr-blandinger-og-pellets-daglig-f-r\/papegoye\/papegoyefor-prestige-afrikansk-1kg\/","title":{"rendered":"Papeg\u00f8yefor Prestige afrikansk 1kg"},"content":{"rendered":"<p>Ingredienser: Gul hirse, kanarifr\u00f8, hvit hirse, havre VAM pellets japansk hirse, safflower, bokhvete, paddy ris, havre, hamp fr\u00f8, linfr\u00f8, skjell.<\/p>\n<p>AfricanParakeet Loro Parque Mix er ogs\u00e5 beriket med:<\/p>\n<p>Vitamin K, B1, B2, B6, B12, C, PP, folinsyre, biotin og kolin.<\/p>\n<p>Mineraler: natrium, magnesium og kalium.<\/p>\n<p>Sporstoffer: jern, kobber, mangan, sink, jod og selen.<\/p>","protected":false},"excerpt":{"rendered":"<p>Papeg\u00f8yefor Prestige afrikansk 1kg er utelukkende laget av kvalitetsfr\u00f8, valgt \u00e5 ligne afrikanske papeg\u00f8yers naturlig kosthold. Det er et komplett f\u00f4r beriket med VAM granulater (vitaminer, mineraler og aminorsyror) for \u00e5 holde fugler friske og sunde. Blandingen arts tilpasset komponert i samr\u00e5d med det vitenskapelige teamet p\u00e5 Loroparque (Tenerife) og brukes i parken som grunnleggende f\u00f4r for alle papeg\u00f8yer.<\/p>","protected":false},"featured_media":23644,"comment_status":"closed","ping_status":"closed","template":"","meta":{"content-type":"","_uf_show_specific_survey":0,"_uf_disable_surveys":false,"_monsterinsights_skip_tracking":false,"_monsterinsights_sitenote_active":false,"_monsterinsights_sitenote_note":"","_monsterinsights_sitenote_category":0},"pwb-brand":[673],"product_brand":[],"product_cat":[3286,41,1147,3285,2328],"product_tag":[2132,581],"woo-feed-brand":[],"class_list":{"0":"post-410","1":"product","2":"type-product","3":"status-publish","4":"has-post-thumbnail","6":"pwb-brand-versele-laga","7":"product_cat-fr-blandinger-og-pellets-daglig-f-r","8":"product_cat-fugl","9":"product_cat-fugl-som-hobby","10":"product_cat-fuglemat-til-undulater-papeg-yer-og-burfugler","11":"product_cat-papegoye","12":"product_tag-fuglemat-og-fuglef-or","13":"product_tag-papegoye","15":"first","16":"instock","17":"taxable","18":"shipping-taxable","19":"purchasable","20":"product-type-simple"},"exclude_global_add_ons":[],"addons":[],"brands":[{"id":673,"name":"Versele-Laga","slug":"versele-laga"}],"_links":{"self":[{"href":"https:\/\/fuglebutikken.no\/en\/wp-json\/wp\/v2\/product\/410","targetHints":{"allow":["GET"]}}],"collection":[{"href":"https:\/\/fuglebutikken.no\/en\/wp-json\/wp\/v2\/product"}],"about":[{"href":"https:\/\/fuglebutikken.no\/en\/wp-json\/wp\/v2\/types\/product"}],"replies":[{"embeddable":true,"href":"https:\/\/fuglebutikken.no\/en\/wp-json\/wp\/v2\/comments?post=410"}],"wp:featuredmedia":[{"embeddable":true,"href":"https:\/\/fuglebutikken.no\/en\/wp-json\/wp\/v2\/media\/23644"}],"wp:attachment":[{"href":"https:\/\/fuglebutikken.no\/en\/wp-json\/wp\/v2\/media?parent=410"}],"wp:term":[{"taxonomy":"pwb-brand","embeddable":true,"href":"https:\/\/fuglebutikken.no\/en\/wp-json\/wp\/v2\/pwb-brand?post=410"},{"taxonomy":"product_brand","embeddable":true,"href":"https:\/\/fuglebutikken.no\/en\/wp-json\/wp\/v2\/product_brand?post=410"},{"taxonomy":"product_cat","embeddable":true,"href":"https:\/\/fuglebutikken.no\/en\/wp-json\/wp\/v2\/product_cat?post=410"},{"taxonomy":"product_tag","embeddable":true,"href":"https:\/\/fuglebutikken.no\/en\/wp-json\/wp\/v2\/product_tag?post=410"},{"taxonomy":"woo-feed-brand","embeddable":true,"href":"https:\/\/fuglebutikken.no\/en\/wp-json\/wp\/v2\/woo-feed-brand?post=410"}],"curies":[{"name":"wp","href":"https:\/\/api.w.org\/{rel}","templated":true}]}}