{"id":408,"date":"2020-02-22T18:10:33","date_gmt":"2020-02-22T17:10:33","guid":{"rendered":"https:\/\/274105-www.web.tornado-node.net\/fugl\/product\/papegoyefor-prestige-amazon-for-1kg\/"},"modified":"2025-11-11T13:15:24","modified_gmt":"2025-11-11T12:15:24","slug":"papegoyefor-prestige-amazon-for-1kg","status":"publish","type":"product","link":"https:\/\/fuglebutikken.no\/en\/butikk\/fugl-som-hobby\/fugl\/spise\/fuglemat-til-undulater-papeg-yer-og-burfugler\/fr-blandinger-og-pellets-daglig-f-r\/papegoye\/papegoyefor-prestige-amazon-for-1kg\/","title":{"rendered":"Papeg\u00f8yefor Prestige amazon for 1kg"},"content":{"rendered":"<p>Innhold: mais, hvete, mais, bokhvete, Maxi VAM pellets, paddy, solsikke, milomajs, Dari, kanarifuglen fr\u00f8, hamp fr\u00f8, gresskarfr\u00f8, hvit hirse, safflower fr\u00f8, hvite solsikkefr\u00f8, avskallede pean\u00f8tter, pinjekjerner, skallet, gul hirse, poppet hvete, Popcorn, nyper, r\u00f8d pepper.<\/p>\n<p>Amazon Parrot Loro Parque Mix er ogs\u00e5 beriket med:<\/p>\n<p>Vitamin K, B1, B2, B6, B12, C, PP, folinsyre, biotin og kolin.<\/p>\n<p>Mineraler: natrium, magnesium og kalium.<\/p>\n<p>Sporstoffer: jern, kobber, mangan, sink, jod og selen.<\/p>","protected":false},"excerpt":{"rendered":"<p>Papeg\u00f8yefor Prestige amazon for 1kg er utelukkende laget av kvalitet fr\u00f8, valgt \u00e5 ligne de s\u00f8ramerikanske store parakitter og papeg\u00f8yer \u2018naturlig kosthold. Det er et komplett f\u00f4r beriket med VAM granulater (vitaminer, mineraler og aminorsyror) for \u00e5 holde fugler friske og sundet. Blandingen er arta tilpasset komponert i samr\u00e5d med den vitenskapelige team av Loro Parque (Tenerife) og brukes i parken som grunnleggende feed for alle S\u00f8ramerikanske store parakitter og papeg\u00f8yer (Amazoner, pionus, caiques, aratingas).<\/p>","protected":false},"featured_media":23639,"comment_status":"closed","ping_status":"closed","template":"","meta":{"content-type":"","_uf_show_specific_survey":0,"_uf_disable_surveys":false,"_monsterinsights_skip_tracking":false,"_monsterinsights_sitenote_active":false,"_monsterinsights_sitenote_note":"","_monsterinsights_sitenote_category":0},"pwb-brand":[673],"product_brand":[],"product_cat":[3286,41,1147,3285,2328],"product_tag":[2132,581],"woo-feed-brand":[],"class_list":{"0":"post-408","1":"product","2":"type-product","3":"status-publish","4":"has-post-thumbnail","6":"pwb-brand-versele-laga","7":"product_cat-fr-blandinger-og-pellets-daglig-f-r","8":"product_cat-fugl","9":"product_cat-fugl-som-hobby","10":"product_cat-fuglemat-til-undulater-papeg-yer-og-burfugler","11":"product_cat-papegoye","12":"product_tag-fuglemat-og-fuglef-or","13":"product_tag-papegoye","15":"first","16":"instock","17":"taxable","18":"shipping-taxable","19":"purchasable","20":"product-type-simple"},"exclude_global_add_ons":[],"addons":[],"brands":[{"id":673,"name":"Versele-Laga","slug":"versele-laga"}],"_links":{"self":[{"href":"https:\/\/fuglebutikken.no\/en\/wp-json\/wp\/v2\/product\/408","targetHints":{"allow":["GET"]}}],"collection":[{"href":"https:\/\/fuglebutikken.no\/en\/wp-json\/wp\/v2\/product"}],"about":[{"href":"https:\/\/fuglebutikken.no\/en\/wp-json\/wp\/v2\/types\/product"}],"replies":[{"embeddable":true,"href":"https:\/\/fuglebutikken.no\/en\/wp-json\/wp\/v2\/comments?post=408"}],"wp:featuredmedia":[{"embeddable":true,"href":"https:\/\/fuglebutikken.no\/en\/wp-json\/wp\/v2\/media\/23639"}],"wp:attachment":[{"href":"https:\/\/fuglebutikken.no\/en\/wp-json\/wp\/v2\/media?parent=408"}],"wp:term":[{"taxonomy":"pwb-brand","embeddable":true,"href":"https:\/\/fuglebutikken.no\/en\/wp-json\/wp\/v2\/pwb-brand?post=408"},{"taxonomy":"product_brand","embeddable":true,"href":"https:\/\/fuglebutikken.no\/en\/wp-json\/wp\/v2\/product_brand?post=408"},{"taxonomy":"product_cat","embeddable":true,"href":"https:\/\/fuglebutikken.no\/en\/wp-json\/wp\/v2\/product_cat?post=408"},{"taxonomy":"product_tag","embeddable":true,"href":"https:\/\/fuglebutikken.no\/en\/wp-json\/wp\/v2\/product_tag?post=408"},{"taxonomy":"woo-feed-brand","embeddable":true,"href":"https:\/\/fuglebutikken.no\/en\/wp-json\/wp\/v2\/woo-feed-brand?post=408"}],"curies":[{"name":"wp","href":"https:\/\/api.w.org\/{rel}","templated":true}]}}