{"id":403,"date":"2020-02-22T18:10:33","date_gmt":"2020-02-22T17:10:33","guid":{"rendered":"https:\/\/274105-www.web.tornado-node.net\/fugl\/product\/papegoyefor-prestige\/"},"modified":"2025-11-11T13:17:13","modified_gmt":"2025-11-11T12:17:13","slug":"papegoyefor-prestige","status":"publish","type":"product","link":"https:\/\/fuglebutikken.no\/en\/butikk\/fugl-som-hobby\/fugl\/spise\/fuglemat-til-undulater-papeg-yer-og-burfugler\/fr-blandinger-og-pellets-daglig-f-r\/papegoye\/papegoyefor-prestige\/","title":{"rendered":"Papeg\u00f8yefor Prestige 2 kg"},"content":{"rendered":"<h2>Papeg\u00f8yefor Prestige 2 kg<\/h2>\n<p>prestige premium parrot, beriket papeg\u00f8yemat og fr\u00f8blanding med ekstruderte VAM-pellets uten n\u00f8tter<\/p>\n<p>Beriket fr\u00f8blanding: vitaminer, aminosyrer og mineraler = optimal tilstand<\/p>\n<p>Optimal tarmfunksjon og ford\u00f8yelse<\/p>\n<p>Formulert i samr\u00e5d med toppoppdrettere i Europa og brukt som basisf\u00f4r for alle deres parakitter<\/p>\n<p>Sammensetning: Solsikkefr\u00f8 17%, saflorfr\u00f8 14%, ris 10%, havre 9%, bokhvete 9%, maxi VAM pellets 8%, hvite solsikkefr\u00f8 6,5%, kanarifr\u00f8 5%, sorghum 3%, gul hirse 3%, gr\u00f8nne erter 2%, avskallet havre 2%, skjell 2%, r\u00f8d hirse 2%, mais 2%, gresskarkjerner 2%, popcorn 1%, nyper 1%, oppbl\u00e5st hvete 1%, r\u00f8d pepper 0,5%.<\/p>\n<p>Analytisk innhold: protein 13 %, fett 15 %, r\u00e5fiber 14,5 %, r\u00e5aske 6 %, kalsium 0,9 %, fosfor 0,4 %, lysin 0,45 %, metionin 0,30 %, treonin 0,40 %.<\/p>\n<p>Tilsetningsstoffer\/kg: ern\u00e6ringsmessige tilsetningsstoffer: vitamin A 8800 IE, vitamin D3 1600 IE, vitamin E 20 mg, 3b103 (jern) 20 mg, 3b202 (jod) 1,5 mg, 3b405 (kobber) 7 mg, 3b502 (mangan,) 48 mg 3b603 (sink) 45 mg, E8 (selen) 0,15 mg. Teknologiske tilsetningsstoffer: konserveringsmidler, antioksidanter. Sensoriske tilsetningsstoffer: fargestoffer.<\/p>","protected":false},"excerpt":{"rendered":"<h3>Papeg\u00f8yefor Prestige 2 kg<\/h3>\n<p>Papeg\u00f8yefor Prestige 2 kg er en beriket fr\u00f8blanding med ekstra f\u00f4r elementer som kreves for papeg\u00f8yen til \u00e5 holde seg i form. Denne blanding er sammensatt med n\u00f8ye utvalgte fr\u00f8 og er beriket med ekstra vitaminer, aminosyrer og mineraler bearbeides til Maxi VAM pellets. Pellets inneholder ogs\u00e5 Florastimul som garanterer en optimal ford\u00f8yelseskanal funksjon og utmerket tilstand. Vasket skjell som garanterer en velfungerende mage og tarm og riktig kalsium \/ fosfor balanse.<\/p>","protected":false},"featured_media":23652,"comment_status":"closed","ping_status":"closed","template":"","meta":{"content-type":"","_uf_show_specific_survey":0,"_uf_disable_surveys":false,"_monsterinsights_skip_tracking":false,"_monsterinsights_sitenote_active":false,"_monsterinsights_sitenote_note":"","_monsterinsights_sitenote_category":0},"pwb-brand":[673],"product_brand":[],"product_cat":[3286,3285,2328,1147,41],"product_tag":[2132,581],"woo-feed-brand":[],"class_list":{"0":"post-403","1":"product","2":"type-product","3":"status-publish","4":"has-post-thumbnail","6":"pwb-brand-versele-laga","7":"product_cat-fr-blandinger-og-pellets-daglig-f-r","8":"product_cat-fuglemat-til-undulater-papeg-yer-og-burfugler","9":"product_cat-papegoye","10":"product_cat-fugl-som-hobby","11":"product_cat-fugl","12":"product_tag-fuglemat-og-fuglef-or","13":"product_tag-papegoye","15":"first","16":"instock","17":"taxable","18":"shipping-taxable","19":"purchasable","20":"product-type-simple"},"exclude_global_add_ons":[],"addons":[],"brands":[{"id":673,"name":"Versele-Laga","slug":"versele-laga"}],"_links":{"self":[{"href":"https:\/\/fuglebutikken.no\/en\/wp-json\/wp\/v2\/product\/403","targetHints":{"allow":["GET"]}}],"collection":[{"href":"https:\/\/fuglebutikken.no\/en\/wp-json\/wp\/v2\/product"}],"about":[{"href":"https:\/\/fuglebutikken.no\/en\/wp-json\/wp\/v2\/types\/product"}],"replies":[{"embeddable":true,"href":"https:\/\/fuglebutikken.no\/en\/wp-json\/wp\/v2\/comments?post=403"}],"wp:featuredmedia":[{"embeddable":true,"href":"https:\/\/fuglebutikken.no\/en\/wp-json\/wp\/v2\/media\/23652"}],"wp:attachment":[{"href":"https:\/\/fuglebutikken.no\/en\/wp-json\/wp\/v2\/media?parent=403"}],"wp:term":[{"taxonomy":"pwb-brand","embeddable":true,"href":"https:\/\/fuglebutikken.no\/en\/wp-json\/wp\/v2\/pwb-brand?post=403"},{"taxonomy":"product_brand","embeddable":true,"href":"https:\/\/fuglebutikken.no\/en\/wp-json\/wp\/v2\/product_brand?post=403"},{"taxonomy":"product_cat","embeddable":true,"href":"https:\/\/fuglebutikken.no\/en\/wp-json\/wp\/v2\/product_cat?post=403"},{"taxonomy":"product_tag","embeddable":true,"href":"https:\/\/fuglebutikken.no\/en\/wp-json\/wp\/v2\/product_tag?post=403"},{"taxonomy":"woo-feed-brand","embeddable":true,"href":"https:\/\/fuglebutikken.no\/en\/wp-json\/wp\/v2\/woo-feed-brand?post=403"}],"curies":[{"name":"wp","href":"https:\/\/api.w.org\/{rel}","templated":true}]}}