{"id":399,"date":"2020-02-22T18:10:34","date_gmt":"2020-02-22T17:10:34","guid":{"rendered":"https:\/\/274105-www.web.tornado-node.net\/fugl\/product\/parakittfor-prestige-store-parakitter-2-5kg\/"},"modified":"2026-01-22T14:45:44","modified_gmt":"2026-01-22T13:45:44","slug":"parakittfor-prestige-store-parakitter","status":"publish","type":"product","link":"https:\/\/fuglebutikken.no\/en\/butikk\/fugl-som-hobby\/fugl\/spise\/fuglemat-til-undulater-papeg-yer-og-burfugler\/fr-blandinger-og-pellets-daglig-f-r\/papegoye\/parakittfor-prestige-store-parakitter\/","title":{"rendered":"Parakittfor Prestige store parakitter"},"content":{"rendered":"<\/p>\n<h2 class=\"\">Parakittfor Prestige store parakitter<\/h2>\n<\/p>\n<p><b>Prestige Loro Parque Australian Parakeet Mix<\/b><\/p>\n<p>Fr\u00f8blanding for australske parakitter, utviklet i samarbeid med vitenskapsteamet ved Loro Parque p\u00e5 Teneriffa. Blandingen best\u00e5r av varierende fr\u00f8typer supplert med 8% ekstruderte VAM-pellets (vitaminer, aminosyrer og mineraler).<\/p>\n<p>F\u00f4ret brukes som grunnf\u00f4r for australske parakitter i Loro Parque, inkludert nymfeparakitter (Nymphicus hollandicus), rosellaer (Platycercus spp.) og andre st\u00f8rre australske parakit arter. Versele-Laga er eksklusiv produsent av fr\u00f8blandingene som benyttes i parken og ved avlsstasjonen p\u00e5 Teneriffa.<\/p>\n<p><b>Sammensetning<\/b><\/p>\n<p>Gul hirse, skrellet havre, hvit hirse, saflor, stripete solsikkefr\u00f8, VAM-pellets, kanarifr\u00f8, bokhvete, r\u00f8d hirse, linfr\u00f8, \u00f8stersskjell.<\/p>\n<p><b>Analytiske bestanddeler<\/b><\/p>\n<p>Protein 13%, fettinnhold 10%, r\u00e5fiber 10%, r\u00e5aske 6%, kalsium 0,9%, fosfor 0,4%, lysin 0,40%, metionin 0,35%, treonin 0,40%.<\/p>\n<p><b>Tilsetningsstoffer per kg<\/b><\/p>\n<p>Vitamin A 8.800 IE, vitamin D3 1.600 IE, vitamin E 20 mg, jern (3b103) 20 mg, jod (3b202) 1,5 mg, kobber (3b405) 7 mg, mangan (3b502) 48 mg, sink (3b603) 45 mg, sepiolitt (E562) 126 mg, bentonitt (1m558i) 1,6 g, antioksidanter.<\/p>\n<p><b>Bruk<\/b><\/p>\n<p>Gi fritt tilgjengelig. Fornye regelmessig. S\u00f8rg for at fuglen alltid har tilgang til friskt drikkevann.<\/p>\n<p><b>Om VAM-pellets<\/b><\/p>\n<p>VAM-pellets er ekstruderte tilskuddspellets som sikrer tilstrekkelig inntak av essensielle vitaminer, aminosyrer og mineraler. Pelletsene er inkludert for \u00e5 kompensere for eventuelle n\u00e6ringsmessige mangler i en fr\u00f8-basert diett.<\/p>","protected":false},"excerpt":{"rendered":"<h3 class=\"\">Parakittfor Prestige store parakitter<\/h3>\n<p>Prestige Loro Parque Australian Parakeet Mix &#8211; Fr\u00f8blanding med 8% VAM-pellets for australske parakitter. Utviklet med Loro Parque. For nymfeparakitter og rosellaer. Leverbar i 1kg og 2,5kg.<\/p>\n<ul>\n<li>Fr\u00f8blanding utviklet med vitenskapsteamet ved Loro Parque, Teneriffa<\/li>\n<li>8% VAM-pellets sikrer tilf\u00f8rsel av vitaminer, aminosyrer og mineraler<\/li>\n<li>H\u00f8ykvalitets fr\u00f8 tilpasset australske parakitters naturlige kosthold<\/li>\n<li>Brukes som grunnf\u00f4r i Loro Parque for nymfeparakitter og rosellaer<\/li>\n<li>Leveres i 1kg og 2,5kg pakninger<\/li>\n<\/ul>","protected":false},"featured_media":26829,"comment_status":"closed","ping_status":"closed","template":"","meta":{"content-type":"","_uf_show_specific_survey":0,"_uf_disable_surveys":false,"_monsterinsights_skip_tracking":false,"_monsterinsights_sitenote_active":false,"_monsterinsights_sitenote_note":"","_monsterinsights_sitenote_category":0},"pwb-brand":[673],"product_brand":[],"product_cat":[3286,41,1147,3285,3299,2328],"product_tag":[2132,580],"woo-feed-brand":[],"class_list":{"0":"post-399","1":"product","2":"type-product","3":"status-publish","4":"has-post-thumbnail","6":"pwb-brand-versele-laga","7":"product_cat-fr-blandinger-og-pellets-daglig-f-r","8":"product_cat-fugl","9":"product_cat-fugl-som-hobby","10":"product_cat-fuglemat-til-undulater-papeg-yer-og-burfugler","11":"product_cat-spise","12":"product_cat-papegoye","13":"product_tag-fuglemat-og-fuglef-or","14":"product_tag-parakitt","16":"first","17":"instock","18":"taxable","19":"shipping-taxable","20":"purchasable","21":"product-type-variable","22":"has-default-attributes"},"exclude_global_add_ons":[],"addons":[],"brands":[{"id":673,"name":"Versele-Laga","slug":"versele-laga"}],"_links":{"self":[{"href":"https:\/\/fuglebutikken.no\/en\/wp-json\/wp\/v2\/product\/399","targetHints":{"allow":["GET"]}}],"collection":[{"href":"https:\/\/fuglebutikken.no\/en\/wp-json\/wp\/v2\/product"}],"about":[{"href":"https:\/\/fuglebutikken.no\/en\/wp-json\/wp\/v2\/types\/product"}],"replies":[{"embeddable":true,"href":"https:\/\/fuglebutikken.no\/en\/wp-json\/wp\/v2\/comments?post=399"}],"wp:featuredmedia":[{"embeddable":true,"href":"https:\/\/fuglebutikken.no\/en\/wp-json\/wp\/v2\/media\/26829"}],"wp:attachment":[{"href":"https:\/\/fuglebutikken.no\/en\/wp-json\/wp\/v2\/media?parent=399"}],"wp:term":[{"taxonomy":"pwb-brand","embeddable":true,"href":"https:\/\/fuglebutikken.no\/en\/wp-json\/wp\/v2\/pwb-brand?post=399"},{"taxonomy":"product_brand","embeddable":true,"href":"https:\/\/fuglebutikken.no\/en\/wp-json\/wp\/v2\/product_brand?post=399"},{"taxonomy":"product_cat","embeddable":true,"href":"https:\/\/fuglebutikken.no\/en\/wp-json\/wp\/v2\/product_cat?post=399"},{"taxonomy":"product_tag","embeddable":true,"href":"https:\/\/fuglebutikken.no\/en\/wp-json\/wp\/v2\/product_tag?post=399"},{"taxonomy":"woo-feed-brand","embeddable":true,"href":"https:\/\/fuglebutikken.no\/en\/wp-json\/wp\/v2\/woo-feed-brand?post=399"}],"curies":[{"name":"wp","href":"https:\/\/api.w.org\/{rel}","templated":true}]}}