{"id":392,"date":"2020-02-22T18:10:34","date_gmt":"2020-02-22T17:10:34","guid":{"rendered":"https:\/\/274105-www.web.tornado-node.net\/fugl\/product\/undulatfor-prestige\/"},"modified":"2025-11-11T12:49:17","modified_gmt":"2025-11-11T11:49:17","slug":"prestige-undulat","status":"publish","type":"product","link":"https:\/\/fuglebutikken.no\/en\/butikk\/fugl-som-hobby\/fugl\/spise\/fuglemat-til-undulater-papeg-yer-og-burfugler\/fr-blandinger-og-pellets-daglig-f-r\/undulat-f-r\/prestige-undulat\/","title":{"rendered":"Prestige Undulat fr\u00f8blanding"},"content":{"rendered":"<h2>Prestige Undulat fr\u00f8blanding<\/h2>\n<p>Versele-Laga Prestige Premium Budgies Budgie Mix &#8211; Vitaminberiket f\u00f4r av h\u00f8yeste kvalitet for undulater. Budgie Seed Mix Denne f\u00f8rsteklasses fr\u00f8blandingen er spesielt tilpasset undulaters spesifikke ern\u00e6ringsbehov. Prestige Premium Budgie med VAM-pellets, frukt full av ekstra vitaminer, aminosyrer og mineraler. Versele-Laga Prestige Premium undulater, undulater.<\/p>\n<p>Ingredienser<br \/>\nPlata Hirse 52%, R\u00f8d Hirse 16%, S\u00f8lvhirse 12%, Havrekjerner 9%, Kanarifr\u00f8 5%, Linfr\u00f8 3%, Kardy 2,5%, Nigerfr\u00f8 0,5%,<\/p>\n<p>Analyse<\/p>\n<p>r\u00e5protein 12.5 %<br \/>\nr\u00e5fett 13.0 %<br \/>\nr\u00e5fiber 10.0 %<br \/>\nr\u00e5aske 3.0 %<br \/>\nkalsium 0.101 %<br \/>\nfosfor 0.338 %<br \/>\nmagnesium 0.162 %<br \/>\nkalium 0.436 %<br \/>\nlysin 0.376 %<br \/>\nmetionin 0.285 %<br \/>\nnatrium 0.018 %<br \/>\noljer og fett 6.5 %<\/p>","protected":false},"excerpt":{"rendered":"<h2>Prestige Undulat fr\u00f8blanding<\/h2>\n<p>Denne premium Prestige Undulat fr\u00f8blanding har et variert og balansert sammensetning tilpasset for undulaten sin spesielle ern\u00e6ringsmessige behov.<\/p>\n<p>Med VAM og frukt pellets fulle av ekstra vitaminer, aminosyrer, mineraler og Florastimul for optimal helse og ford\u00f8yelse, chiafr\u00f6 ekstra tilskudd av omega-3 fettsyrer og \u00f8sters shell for avlingen skal fungere riktig og for retten kalsium \/ fosfor balanse.<\/p>\n<p>Bruk:<\/p>\n<p>Avhengig av fugl type og alder, de daglige rasjonene varierer mye. P\u00e5 grunn av dette, b\u00f8r man gi en stor porsjon i begynnelsen for \u00e5 senere bestemme avtale Kingdom daglige rasjon. Gi fersk mat og friskt vann hver dag.<\/p>","protected":false},"featured_media":23522,"comment_status":"closed","ping_status":"closed","template":"","meta":{"content-type":"","_uf_show_specific_survey":0,"_uf_disable_surveys":false,"_monsterinsights_skip_tracking":false,"_monsterinsights_sitenote_active":false,"_monsterinsights_sitenote_note":"","_monsterinsights_sitenote_category":0},"pwb-brand":[673],"product_brand":[],"product_cat":[3286,41,1147,3285,3287],"product_tag":[453,2132,96],"woo-feed-brand":[],"class_list":{"0":"post-392","1":"product","2":"type-product","3":"status-publish","4":"has-post-thumbnail","6":"pwb-brand-versele-laga","7":"product_cat-fr-blandinger-og-pellets-daglig-f-r","8":"product_cat-fugl","9":"product_cat-fugl-som-hobby","10":"product_cat-fuglemat-til-undulater-papeg-yer-og-burfugler","11":"product_cat-undulat-f-r","12":"product_tag-froblanding","13":"product_tag-fuglemat-og-fuglef-or","14":"product_tag-undulat","16":"first","17":"instock","18":"taxable","19":"shipping-taxable","20":"purchasable","21":"product-type-variable","22":"has-default-attributes"},"exclude_global_add_ons":[],"addons":[],"brands":[{"id":673,"name":"Versele-Laga","slug":"versele-laga"}],"_links":{"self":[{"href":"https:\/\/fuglebutikken.no\/en\/wp-json\/wp\/v2\/product\/392","targetHints":{"allow":["GET"]}}],"collection":[{"href":"https:\/\/fuglebutikken.no\/en\/wp-json\/wp\/v2\/product"}],"about":[{"href":"https:\/\/fuglebutikken.no\/en\/wp-json\/wp\/v2\/types\/product"}],"replies":[{"embeddable":true,"href":"https:\/\/fuglebutikken.no\/en\/wp-json\/wp\/v2\/comments?post=392"}],"wp:featuredmedia":[{"embeddable":true,"href":"https:\/\/fuglebutikken.no\/en\/wp-json\/wp\/v2\/media\/23522"}],"wp:attachment":[{"href":"https:\/\/fuglebutikken.no\/en\/wp-json\/wp\/v2\/media?parent=392"}],"wp:term":[{"taxonomy":"pwb-brand","embeddable":true,"href":"https:\/\/fuglebutikken.no\/en\/wp-json\/wp\/v2\/pwb-brand?post=392"},{"taxonomy":"product_brand","embeddable":true,"href":"https:\/\/fuglebutikken.no\/en\/wp-json\/wp\/v2\/product_brand?post=392"},{"taxonomy":"product_cat","embeddable":true,"href":"https:\/\/fuglebutikken.no\/en\/wp-json\/wp\/v2\/product_cat?post=392"},{"taxonomy":"product_tag","embeddable":true,"href":"https:\/\/fuglebutikken.no\/en\/wp-json\/wp\/v2\/product_tag?post=392"},{"taxonomy":"woo-feed-brand","embeddable":true,"href":"https:\/\/fuglebutikken.no\/en\/wp-json\/wp\/v2\/woo-feed-brand?post=392"}],"curies":[{"name":"wp","href":"https:\/\/api.w.org\/{rel}","templated":true}]}}