{"id":388,"date":"2020-02-22T18:10:34","date_gmt":"2020-02-22T17:10:34","guid":{"rendered":"https:\/\/274105-www.web.tornado-node.net\/fugl\/product\/kanarifor-prestige\/"},"modified":"2025-11-11T14:31:03","modified_gmt":"2025-11-11T13:31:03","slug":"kanarifor-prestige","status":"publish","type":"product","link":"https:\/\/fuglebutikken.no\/en\/butikk\/fugl-som-hobby\/fugl\/spise\/fuglemat-til-undulater-papeg-yer-og-burfugler\/fr-blandinger-og-pellets-daglig-f-r\/fink-og-kanari-f-r\/kanarifor-prestige\/","title":{"rendered":"Kanarifor Prestige"},"content":{"rendered":"<h2>Kanarifor Prestige<\/h2>\n<p>Sammensetning:<br \/>\nKanarifr\u00f8 59,5 %, raps 11 %, V.A.M. pellets 8 %, havregryn 8 %, linfr\u00f8 5 %, store svarte rapsfr\u00f8 2 %, \u00f8stersskall 2 %, perillafr\u00f8 2 %, gulrotfr\u00f8 1,5 %, chia 1 %<\/p>\n<p>Analytiske komponenter:<br \/>\nProtein 17 %, fettinnhold 13 %, r\u00e5fiber 6 %, r\u00e5aske 7 %, kalsium 1 %, fosfor 0,50 %, lysin 0,50 %, metionin 0,35 %, treonin 0,50 %<\/p>\n<p>Tilsetningsstoffer \/ kg; n\u00e6ringsstoffer:<br \/>\nVitamin A 8800 IE, vitamin D3 1600 IE, vitamin E 20 mg, vitamin K 0,96 mg, vitamin B1 1,30 mg, vitamin B2 5 mg, vitamin B3 7 mg, vitamin B6 2 mg, vitamin B12 0,02 mg, vitamin PP 26 mg, folsyre 0,50 mg, biotin 0,04 mg, kolin 350 mg, 3b103 (jern) 20 mg, 3b202 (jod) 1,5 mg, 3b405 (kobber) 7 mg, 3b502 (mangan) 48 mg, 3b603 (mgsinc) 45 (mgsinc) 45<\/p>\n<p>Teknologiske tilsetningsstoffer: antioksidanter, konserveringsmidler<br \/>\nSensoriske tilsetningsstoffer: fargestoffer<\/p>\n<p>Brukerveiledning:<br \/>\nHa alltid friskt drikkevann tilgjengelig<\/p>","protected":false},"excerpt":{"rendered":"<h3>Kanarifor Prestige<\/h3>\n<p>Denne premium fr\u00f8blanding har et variert og balansert sammensetning tilpasset kanarief\u00e5glars spesielle ern\u00e6ringsmessige behov. Med VAM og frukt pellets fulle av ekstra vitaminer, aminosyrer, mineraler og Florastimul for optimal helse og ford\u00f8yelse, chiafr\u00f6 ekstra tilskudd av omega-3 fettsyrer og \u00f8sters shell for avlingen skal fungere riktig og for retten kalsium \/ fosfor balanse.<\/p>\n<p>Bruk: Avhengig av fugl type og alder, de daglige rasjonene varierer mye. P\u00e5 grunn av dette, m\u00e5 man gi en stor porsjon i begynnelsen for \u00e5 senere \u00e5 bestemme den ideelle daglige rasjon. Gi fersk mat og friskt vann hver dag.<\/p>\n<p>Beriket fr\u00f8blanding: vitaminer, aminosyrer og mineraler<br \/>\nBidrar til optimal tarmfunksjon og ford\u00f8yelse<\/p>","protected":false},"featured_media":23921,"comment_status":"closed","ping_status":"closed","template":"","meta":{"content-type":"","_uf_show_specific_survey":0,"_uf_disable_surveys":false,"_monsterinsights_skip_tracking":false,"_monsterinsights_sitenote_active":false,"_monsterinsights_sitenote_note":"","_monsterinsights_sitenote_category":0},"pwb-brand":[673],"product_brand":[],"product_cat":[3290,3286,41,1147,3285],"product_tag":[615,2132,3295],"woo-feed-brand":[],"class_list":{"0":"post-388","1":"product","2":"type-product","3":"status-publish","4":"has-post-thumbnail","6":"pwb-brand-versele-laga","7":"product_cat-fink-og-kanari-f-r","8":"product_cat-fr-blandinger-og-pellets-daglig-f-r","9":"product_cat-fugl","10":"product_cat-fugl-som-hobby","11":"product_cat-fuglemat-til-undulater-papeg-yer-og-burfugler","12":"product_tag-finkefor","13":"product_tag-fuglemat-og-fuglef-or","14":"product_tag-kanarifugl","16":"first","17":"instock","18":"taxable","19":"shipping-taxable","20":"purchasable","21":"product-type-variable","22":"has-default-attributes"},"exclude_global_add_ons":[],"addons":[],"brands":[{"id":673,"name":"Versele-Laga","slug":"versele-laga"}],"_links":{"self":[{"href":"https:\/\/fuglebutikken.no\/en\/wp-json\/wp\/v2\/product\/388","targetHints":{"allow":["GET"]}}],"collection":[{"href":"https:\/\/fuglebutikken.no\/en\/wp-json\/wp\/v2\/product"}],"about":[{"href":"https:\/\/fuglebutikken.no\/en\/wp-json\/wp\/v2\/types\/product"}],"replies":[{"embeddable":true,"href":"https:\/\/fuglebutikken.no\/en\/wp-json\/wp\/v2\/comments?post=388"}],"wp:featuredmedia":[{"embeddable":true,"href":"https:\/\/fuglebutikken.no\/en\/wp-json\/wp\/v2\/media\/23921"}],"wp:attachment":[{"href":"https:\/\/fuglebutikken.no\/en\/wp-json\/wp\/v2\/media?parent=388"}],"wp:term":[{"taxonomy":"pwb-brand","embeddable":true,"href":"https:\/\/fuglebutikken.no\/en\/wp-json\/wp\/v2\/pwb-brand?post=388"},{"taxonomy":"product_brand","embeddable":true,"href":"https:\/\/fuglebutikken.no\/en\/wp-json\/wp\/v2\/product_brand?post=388"},{"taxonomy":"product_cat","embeddable":true,"href":"https:\/\/fuglebutikken.no\/en\/wp-json\/wp\/v2\/product_cat?post=388"},{"taxonomy":"product_tag","embeddable":true,"href":"https:\/\/fuglebutikken.no\/en\/wp-json\/wp\/v2\/product_tag?post=388"},{"taxonomy":"woo-feed-brand","embeddable":true,"href":"https:\/\/fuglebutikken.no\/en\/wp-json\/wp\/v2\/woo-feed-brand?post=388"}],"curies":[{"name":"wp","href":"https:\/\/api.w.org\/{rel}","templated":true}]}}