{"id":3839,"date":"2021-01-04T14:33:27","date_gmt":"2021-01-04T13:33:27","guid":{"rendered":"https:\/\/fuglebutikken.no\/butik\/simple-solution-ekstrem-flekk-og-lukt-fjerner\/"},"modified":"2025-06-13T14:37:12","modified_gmt":"2025-06-13T12:37:12","slug":"simple-solution-ekstrem-flekk-og-lukt-fjerner","status":"publish","type":"product","link":"https:\/\/fuglebutikken.no\/en\/butikk\/hygiene-og-pels\/avvisning\/simple-solution-ekstrem-flekk-og-lukt-fjerner\/","title":{"rendered":"Simple Solution Ekstrem Flekkfjerner &amp; Luktfjerner"},"content":{"rendered":"<p><strong>DESIGNET FOR DE ST\u00d8RSTE LUKTENE OG \u00d8KOLOGISKE FLEKKER<\/strong> &#8211; Simple Solution pet Extreme Stain and Odor remover er tre ganger sterkere enn v\u00e5r vanlige formel for \u00e5 eliminere hund- og kattelukt og flekker.<br \/>\n<strong>PROFESJONELL STYRKEFORMEL<\/strong> &#8211; Ekstrem flekk- og luktfjerner er tilsatt patentert Pro-Bacteria \u2122 og enzymformel som bryter ned og eliminerer flekker og lukt.<br \/>\nSpesifikt for kj\u00e6ledyrlukt og organiske flekker &#8211; Fjerner raskt urin fra hund og katt, avf\u00f8ring og oppkast p\u00e5 tepper, m\u00f8beltrekk, senget\u00f8y, stoffleker, kl\u00e6r eller andre overflater i hjemmet ditt<br \/>\n<strong>NY PATENTERT MULTIFUNKSJONELL SPR\u00d8YTER<\/strong> &#8211; N\u00e5 designet med en ny patentert 3-i-1 dysespr\u00f8yte (skum, t\u00e5ke og str\u00f8m).<\/p>\n<p><strong>Ingredienser<\/strong><br \/>\nRenset vann, naturlige ikke-patogene bakterier, denaturert etanol, naturlige enzymer, vaskemiddel og duft<\/p>\n<p><strong>Bruksanvisning<\/strong><br \/>\nSpray det tilsmussede omr\u00e5det til omr\u00e5det er mettet. N\u00e5r du behandler teppe, m\u00e5 du spraye over 2x st\u00f8rrelsen p\u00e5 det tilgrisede omr\u00e5det og s\u00f8rge for \u00e5 mette teppeunderlaget og polstringen.<br \/>\nLa det sitte i fem minutter for at enzymer og pro-bakterier skal bryte ned de organiske proteinene. T\u00f8rk overfl\u00f8dig fuktighet med en fargesikker klut.<br \/>\nLa omr\u00e5det t\u00f8rke helt og st\u00f8vsug deretter grundig. N\u00e5r det er t\u00f8rt, vil flekken og lukten forsvinne, GARANTERT.<\/p>","protected":false},"excerpt":{"rendered":"<p>Simple Solution Ekstrem Flekkfjerner &amp; Luktfjerner rengj\u00f8r trygt og enkelt urin, avf\u00f8ring og oppkast. Ekstrem flekk- og luktfjerner er 3 ganger sterkere enn Simple Solution\u2019s vanlige flekk- og luktfjerner, med en profesjonell styrke Pro-Bacteria \u2122 og enzymformel som bryter ned, n\u00f8ytraliserer og fjerner flekker og lukt permanent, samtidig som risiko for gjentatte uhell eller markeringer reduseres. Fungerer p\u00e5 teppe, m\u00f8beltrekk og andre overflater i hjemmet ditt uten \u00e5 sette spor eller merker. Trygt rundt barn og kj\u00e6ledyr n\u00e5r det brukes som anvist. 945 ml<\/p>","protected":false},"featured_media":20228,"comment_status":"closed","ping_status":"closed","template":"","meta":{"content-type":"","_uf_show_specific_survey":0,"_uf_disable_surveys":false,"_monsterinsights_skip_tracking":false,"_monsterinsights_sitenote_active":false,"_monsterinsights_sitenote_note":"","_monsterinsights_sitenote_category":0},"pwb-brand":[717],"product_brand":[],"product_cat":[1958,1968,2323,2192],"product_tag":[459,207],"woo-feed-brand":[],"class_list":{"0":"post-3839","1":"product","2":"type-product","3":"status-publish","4":"has-post-thumbnail","6":"pwb-brand-simple-solution","7":"product_cat-avvisning-og-urinfjerning-hygiene-hund","8":"product_cat-avvisning","9":"product_cat-flekk-og-lukt-fjerner","10":"product_cat-hygiene-og-pels","11":"product_tag-holde-rent","12":"product_tag-valp","14":"first","15":"instock","16":"sale","17":"taxable","18":"shipping-taxable","19":"purchasable","20":"product-type-variable","21":"has-default-attributes"},"exclude_global_add_ons":[],"addons":[],"brands":[{"id":717,"name":"Simple Solution","slug":"simple-solution"}],"_links":{"self":[{"href":"https:\/\/fuglebutikken.no\/en\/wp-json\/wp\/v2\/product\/3839","targetHints":{"allow":["GET"]}}],"collection":[{"href":"https:\/\/fuglebutikken.no\/en\/wp-json\/wp\/v2\/product"}],"about":[{"href":"https:\/\/fuglebutikken.no\/en\/wp-json\/wp\/v2\/types\/product"}],"replies":[{"embeddable":true,"href":"https:\/\/fuglebutikken.no\/en\/wp-json\/wp\/v2\/comments?post=3839"}],"wp:featuredmedia":[{"embeddable":true,"href":"https:\/\/fuglebutikken.no\/en\/wp-json\/wp\/v2\/media\/20228"}],"wp:attachment":[{"href":"https:\/\/fuglebutikken.no\/en\/wp-json\/wp\/v2\/media?parent=3839"}],"wp:term":[{"taxonomy":"pwb-brand","embeddable":true,"href":"https:\/\/fuglebutikken.no\/en\/wp-json\/wp\/v2\/pwb-brand?post=3839"},{"taxonomy":"product_brand","embeddable":true,"href":"https:\/\/fuglebutikken.no\/en\/wp-json\/wp\/v2\/product_brand?post=3839"},{"taxonomy":"product_cat","embeddable":true,"href":"https:\/\/fuglebutikken.no\/en\/wp-json\/wp\/v2\/product_cat?post=3839"},{"taxonomy":"product_tag","embeddable":true,"href":"https:\/\/fuglebutikken.no\/en\/wp-json\/wp\/v2\/product_tag?post=3839"},{"taxonomy":"woo-feed-brand","embeddable":true,"href":"https:\/\/fuglebutikken.no\/en\/wp-json\/wp\/v2\/woo-feed-brand?post=3839"}],"curies":[{"name":"wp","href":"https:\/\/api.w.org\/{rel}","templated":true}]}}