{"id":3818,"date":"2021-01-02T22:03:34","date_gmt":"2021-01-02T21:03:34","guid":{"rendered":"https:\/\/fuglebutikken.no\/butik\/simple-solution-stain-and-odour-remover-spring-breeze\/"},"modified":"2025-08-16T11:28:14","modified_gmt":"2025-08-16T09:28:14","slug":"simple-solution-stain-and-odour-remover-spring-breeze","status":"publish","type":"product","link":"https:\/\/fuglebutikken.no\/en\/butikk\/fugl-som-hobby\/fugl\/pleie\/simple-solution-stain-and-odour-remover-spring-breeze\/","title":{"rendered":"Simple Solution Stain and Odour Remover Spring Breeze"},"content":{"rendered":"<div id=\"description_full\" class=\"dropdown collapse\">Produktbeskrivelse<\/div>\n<div class=\"dropdown-content\">\n<p><strong>F\u00f8r bruk:<\/strong> Fjern all smuss eller v\u00e6ske du f\u00e5r vekk fra overflaten du vil rengj\u00f8re. Fukt omr\u00e5det godt og pr\u00f8v om fargen holder seg p\u00e5 et passende sted. Ikke bruk middelet p\u00e5 ull- eller skinnflater.<\/p>\n<p><strong>Bruk:<\/strong><br \/>\nBre middelet utover slik at hele det tils\u00f8lte omr\u00e5det er v\u00e5tt. Dersom du skal rense et teppe med middelet, skal du bre det utover et omr\u00e5de som er dobbelt s\u00e5 stort som det tils\u00f8lte omr\u00e5det. Middelet m\u00e5 trekke seg inn i teppet helt til undersiden. vent i minst 5 minutter, helt til enzymene og bakteriene har brutt ned de organiske proteinene. Trykk med et klut som ikke gir fra seg farge p\u00e5 omr\u00e5det for \u00e5 fjerne overfl\u00f8dig fuktighet. La det rengjorte omr\u00e5det t\u00f8rke selv. (dette kan ta 24-48 timer) N\u00e5r omr\u00e5det er t\u00f8rt, er flekken og lukten borte.<\/p>\n<p>Dersom du fremdeles kan kjenne lukten, har du brukt for lite av middelet. Bre middelet utover om igjen, slik at omr\u00e5det du skal behandle er helt v\u00e5tt.<\/p>\n<p>Teppevaskemaskiner: behandle flekkomr\u00e5der p\u00e5 forh\u00e5nd etter instruksjonene over. Tilsett 2-4 dl av middelet i en 4,5 liters blanding av vaskemiddel og vann for \u00e5 oppn\u00e5 en bedre vaskeeffekt.<\/p>\n<p>F<strong>orh\u00e5ndsbehandling av vask:<\/strong> Behandle flekker med middelet, la det virke i 10 minutter og vask p\u00e5 vanlig m\u00e5te.<\/p>\n<p><strong>Ingredienser:<\/strong> renset vann, naturlige, ikke patagoniske bakterier, denaturert etanol, naturlige enzymer, vaskemiddel og parfyme.<\/p>\n<p><strong>Merk:<\/strong> Kan virke irriterende p\u00e5 \u00f8ynene. Unng\u00e5 \u00e5 f\u00e5 stoffet i \u00f8ynene. Skyll med vann dersom du f\u00e5r stoffet i \u00f8ynene. Alle rengj\u00f8ringsprodukter b\u00f8r oppbevares p\u00e5 et trygt sted utilgjengelig for dyr og barn.<\/p>\n<\/div>","protected":false},"excerpt":{"rendered":"<p>Simple Solution Stain and Odour Remover Spring Breeze<br \/>\n750 ml<\/p>\n<p>Lukt og flekk fjerner til alle typer kj\u00e6ledyr<br \/>\nFlekk- og luktfjernemiddel med en frisk duft av v\u00e5rlig bris til hjem med kj\u00e6ledyr. Simple Solution Stain&amp;Odor Spring Breeze er utviklet for fjerning av oppkast-, urin- og avf\u00f8ringsflekker etter kj\u00e6ledyr. Fjerner lukt som lokker dyret til \u00e5 merke det samme stedet om igjen. Sammensetningen, som inneholder nyttige bakterier og enzymer, er effektiv i bruk. Til matter, m\u00f8bler, senget\u00f8y, kl\u00e6r og alle overflater som t\u00e5ler vann.<\/p>\n<div class=\"shopbox review-container\">\n<div class=\"lh-2\">\n<div id=\"grade_1\" class=\"icon star large\" title=\"Snittvurdering: 2.3 (3 Stemmer). Gi en vurdering p\u00e5 dette produktet ved \u00e5 klikke p\u00e5 stjernene.\"><\/div>\n<\/div>\n<\/div>","protected":false},"featured_media":20808,"comment_status":"closed","ping_status":"closed","template":"","meta":{"content-type":"","_uf_show_specific_survey":0,"_uf_disable_surveys":false,"_monsterinsights_skip_tracking":false,"_monsterinsights_sitenote_active":false,"_monsterinsights_sitenote_note":"","_monsterinsights_sitenote_category":0},"pwb-brand":[717],"product_brand":[],"product_cat":[1958,1968,2323,41,1147,2192,1013],"product_tag":[],"woo-feed-brand":[],"class_list":{"0":"post-3818","1":"product","2":"type-product","3":"status-publish","4":"has-post-thumbnail","6":"pwb-brand-simple-solution","7":"product_cat-avvisning-og-urinfjerning-hygiene-hund","8":"product_cat-avvisning","9":"product_cat-flekk-og-lukt-fjerner","10":"product_cat-fugl","11":"product_cat-fugl-som-hobby","12":"product_cat-hygiene-og-pels","13":"product_cat-pleie","15":"first","16":"instock","17":"taxable","18":"shipping-taxable","19":"purchasable","20":"product-type-variable","21":"has-default-attributes"},"exclude_global_add_ons":[],"addons":[],"brands":[{"id":717,"name":"Simple Solution","slug":"simple-solution"}],"_links":{"self":[{"href":"https:\/\/fuglebutikken.no\/en\/wp-json\/wp\/v2\/product\/3818","targetHints":{"allow":["GET"]}}],"collection":[{"href":"https:\/\/fuglebutikken.no\/en\/wp-json\/wp\/v2\/product"}],"about":[{"href":"https:\/\/fuglebutikken.no\/en\/wp-json\/wp\/v2\/types\/product"}],"replies":[{"embeddable":true,"href":"https:\/\/fuglebutikken.no\/en\/wp-json\/wp\/v2\/comments?post=3818"}],"wp:featuredmedia":[{"embeddable":true,"href":"https:\/\/fuglebutikken.no\/en\/wp-json\/wp\/v2\/media\/20808"}],"wp:attachment":[{"href":"https:\/\/fuglebutikken.no\/en\/wp-json\/wp\/v2\/media?parent=3818"}],"wp:term":[{"taxonomy":"pwb-brand","embeddable":true,"href":"https:\/\/fuglebutikken.no\/en\/wp-json\/wp\/v2\/pwb-brand?post=3818"},{"taxonomy":"product_brand","embeddable":true,"href":"https:\/\/fuglebutikken.no\/en\/wp-json\/wp\/v2\/product_brand?post=3818"},{"taxonomy":"product_cat","embeddable":true,"href":"https:\/\/fuglebutikken.no\/en\/wp-json\/wp\/v2\/product_cat?post=3818"},{"taxonomy":"product_tag","embeddable":true,"href":"https:\/\/fuglebutikken.no\/en\/wp-json\/wp\/v2\/product_tag?post=3818"},{"taxonomy":"woo-feed-brand","embeddable":true,"href":"https:\/\/fuglebutikken.no\/en\/wp-json\/wp\/v2\/woo-feed-brand?post=3818"}],"curies":[{"name":"wp","href":"https:\/\/api.w.org\/{rel}","templated":true}]}}