{"id":3782,"date":"2020-12-28T16:00:20","date_gmt":"2020-12-28T15:00:20","guid":{"rendered":"https:\/\/fuglebutikken.no\/butik\/nutribird-t16-tukan-10kg\/"},"modified":"2025-11-11T13:37:11","modified_gmt":"2025-11-11T12:37:11","slug":"nutribird-t16-tukan-10kg","status":"publish","type":"product","link":"https:\/\/fuglebutikken.no\/en\/butikk\/fugl-som-hobby\/fugl\/spise\/fuglemat-til-undulater-papeg-yer-og-burfugler\/fr-blandinger-og-pellets-daglig-f-r\/softbills-og-spesialdiett-fugler\/tukaner-turacos-og-fruktspisende-fugler\/nutribird-t16-tukan-10kg\/","title":{"rendered":"Nutribird t16 tukan 10kg"},"content":{"rendered":"<p>Analyse:<br \/>\nProtein16%<br \/>\nFettinnhold 10%<br \/>\nPlantetr\u00e5d 4,50%<br \/>\nR\u00e5 aske 5%<br \/>\nKalsium 0,90%<br \/>\nFosfor0,60%<br \/>\nLysin 0,80%<br \/>\nMetionin 0,30%<br \/>\nCystin0,30%<br \/>\nTreonin0,55%<br \/>\nTryptofan0,20%<\/p>\n<p>N\u00e6ringsstoffer<br \/>\nVitamin A8.500IU \/ kg<br \/>\nVitamin D31.800IE \/ kg<br \/>\nVitamin E100 mg \/ kg<br \/>\nVitamin K3,50 mg \/ kg<br \/>\nVitamin B18,50 mg \/ kg<br \/>\nVitamin B219 mg \/ kg<br \/>\nVitamin B324mg \/ kg<br \/>\nVitamin B67mg \/ kg<br \/>\nVitamin B120,04 mg \/ kg<br \/>\nVitamin C60 mg \/ kg<br \/>\nVitaminPP95mg \/ kg<br \/>\nFolsyre 1,80 mg \/ kg<br \/>\nBiotin 0,31 mg \/ kg<br \/>\nKolinklorid 725 mg \/ kg<br \/>\n\u03b2-karoten 5,20 mg \/ kg<br \/>\nGarvesyre 1.250mg \/ kg<br \/>\nE2 (jod) 2,50 mg \/ kg<br \/>\nE4 (kobber) 12 mg \/ kg<br \/>\nE5 (mangan) 120 mg \/ kg<br \/>\nE6 (sink) 115 mg \/ kg<br \/>\nE8 (selen) 0,34 mg \/ kg<br \/>\nAntioksidant (er)<\/p>\n<p>Totalt jerninnhold: maks. 85 sider \/ min.<\/p>","protected":false},"excerpt":{"rendered":"<p>Nutribird t16 tukan 10kg<\/p>\n<p>NutriBird T 16 Original er et komplett vedlikeholdsf\u00f4r for tukaner, turacos og andre store fruktspisende fugler. Pellets basert p\u00e5 utvalgte korn og mye frisk frukt. Inneholder Flora Stimulus: st\u00f8tter tarmfloraen og beskytter mot tarmsykdommer.<\/p>","protected":false},"featured_media":23718,"comment_status":"closed","ping_status":"closed","template":"","meta":{"content-type":"","_uf_show_specific_survey":0,"_uf_disable_surveys":false,"_monsterinsights_skip_tracking":false,"_monsterinsights_sitenote_active":false,"_monsterinsights_sitenote_note":"","_monsterinsights_sitenote_category":0},"pwb-brand":[673],"product_brand":[],"product_cat":[3286,41,1147,3291,3292],"product_tag":[3288],"woo-feed-brand":[],"class_list":{"0":"post-3782","1":"product","2":"type-product","3":"status-publish","4":"has-post-thumbnail","6":"pwb-brand-versele-laga","7":"product_cat-fr-blandinger-og-pellets-daglig-f-r","8":"product_cat-fugl","9":"product_cat-fugl-som-hobby","10":"product_cat-softbills-og-spesialdiett-fugler","11":"product_cat-tukaner-turacos-og-fruktspisende-fugler","12":"product_tag-fruktspisende-fugler-tukaner","14":"first","15":"instock","16":"taxable","17":"shipping-taxable","18":"purchasable","19":"product-type-simple"},"exclude_global_add_ons":[],"addons":[],"brands":[{"id":673,"name":"Versele-Laga","slug":"versele-laga"}],"_links":{"self":[{"href":"https:\/\/fuglebutikken.no\/en\/wp-json\/wp\/v2\/product\/3782","targetHints":{"allow":["GET"]}}],"collection":[{"href":"https:\/\/fuglebutikken.no\/en\/wp-json\/wp\/v2\/product"}],"about":[{"href":"https:\/\/fuglebutikken.no\/en\/wp-json\/wp\/v2\/types\/product"}],"replies":[{"embeddable":true,"href":"https:\/\/fuglebutikken.no\/en\/wp-json\/wp\/v2\/comments?post=3782"}],"wp:featuredmedia":[{"embeddable":true,"href":"https:\/\/fuglebutikken.no\/en\/wp-json\/wp\/v2\/media\/23718"}],"wp:attachment":[{"href":"https:\/\/fuglebutikken.no\/en\/wp-json\/wp\/v2\/media?parent=3782"}],"wp:term":[{"taxonomy":"pwb-brand","embeddable":true,"href":"https:\/\/fuglebutikken.no\/en\/wp-json\/wp\/v2\/pwb-brand?post=3782"},{"taxonomy":"product_brand","embeddable":true,"href":"https:\/\/fuglebutikken.no\/en\/wp-json\/wp\/v2\/product_brand?post=3782"},{"taxonomy":"product_cat","embeddable":true,"href":"https:\/\/fuglebutikken.no\/en\/wp-json\/wp\/v2\/product_cat?post=3782"},{"taxonomy":"product_tag","embeddable":true,"href":"https:\/\/fuglebutikken.no\/en\/wp-json\/wp\/v2\/product_tag?post=3782"},{"taxonomy":"woo-feed-brand","embeddable":true,"href":"https:\/\/fuglebutikken.no\/en\/wp-json\/wp\/v2\/woo-feed-brand?post=3782"}],"curies":[{"name":"wp","href":"https:\/\/api.w.org\/{rel}","templated":true}]}}