{"id":3680,"date":"2020-11-27T20:30:19","date_gmt":"2020-11-27T19:30:19","guid":{"rendered":"https:\/\/fuglebutikken.no\/butik\/fuglehus-gra\/"},"modified":"2025-10-22T12:33:15","modified_gmt":"2025-10-22T10:33:15","slug":"fuglehus-gra","status":"publish","type":"product","link":"https:\/\/fuglebutikken.no\/en\/butikk\/utefugl-dyr\/hage-og-utedyr\/utefugl\/utefuglhus\/fuglehus-gra\/","title":{"rendered":"Fuglehus gr\u00e5"},"content":{"rendered":"<h2>Fuglehus gr\u00e5<\/h2>\n<p><\/p>","protected":false},"excerpt":{"rendered":"<h3>Fuglehus gr\u00e5<\/h3>\n<p>Fuglehuset egner seg til solsikkefr\u00f8, men andre fr\u00f8blandinger til fugler kan ogs\u00e5 brukes. Materen er utformet slik at fuglene ikke kan sitte i maten, noe som gj\u00f8r den hygienisk og reduserer risikoen for sykdommer.<\/p>\n<ul>\n<li>Beiset fuglehus for utefugler<\/li>\n<li>Taket er l\u00f8st, s\u00e5 man fyller enkelt p\u00e5 med fulgefr\u00f8<\/li>\n<li>H13xL26xB21cm<\/li>\n<\/ul>","protected":false},"featured_media":23137,"comment_status":"closed","ping_status":"closed","template":"","meta":{"content-type":"","_uf_show_specific_survey":0,"_uf_disable_surveys":false,"_monsterinsights_skip_tracking":false,"_monsterinsights_sitenote_active":false,"_monsterinsights_sitenote_note":"","_monsterinsights_sitenote_category":0},"pwb-brand":[759],"product_brand":[],"product_cat":[100,66,721],"product_tag":[3233],"woo-feed-brand":[],"class_list":{"0":"post-3680","1":"product","2":"type-product","3":"status-publish","4":"has-post-thumbnail","6":"pwb-brand-ozami","7":"product_cat-utefuglhus","8":"product_cat-utefugl-dyr","9":"product_cat-utefugl","10":"product_tag-utefuglmat-og-fugletilbeh-r","12":"first","13":"instock","14":"taxable","15":"shipping-taxable","16":"purchasable","17":"product-type-variable","18":"has-default-attributes"},"exclude_global_add_ons":[],"addons":[],"brands":[{"id":759,"name":"Ozami","slug":"ozami"}],"_links":{"self":[{"href":"https:\/\/fuglebutikken.no\/en\/wp-json\/wp\/v2\/product\/3680","targetHints":{"allow":["GET"]}}],"collection":[{"href":"https:\/\/fuglebutikken.no\/en\/wp-json\/wp\/v2\/product"}],"about":[{"href":"https:\/\/fuglebutikken.no\/en\/wp-json\/wp\/v2\/types\/product"}],"replies":[{"embeddable":true,"href":"https:\/\/fuglebutikken.no\/en\/wp-json\/wp\/v2\/comments?post=3680"}],"wp:featuredmedia":[{"embeddable":true,"href":"https:\/\/fuglebutikken.no\/en\/wp-json\/wp\/v2\/media\/23137"}],"wp:attachment":[{"href":"https:\/\/fuglebutikken.no\/en\/wp-json\/wp\/v2\/media?parent=3680"}],"wp:term":[{"taxonomy":"pwb-brand","embeddable":true,"href":"https:\/\/fuglebutikken.no\/en\/wp-json\/wp\/v2\/pwb-brand?post=3680"},{"taxonomy":"product_brand","embeddable":true,"href":"https:\/\/fuglebutikken.no\/en\/wp-json\/wp\/v2\/product_brand?post=3680"},{"taxonomy":"product_cat","embeddable":true,"href":"https:\/\/fuglebutikken.no\/en\/wp-json\/wp\/v2\/product_cat?post=3680"},{"taxonomy":"product_tag","embeddable":true,"href":"https:\/\/fuglebutikken.no\/en\/wp-json\/wp\/v2\/product_tag?post=3680"},{"taxonomy":"woo-feed-brand","embeddable":true,"href":"https:\/\/fuglebutikken.no\/en\/wp-json\/wp\/v2\/woo-feed-brand?post=3680"}],"curies":[{"name":"wp","href":"https:\/\/api.w.org\/{rel}","templated":true}]}}