{"id":3665,"date":"2020-11-25T21:25:22","date_gmt":"2020-11-25T20:25:22","guid":{"rendered":"https:\/\/fuglebutikken.no\/butik\/torket-melorm\/"},"modified":"2025-11-11T12:41:24","modified_gmt":"2025-11-11T11:41:24","slug":"torket-melorm","status":"publish","type":"product","link":"https:\/\/fuglebutikken.no\/en\/butikk\/fugl-som-hobby\/fugl\/spise\/fuglemat-til-undulater-papeg-yer-og-burfugler\/fuglesnacks\/torket-melorm\/","title":{"rendered":"T\u00f8rket melorm"},"content":{"rendered":"<h2>T\u00f8rket melorm<\/h2>\n<p>T\u00f8rket melorm er det perfekte tilleggsf\u00f2r eller snacks for hamster, rotter og andre sm\u00e5dyr samt reptiler som spiser insekter. Med h\u00f8y proteinkvalitet er disse melormene ikke bare smakfulle, men ogs\u00e5 n\u00e6ringsrike.<\/p>\n<h3>N\u00f8kkelfordeler<\/h3>\n<p>T\u00f8rket melorm inneholder 100 % melorm og er en utmerket kilde til animalsk protein. Dette gj\u00f8r dem ideelle for dyrene som trenger ekstra protein i kostholdet sitt. I tillegg er de ogs\u00e5 egnet for insektetende fugler og krypdyr, noe som gj\u00f8r dem til et allsidig valg for forskjellige typer husdyr.<\/p>\n<h3>Bruksanvisning<\/h3>\n<p>T\u00f8rket melorm kan enkelt gis som snacks eller blandes inn i hovedf\u00f4ret for sm\u00e5dyr og reptiler. Oppbevar dem p\u00e5 et kj\u00f8lig og t\u00f8rt sted for \u00e5 bevare kvaliteten. Dette gj\u00f8r at de alltid er klare til \u00e5 bli servert, og dyrene dine vil elske dem!<\/p>\n<h3>Ytterligere informasjon<\/h3>\n<p>Melormene t\u00f8rkes i en mikrob\u00f8lgeprosess, hvor steriliserings temperaturen er minst 100 \u00b0C, noe som sikrer at de er trygge og sunne for dyrene dine. Velg t\u00f8rket melorm for en sunn og n\u00e6ringsrik snack som b\u00e5de du og dyrene dine kan glede dere over!<\/p>","protected":false},"excerpt":{"rendered":"<h3 class=\"\">T\u00f8rket melorm<\/h3>\n<p>T\u00f8rket melorm er fint som tilleggs-f\u00f2r eller snacks for hamster, rotter og andre sm\u00e5dyr eller reptiler som spiser insekter.<\/p>\n<ul>\n<li>100 % melorm, t\u00f8rket<\/li>\n<li>Oppbevares kj\u00f8lig og t\u00f8rt<\/li>\n<li>rik p\u00e5 animalsk protein<\/li>\n<li>ogs\u00e5 egnet for insektetende fugler og krypdyr<\/li>\n<\/ul>","protected":false},"featured_media":23437,"comment_status":"closed","ping_status":"closed","template":"","meta":{"content-type":"","_uf_show_specific_survey":0,"_uf_disable_surveys":false,"_monsterinsights_skip_tracking":false,"_monsterinsights_sitenote_active":false,"_monsterinsights_sitenote_note":"","_monsterinsights_sitenote_category":0},"pwb-brand":[653],"product_brand":[],"product_cat":[1147,3285,62,2088],"product_tag":[1460],"woo-feed-brand":[],"class_list":{"0":"post-3665","1":"product","2":"type-product","3":"status-publish","4":"has-post-thumbnail","6":"pwb-brand-trixie","7":"product_cat-fugl-som-hobby","8":"product_cat-fuglemat-til-undulater-papeg-yer-og-burfugler","9":"product_cat-fuglesnacks","10":"product_cat-melorm","11":"product_tag-melorm","13":"first","14":"instock","15":"taxable","16":"shipping-taxable","17":"purchasable","18":"product-type-variable","19":"has-default-attributes"},"exclude_global_add_ons":[],"addons":[],"brands":[{"id":653,"name":"Trixie","slug":"trixie"}],"_links":{"self":[{"href":"https:\/\/fuglebutikken.no\/en\/wp-json\/wp\/v2\/product\/3665","targetHints":{"allow":["GET"]}}],"collection":[{"href":"https:\/\/fuglebutikken.no\/en\/wp-json\/wp\/v2\/product"}],"about":[{"href":"https:\/\/fuglebutikken.no\/en\/wp-json\/wp\/v2\/types\/product"}],"replies":[{"embeddable":true,"href":"https:\/\/fuglebutikken.no\/en\/wp-json\/wp\/v2\/comments?post=3665"}],"wp:featuredmedia":[{"embeddable":true,"href":"https:\/\/fuglebutikken.no\/en\/wp-json\/wp\/v2\/media\/23437"}],"wp:attachment":[{"href":"https:\/\/fuglebutikken.no\/en\/wp-json\/wp\/v2\/media?parent=3665"}],"wp:term":[{"taxonomy":"pwb-brand","embeddable":true,"href":"https:\/\/fuglebutikken.no\/en\/wp-json\/wp\/v2\/pwb-brand?post=3665"},{"taxonomy":"product_brand","embeddable":true,"href":"https:\/\/fuglebutikken.no\/en\/wp-json\/wp\/v2\/product_brand?post=3665"},{"taxonomy":"product_cat","embeddable":true,"href":"https:\/\/fuglebutikken.no\/en\/wp-json\/wp\/v2\/product_cat?post=3665"},{"taxonomy":"product_tag","embeddable":true,"href":"https:\/\/fuglebutikken.no\/en\/wp-json\/wp\/v2\/product_tag?post=3665"},{"taxonomy":"woo-feed-brand","embeddable":true,"href":"https:\/\/fuglebutikken.no\/en\/wp-json\/wp\/v2\/woo-feed-brand?post=3665"}],"curies":[{"name":"wp","href":"https:\/\/api.w.org\/{rel}","templated":true}]}}