{"id":3592,"date":"2020-11-09T18:41:33","date_gmt":"2020-11-09T17:41:33","guid":{"rendered":"https:\/\/fuglebutikken.no\/butik\/paereholder-med-porselen-sokkel-og-ledning\/"},"modified":"2025-01-24T20:43:40","modified_gmt":"2025-01-24T19:43:40","slug":"paereholder","status":"publish","type":"product","link":"https:\/\/fuglebutikken.no\/en\/butikk\/lys-varme-reptil\/armatur-paereholder\/paeresokkel-reptil-fugl\/paereholder\/","title":{"rendered":"P\u00e6reholder med porselen sokkel og ledning"},"content":{"rendered":"<h2>P\u00e6reholder med porselen sokkel og ledning<\/h2>\n<p>Ekstremt h\u00f8y kvalitet og laget av varmebestandig materiale egnet som fritthengende tilbeh\u00f8rskabel med str\u00f8mbryter ogs\u00e5 egnet som fast armatur eller for &#8220;klemmelamper&#8221; inkl. installasjonsinstruksjoner<\/p>\n<p><a href=\"https:\/\/reptil.no\/wp-content\/uploads\/sites\/7\/2022\/10\/Lampe-76109.pdf\" target=\"_blank\" rel=\"noopener\">Last ned veiledning 160w<\/a><br \/>\n<a href=\"https:\/\/reptil.no\/wp-content\/uploads\/sites\/7\/2022\/10\/Lampe-76105.pdf\" target=\"_blank\" rel=\"noopener\">Last ned veiledning 250w<\/a><\/p>","protected":false},"excerpt":{"rendered":"<h3>P\u00e6reholder med porselen sokkel og ledning<\/h3>\n<ul>\n<li>Spesielt h\u00f8y kvalitet og termisk motstandsdyktig.<\/li>\n<li>Egnet som et fritt hengende beslag.<\/li>\n<li>Kabel med bryter og monteringsanvisning inkludert.<\/li>\n<li>Stor sokkel (E27)<\/li>\n<\/ul>\n<p><img decoding=\"async\" class=\"alignnone size-full wp-image-67711\" src=\"https:\/\/fuglebutikken.no\/wp-content\/uploads\/2020\/11\/Paereholder-med-porselen-sokkel-og-ledning.png\" alt=\"P\u00e6reholder med porselen sokkel og ledning\" width=\"64\" height=\"64\"><\/p>\n<p>&nbsp;<\/p>","protected":false},"featured_media":14297,"comment_status":"closed","ping_status":"closed","template":"","meta":{"content-type":"","_uf_show_specific_survey":0,"_uf_disable_surveys":false,"_monsterinsights_skip_tracking":false,"_monsterinsights_sitenote_active":false,"_monsterinsights_sitenote_note":"","_monsterinsights_sitenote_category":0},"pwb-brand":[653],"product_brand":[],"product_cat":[1661,2116,2276],"product_tag":[2231],"woo-feed-brand":[],"class_list":{"0":"post-3592","1":"product","2":"type-product","3":"status-publish","4":"has-post-thumbnail","6":"pwb-brand-trixie","7":"product_cat-armatur-paereholder","8":"product_cat-lys-varme-reptil","9":"product_cat-paeresokkel-reptil-fugl","10":"product_tag-varmelamper-og-paerer","12":"first","13":"instock","14":"taxable","15":"shipping-taxable","16":"purchasable","17":"product-type-variable","18":"has-default-attributes"},"exclude_global_add_ons":[],"addons":[],"brands":[{"id":653,"name":"Trixie","slug":"trixie"}],"_links":{"self":[{"href":"https:\/\/fuglebutikken.no\/en\/wp-json\/wp\/v2\/product\/3592","targetHints":{"allow":["GET"]}}],"collection":[{"href":"https:\/\/fuglebutikken.no\/en\/wp-json\/wp\/v2\/product"}],"about":[{"href":"https:\/\/fuglebutikken.no\/en\/wp-json\/wp\/v2\/types\/product"}],"replies":[{"embeddable":true,"href":"https:\/\/fuglebutikken.no\/en\/wp-json\/wp\/v2\/comments?post=3592"}],"wp:featuredmedia":[{"embeddable":true,"href":"https:\/\/fuglebutikken.no\/en\/wp-json\/wp\/v2\/media\/14297"}],"wp:attachment":[{"href":"https:\/\/fuglebutikken.no\/en\/wp-json\/wp\/v2\/media?parent=3592"}],"wp:term":[{"taxonomy":"pwb-brand","embeddable":true,"href":"https:\/\/fuglebutikken.no\/en\/wp-json\/wp\/v2\/pwb-brand?post=3592"},{"taxonomy":"product_brand","embeddable":true,"href":"https:\/\/fuglebutikken.no\/en\/wp-json\/wp\/v2\/product_brand?post=3592"},{"taxonomy":"product_cat","embeddable":true,"href":"https:\/\/fuglebutikken.no\/en\/wp-json\/wp\/v2\/product_cat?post=3592"},{"taxonomy":"product_tag","embeddable":true,"href":"https:\/\/fuglebutikken.no\/en\/wp-json\/wp\/v2\/product_tag?post=3592"},{"taxonomy":"woo-feed-brand","embeddable":true,"href":"https:\/\/fuglebutikken.no\/en\/wp-json\/wp\/v2\/woo-feed-brand?post=3592"}],"curies":[{"name":"wp","href":"https:\/\/api.w.org\/{rel}","templated":true}]}}