{"id":3590,"date":"2020-03-01T16:24:55","date_gmt":"2020-03-01T15:24:55","guid":{"rendered":"https:\/\/fuglebutikken.no\/butik\/armatur-exoterra-45x20x9cm\/"},"modified":"2025-12-03T13:29:14","modified_gmt":"2025-12-03T12:29:14","slug":"armatur-exo-terra-45x20x9cm","status":"publish","type":"product","link":"https:\/\/fuglebutikken.no\/en\/butikk\/fugl-som-hobby\/fugl\/fuglebur-og-fuglebur-tilbehor\/bur-tilbehor\/fuglelys\/armatur-exo-terra-45x20x9cm\/","title":{"rendered":"Armatur Exo Terra 45x20x9cm"},"content":{"rendered":"<p><span class=\"Y2IQFc\" lang=\"no\"><\/span><\/p>\n<h2 class=\"\">Armatur Exo Terra 45x20x9cm<\/h2>\n<p><span class=\"Y2IQFc\" lang=\"no\">Exo Terra Compact Top Canopy er en kompakt fluorescerende terrariumhimmel designet for bruk med Exo Terra Glass Terrarium. Denne baldakinen er enkel \u00e5 installere og har plass til kompakte lysr\u00f8rsp\u00e6rer eller gl\u00f8dep\u00e6rer med lav effekt.<\/span><\/p>\n<p><span class=\"Y2IQFc\" lang=\"no\"> En kombinasjon av forskjellige Exo Terra Repti Glo kompakte lysr\u00f8r kan brukes (PT2226 \/ PT2227 \/ PT2228) for \u00e5 skape det ideelle ultrafiolette \/ visuelle lysforholdet eller en kombinasjon med en gl\u00f8dende lyskilde som Daytime Heat Lamp for \u00e5 \u00f8ke den omgivende luft- temperatur.<\/span><\/p>\n<p><span class=\"Y2IQFc\" lang=\"no\"> Valgfritt tilbeh\u00f8r som Exo Terra Digital Thermometer og Hygrometer og Exo Terra Thermostat og Hygrostat kan skyves inn i den spesielle glidekanten p\u00e5 toppen av kalesjen.<\/span><\/p>","protected":false},"excerpt":{"rendered":"<h3 class=\"\">Armatur Exo Terra 45x20x9cm<\/h3>\n<p>Exo Terra Compact Top er et kompakt armatur for to lyskilder, designet for bruk sammen med Exo Terra glassterrarium. Dette er et lettmontert armatur som har plass til b\u00e5de gl\u00f8delampe med lav wattstyrke og kompaktlysr\u00f8r. For \u00e5 skape ideelt lysforhold kan en kombinasjon av forskjellige ultrafiolette\/visuelle kompaktlysr\u00f8r brukes.<\/p>\n<p>Exo Terra Compact Top kan ogs\u00e5 kombineres med en varmelampe for \u00e5 \u00f8ke omgivelsenes temperatur. Armaturen har et spesielt skyvefelt som gj\u00f8r det enkelt \u00e5 feste f.eks. Exo Terra Digital Thermometer. Exo Terra Hygrometer og Exo Terra Combometer er ogs\u00e5 tilbeh\u00f8r som enkelt skyves inn i skyvefeltet p\u00e5 toppen av armaturen.<\/p>","protected":false},"featured_media":25591,"comment_status":"open","ping_status":"closed","template":"","meta":{"content-type":"","_uf_show_specific_survey":0,"_uf_disable_surveys":false,"_monsterinsights_skip_tracking":false,"_monsterinsights_sitenote_active":false,"_monsterinsights_sitenote_note":"","_monsterinsights_sitenote_category":0},"pwb-brand":[659],"product_brand":[],"product_cat":[1661,2203,41,1147,2162,2117,2200,2116],"product_tag":[3036],"woo-feed-brand":[],"class_list":{"0":"post-3590","1":"product","2":"type-product","3":"status-publish","4":"has-post-thumbnail","6":"pwb-brand-exoterra","7":"product_cat-armatur-paereholder","8":"product_cat-bur-tilbehor","9":"product_cat-fugl","10":"product_cat-fugl-som-hobby","11":"product_cat-fuglebur-og-fuglebur-tilbehor","12":"product_cat-fuglelys","13":"product_cat-lys-varme-fugl","14":"product_cat-lys-varme-reptil","15":"product_tag-terrarium-lys-og-varme","17":"first","18":"instock","19":"taxable","20":"shipping-taxable","21":"purchasable","22":"product-type-simple"},"exclude_global_add_ons":[],"addons":[],"brands":[{"id":659,"name":"Exoterra","slug":"exoterra"}],"_links":{"self":[{"href":"https:\/\/fuglebutikken.no\/en\/wp-json\/wp\/v2\/product\/3590","targetHints":{"allow":["GET"]}}],"collection":[{"href":"https:\/\/fuglebutikken.no\/en\/wp-json\/wp\/v2\/product"}],"about":[{"href":"https:\/\/fuglebutikken.no\/en\/wp-json\/wp\/v2\/types\/product"}],"replies":[{"embeddable":true,"href":"https:\/\/fuglebutikken.no\/en\/wp-json\/wp\/v2\/comments?post=3590"}],"wp:featuredmedia":[{"embeddable":true,"href":"https:\/\/fuglebutikken.no\/en\/wp-json\/wp\/v2\/media\/25591"}],"wp:attachment":[{"href":"https:\/\/fuglebutikken.no\/en\/wp-json\/wp\/v2\/media?parent=3590"}],"wp:term":[{"taxonomy":"pwb-brand","embeddable":true,"href":"https:\/\/fuglebutikken.no\/en\/wp-json\/wp\/v2\/pwb-brand?post=3590"},{"taxonomy":"product_brand","embeddable":true,"href":"https:\/\/fuglebutikken.no\/en\/wp-json\/wp\/v2\/product_brand?post=3590"},{"taxonomy":"product_cat","embeddable":true,"href":"https:\/\/fuglebutikken.no\/en\/wp-json\/wp\/v2\/product_cat?post=3590"},{"taxonomy":"product_tag","embeddable":true,"href":"https:\/\/fuglebutikken.no\/en\/wp-json\/wp\/v2\/product_tag?post=3590"},{"taxonomy":"woo-feed-brand","embeddable":true,"href":"https:\/\/fuglebutikken.no\/en\/wp-json\/wp\/v2\/woo-feed-brand?post=3590"}],"curies":[{"name":"wp","href":"https:\/\/api.w.org\/{rel}","templated":true}]}}