{"id":3585,"date":"2020-05-02T16:21:35","date_gmt":"2020-05-02T14:21:35","guid":{"rendered":"https:\/\/fuglebutikken.no\/butik\/armatur-exoterra-20x15x9cm\/"},"modified":"2025-12-03T13:33:18","modified_gmt":"2025-12-03T12:33:18","slug":"armatur-exo-terra-20x15x9cm","status":"publish","type":"product","link":"https:\/\/fuglebutikken.no\/en\/butikk\/fugl-som-hobby\/fugl\/fuglebur-og-fuglebur-tilbehor\/bur-tilbehor\/armatur-exo-terra-20x15x9cm\/","title":{"rendered":"Armatur Exo Terra 20x15x9cm"},"content":{"rendered":"<div id=\"tw-container\" class=\"YQaNob\" data-cp=\"1\" data-is-ver=\"false\" data-nnttsvi=\"1\" data-sugg-time=\"500\" data-sugg-url=\"https:\/\/clients1.google.com\/complete\/search\" data-uilc=\"no\">\n<div>\n<div>\n<div id=\"tw-ob\" class=\"tw-src-ltr\">\n<div class=\"oSioSc\">\n<div id=\"tw-target\">\n<div id=\"kAz1tf\" class=\"g9WsWb\">\n<div id=\"tw-target-text-container\" class=\"tw-ta-container F0azHf tw-nfl\">\n<h2 class=\"\"><span class=\"Y2IQFc\" lang=\"no\">Armatur Exo Terra 20x15x9cm<\/span><\/h2>\n<p id=\"tw-target-text\" class=\"tw-data-text tw-text-large XcVN5d tw-ta\" dir=\"ltr\" data-placeholder=\"Oversettelse\"><span class=\"Y2IQFc\" lang=\"no\">Exo Terra Compact Top Canopy er en kompakt fluorescerende terrariumkalesje designet for bruk med Exo Terra Glass Terrarium. Denne lettmonterte lysrampen har plass til \u00e8n p\u00e6re med lav watt.<\/span><\/p>\n<p class=\"tw-data-text tw-text-large XcVN5d tw-ta\" dir=\"ltr\" data-placeholder=\"Oversettelse\"><span class=\"Y2IQFc\" lang=\"no\"> En kombinasjon av forskjellige Exo Terra Repti Glo kompakte lysr\u00f8r kan brues for \u00e5 skape det ideelle forholdet ultrafiolett \/ visuelt lys eller en kombinasjon med en gl\u00f8delampe som Daytime Heat Lamp for \u00e5 \u00f8ke den omgivende luft- temperatur. Valgfritt tilbeh\u00f8r som Exo Terra Digital termometer og hygrometer og Exo Terra termostat og Hygrometer kan skyves inn i den spesielle glidefelgen p\u00e5 toppen av terariet.<\/span><\/p>\n<\/div>\n<\/div>\n<\/div>\n<\/div>\n<\/div>\n<\/div>\n<\/div>\n<\/div>\n<div class=\"KFFQ0c xKf9F\"><\/div>","protected":false},"excerpt":{"rendered":"<h3 class=\"\">Armatur Exo Terra 20x15x9cm<\/h3>\n<p>Armatur Exo Terra 20x15x9cm -stor sokkel<br \/>\nExo Terra Compact Top er et kompakt armatur designet for bruk sammen med Exo Terra glassterrarium.<\/p>","protected":false},"featured_media":25599,"comment_status":"open","ping_status":"closed","template":"","meta":{"content-type":"","_uf_show_specific_survey":0,"_uf_disable_surveys":false,"_monsterinsights_skip_tracking":false,"_monsterinsights_sitenote_active":false,"_monsterinsights_sitenote_note":"","_monsterinsights_sitenote_category":0},"pwb-brand":[659],"product_brand":[],"product_cat":[1661,2203,41,1147,2162,2200,2116],"product_tag":[3036],"woo-feed-brand":[],"class_list":{"0":"post-3585","1":"product","2":"type-product","3":"status-publish","4":"has-post-thumbnail","6":"pwb-brand-exoterra","7":"product_cat-armatur-paereholder","8":"product_cat-bur-tilbehor","9":"product_cat-fugl","10":"product_cat-fugl-som-hobby","11":"product_cat-fuglebur-og-fuglebur-tilbehor","12":"product_cat-lys-varme-fugl","13":"product_cat-lys-varme-reptil","14":"product_tag-terrarium-lys-og-varme","16":"first","17":"instock","18":"taxable","19":"shipping-taxable","20":"purchasable","21":"product-type-simple"},"exclude_global_add_ons":[],"addons":[],"brands":[{"id":659,"name":"Exoterra","slug":"exoterra"}],"_links":{"self":[{"href":"https:\/\/fuglebutikken.no\/en\/wp-json\/wp\/v2\/product\/3585","targetHints":{"allow":["GET"]}}],"collection":[{"href":"https:\/\/fuglebutikken.no\/en\/wp-json\/wp\/v2\/product"}],"about":[{"href":"https:\/\/fuglebutikken.no\/en\/wp-json\/wp\/v2\/types\/product"}],"replies":[{"embeddable":true,"href":"https:\/\/fuglebutikken.no\/en\/wp-json\/wp\/v2\/comments?post=3585"}],"wp:featuredmedia":[{"embeddable":true,"href":"https:\/\/fuglebutikken.no\/en\/wp-json\/wp\/v2\/media\/25599"}],"wp:attachment":[{"href":"https:\/\/fuglebutikken.no\/en\/wp-json\/wp\/v2\/media?parent=3585"}],"wp:term":[{"taxonomy":"pwb-brand","embeddable":true,"href":"https:\/\/fuglebutikken.no\/en\/wp-json\/wp\/v2\/pwb-brand?post=3585"},{"taxonomy":"product_brand","embeddable":true,"href":"https:\/\/fuglebutikken.no\/en\/wp-json\/wp\/v2\/product_brand?post=3585"},{"taxonomy":"product_cat","embeddable":true,"href":"https:\/\/fuglebutikken.no\/en\/wp-json\/wp\/v2\/product_cat?post=3585"},{"taxonomy":"product_tag","embeddable":true,"href":"https:\/\/fuglebutikken.no\/en\/wp-json\/wp\/v2\/product_tag?post=3585"},{"taxonomy":"woo-feed-brand","embeddable":true,"href":"https:\/\/fuglebutikken.no\/en\/wp-json\/wp\/v2\/woo-feed-brand?post=3585"}],"curies":[{"name":"wp","href":"https:\/\/api.w.org\/{rel}","templated":true}]}}