{"id":3542,"date":"2020-10-25T19:01:32","date_gmt":"2020-10-25T18:01:32","guid":{"rendered":"https:\/\/fuglebutikken.no\/butik\/fuglelampe-26w-uva-og-uvb\/"},"modified":"2025-12-31T15:00:38","modified_gmt":"2025-12-31T14:00:38","slug":"fuglelampe-26w-uva-og-uvb","status":"publish","type":"product","link":"https:\/\/fuglebutikken.no\/en\/butikk\/fugl-som-hobby\/fugl\/fuglebur-og-fuglebur-tilbehor\/fugl-bur\/fuglelampe-26w-uva-og-uvb\/","title":{"rendered":"Fuglelampe 26w uva og uvb"},"content":{"rendered":"<h2>Fuglelampe 26w uva og uvb<\/h2>\n<p><a href=\"https:\/\/fuglebutikken.no\/wp-content\/uploads\/sites\/5\/2022\/11\/Birds-and-UVB.pdf\" target=\"_blank\" rel=\"noopener\">Last ned Fugle UVB-rapport (engelsk)<\/a><\/p>\n<p>Den nye AvianSun\u2122 5.0 UVB Compact Fluorescent Bulb fra Zoo Med er den f\u00f8rste ekte fullspektrump\u00e6ren spesielt for fugler, som gir synlig lys, UVA og UVB. Denne p\u00e6ren er designet for bruk med Zoo Meds nye AvianSun\u2122 Deluxe gulvlampe. Dette unike lysarrangementet vil gi fugler trygge niv\u00e5er av gunstig UVB og UVA for fysisk og psykisk helse. UVB gj\u00f8r det mulig for fugler \u00e5 syntetisere vitamin D3 for riktig kalsiummetabolisme som er n\u00f8dvendig for normal vekst, vedlikehold av sterke bein og eggproduksjon. UVA er synlig for fugler, noe som gj\u00f8r dem i stand til \u00e5 gjenkjenne kamerater, lokalisere mat og identifisere forskjellige arter. Uten UVA er fugler i hovedsak fargeblinde! Gi fuglene dine Zoo Meds AvianSun-belysning og ta med solen innend\u00f8rs!<\/p>","protected":false},"excerpt":{"rendered":"<h3>Fuglelampe 26w uva og uvb<\/h3>\n<p>Fuglelampe 26w uva og uvb er n\u00f8dvendig for at fuglen skal ha det bra. UV-lyset fra lysp\u00e6ren hjelper fuglen med \u00e5 regulere det endokrine systemet og ford\u00f8yelsen. Det gir ogs\u00e5 fuglen det viktige vitamin D3. Selv om fuglene holder seg utend\u00f8rs regelmessig, b\u00f8r du ha en UV-lampe for dem som avgir b\u00e5de UVA og UVB. V\u00e5rt nordiske klima kan aldri gi v\u00e5re tropiske fuglearter nok av sollyset de trenger.<\/p>\n<p>UV-lys gir ogs\u00e5 fuglen et naturlig milj\u00f8 ettersom fuglenes skarpe syn og fargesyn p\u00e5virkes positivt av lyset. Vanlige lys flimrer i fuglenes \u00f8yne, noe som selvf\u00f8lgelig ikke er hyggelig og noen ganger f\u00f8rer til atferdsproblemer. Dette kan l\u00f8ses ved \u00e5 bytte til en UV-lampe.<\/p>\n<p>Lysp\u00e6re til fugl skal tennes i minst 10 timer daglig, henges 45-60 cm over favorittsitteplassen. Plasser lampen rett over og gi fuglen muligheten til \u00e5 s\u00f8ke \u201cskygge\u201d hvor som helst i buret.<\/p>\n<p>Bird Lamp, fuglelampen avgir b\u00e5de UVB (2,4%) og UVA (12%).<\/p>\n<p>Lampen er 16 cm lang og har en diameter p\u00e5 5,5 cm og har stor sokkel. <img decoding=\"async\" class=\"alignnone size-full wp-image-65849\" src=\"https:\/\/tgr.no\/wp-content\/uploads\/2022\/01\/originals_PICTO_PICTO_Gewinde-E27_SALL_AWP_V1.png\" alt=\"fuflebutikken lampe\" width=\"64\" height=\"64\"><\/p>","protected":false},"featured_media":26082,"comment_status":"closed","ping_status":"closed","template":"","meta":{"content-type":"","_uf_show_specific_survey":0,"_uf_disable_surveys":false,"_monsterinsights_skip_tracking":false,"_monsterinsights_sitenote_active":false,"_monsterinsights_sitenote_note":"","_monsterinsights_sitenote_category":0},"pwb-brand":[1849],"product_brand":[],"product_cat":[2202,2203,41,1147,2200],"product_tag":[2071],"woo-feed-brand":[],"class_list":{"0":"post-3542","1":"product","2":"type-product","3":"status-publish","4":"has-post-thumbnail","6":"pwb-brand-zoo-med","7":"product_cat-fugl-bur","8":"product_cat-bur-tilbehor","9":"product_cat-fugl","10":"product_cat-fugl-som-hobby","11":"product_cat-lys-varme-fugl","12":"product_tag-lysror-fugl","14":"first","15":"instock","16":"downloadable","17":"taxable","18":"shipping-taxable","19":"purchasable","20":"product-type-simple"},"exclude_global_add_ons":[],"addons":[],"brands":[{"id":1849,"name":"Zoo Med","slug":"zoo-med"}],"_links":{"self":[{"href":"https:\/\/fuglebutikken.no\/en\/wp-json\/wp\/v2\/product\/3542","targetHints":{"allow":["GET"]}}],"collection":[{"href":"https:\/\/fuglebutikken.no\/en\/wp-json\/wp\/v2\/product"}],"about":[{"href":"https:\/\/fuglebutikken.no\/en\/wp-json\/wp\/v2\/types\/product"}],"replies":[{"embeddable":true,"href":"https:\/\/fuglebutikken.no\/en\/wp-json\/wp\/v2\/comments?post=3542"}],"wp:featuredmedia":[{"embeddable":true,"href":"https:\/\/fuglebutikken.no\/en\/wp-json\/wp\/v2\/media\/26082"}],"wp:attachment":[{"href":"https:\/\/fuglebutikken.no\/en\/wp-json\/wp\/v2\/media?parent=3542"}],"wp:term":[{"taxonomy":"pwb-brand","embeddable":true,"href":"https:\/\/fuglebutikken.no\/en\/wp-json\/wp\/v2\/pwb-brand?post=3542"},{"taxonomy":"product_brand","embeddable":true,"href":"https:\/\/fuglebutikken.no\/en\/wp-json\/wp\/v2\/product_brand?post=3542"},{"taxonomy":"product_cat","embeddable":true,"href":"https:\/\/fuglebutikken.no\/en\/wp-json\/wp\/v2\/product_cat?post=3542"},{"taxonomy":"product_tag","embeddable":true,"href":"https:\/\/fuglebutikken.no\/en\/wp-json\/wp\/v2\/product_tag?post=3542"},{"taxonomy":"woo-feed-brand","embeddable":true,"href":"https:\/\/fuglebutikken.no\/en\/wp-json\/wp\/v2\/woo-feed-brand?post=3542"}],"curies":[{"name":"wp","href":"https:\/\/api.w.org\/{rel}","templated":true}]}}