{"id":336,"date":"2020-02-22T18:09:17","date_gmt":"2020-02-22T17:09:17","guid":{"rendered":"https:\/\/274105-www.web.tornado-node.net\/fugl\/product\/gd-royal-sir-gra-gra-91x71x174cm\/"},"modified":"2025-06-12T11:48:15","modified_gmt":"2025-06-12T09:48:15","slug":"gd-royal-sir-gra-gra-91x71x174cm","status":"publish","type":"product","link":"https:\/\/fuglebutikken.no\/en\/butikk\/fugl-som-hobby\/fugl\/fuglebur-og-fuglebur-tilbehor\/fugl-bur\/voliere\/gd-royal-sir-gra-gra-91x71x174cm\/","title":{"rendered":"GD Royal Sir gr\u00e5 91x71x174cm"},"content":{"rendered":"<p>GD Royal Sir gr\u00e5 91x71x174cm<\/p>\n<p>\u2022 Innvendige m\u00e5l 874 x 676 x 974 mm<br \/>\n\u2022 1 d\u00f8r 410 x 935 mm p\u00e5 fronten<br \/>\n\u2022 Trekk ut bunnen<br \/>\n\u2022 Gittertr\u00e5d 5 mm \u00f8<br \/>\n\u2022 Forsterket wire 5mm \u00f8<br \/>\n\u2022 Gittertetthet 25,6 mm<br \/>\n\u2022 Ikke \u00e5pningsbar topp<\/p>","protected":false},"excerpt":{"rendered":"<p>GD Royal Sir gr\u00e5 91x71x174cm<br \/>\nGr\u00e5tt papeg\u00f8yebur, m\u00e5l er: 91x71x174cm. Buret har skuff og sprut beskyttelse for \u00e5 holde mest mulig fr\u00f8skal i buret. Den har et sitteplass p\u00e5 taket til papeg\u00f8yen.<br \/>\nSt\u00f8rrelsen p\u00e5 buret er ikke nok til \u00e5 brukes som permanent bur for en st\u00f8rre papeg\u00f8ye.<\/p>\n<p><img decoding=\"async\" class=\"alignleft size-full wp-image-59415\" src=\"https:\/\/admin.fuglebutikker.kinsta.cloud\/wp-content\/uploads\/2020\/02\/Palle-frakt-1.png\" alt=\"\" width=\"90\" height=\"90\">M\u00e5 sendes hjem p\u00e5 pall, velg fraktmetode: Palle-frakt store terrarium\/akvarium\/bur\/produkter<br \/>\neller hent gratis i v\u00e5r butikk p\u00e5 Lade Arena i Trondheim, velg: Lokal henting p\u00e5 Lade Arena, Trondheim (gratis)<\/p>","protected":false},"featured_media":20121,"comment_status":"closed","ping_status":"closed","template":"","meta":{"content-type":"","_uf_show_specific_survey":0,"_uf_disable_surveys":false,"_monsterinsights_skip_tracking":false,"_monsterinsights_sitenote_active":false,"_monsterinsights_sitenote_note":"","_monsterinsights_sitenote_category":0},"pwb-brand":[662],"product_brand":[],"product_cat":[2202,41,1147,2162,2285],"product_tag":[],"woo-feed-brand":[],"class_list":{"0":"post-336","1":"product","2":"type-product","3":"status-publish","4":"has-post-thumbnail","6":"pwb-brand-gd","7":"product_cat-fugl-bur","8":"product_cat-fugl","9":"product_cat-fugl-som-hobby","10":"product_cat-fuglebur-og-fuglebur-tilbehor","11":"product_cat-voliere","12":"product_shipping_class-hjemlevering-palle-frakt","14":"first","15":"instock","16":"taxable","17":"shipping-taxable","18":"purchasable","19":"product-type-simple"},"exclude_global_add_ons":[],"addons":[],"brands":[{"id":662,"name":"GD","slug":"gd"}],"_links":{"self":[{"href":"https:\/\/fuglebutikken.no\/en\/wp-json\/wp\/v2\/product\/336","targetHints":{"allow":["GET"]}}],"collection":[{"href":"https:\/\/fuglebutikken.no\/en\/wp-json\/wp\/v2\/product"}],"about":[{"href":"https:\/\/fuglebutikken.no\/en\/wp-json\/wp\/v2\/types\/product"}],"replies":[{"embeddable":true,"href":"https:\/\/fuglebutikken.no\/en\/wp-json\/wp\/v2\/comments?post=336"}],"wp:featuredmedia":[{"embeddable":true,"href":"https:\/\/fuglebutikken.no\/en\/wp-json\/wp\/v2\/media\/20121"}],"wp:attachment":[{"href":"https:\/\/fuglebutikken.no\/en\/wp-json\/wp\/v2\/media?parent=336"}],"wp:term":[{"taxonomy":"pwb-brand","embeddable":true,"href":"https:\/\/fuglebutikken.no\/en\/wp-json\/wp\/v2\/pwb-brand?post=336"},{"taxonomy":"product_brand","embeddable":true,"href":"https:\/\/fuglebutikken.no\/en\/wp-json\/wp\/v2\/product_brand?post=336"},{"taxonomy":"product_cat","embeddable":true,"href":"https:\/\/fuglebutikken.no\/en\/wp-json\/wp\/v2\/product_cat?post=336"},{"taxonomy":"product_tag","embeddable":true,"href":"https:\/\/fuglebutikken.no\/en\/wp-json\/wp\/v2\/product_tag?post=336"},{"taxonomy":"woo-feed-brand","embeddable":true,"href":"https:\/\/fuglebutikken.no\/en\/wp-json\/wp\/v2\/woo-feed-brand?post=336"}],"curies":[{"name":"wp","href":"https:\/\/api.w.org\/{rel}","templated":true}]}}