{"id":324,"date":"2020-02-22T18:09:17","date_gmt":"2020-02-22T17:09:17","guid":{"rendered":"https:\/\/274105-www.web.tornado-node.net\/fugl\/product\/gd-victory-pa-hjul-vit-vit-100x76x182cm\/"},"modified":"2025-03-06T13:18:47","modified_gmt":"2025-03-06T12:18:47","slug":"gd-victory-pa-hjul-vit-vit-100x76x182cm","status":"publish","type":"product","link":"https:\/\/fuglebutikken.no\/en\/butikk\/fugl-som-hobby\/fugl\/gd-victory-pa-hjul-vit-vit-100x76x182cm\/","title":{"rendered":"GD Victory p\u00e5 hjul hvit 100x76x182cm"},"content":{"rendered":"<p>GD Victory p\u00e5 hjul hvit 100x76x182cm<\/p>\n<p>\u2022 Indre m\u00e5l 973 X 724 X 1564 mm<br \/>\n\u2022 2 d\u00f8rer 387 x 470 mm p\u00e5 fremsiden<br \/>\n\u2022 8 luker for forkopper 129 x 161 mm<br \/>\n\u2022 Uttrekkbar bunn<br \/>\n\u2022 Gitter 1.8 mm \u00f8<br \/>\n\u2022 Karmer 3 mm \u00f8<br \/>\n\u2022 Gitteravstand 10.7 mm<\/p>","protected":false},"excerpt":{"rendered":"<p>GD Victory p\u00e5 hjul hvit 100x76x182cm<\/p>\n<p><img decoding=\"async\" class=\"alignleft wp-image-59415 size-full\" src=\"https:\/\/fuglebutikken.no\/wp-content\/uploads\/2020\/02\/Palle-frakt-1.png\" alt=\"\" width=\"90\" height=\"90\">M\u00e5 sendes p\u00e5 pall, velg fraktmetode: Palle-frakt store terrarium\/akvarium\/produkter<br \/>\neller hent gratis i v\u00e5r butikk p\u00e5 Lade Arena i Trondheim, velg: Lokal henting p\u00e5 Lade Arena, Trondheim (gratis)<\/p>","protected":false},"featured_media":13266,"comment_status":"closed","ping_status":"closed","template":"","meta":{"content-type":"","_uf_show_specific_survey":0,"_uf_disable_surveys":false,"_monsterinsights_skip_tracking":false,"_monsterinsights_sitenote_active":false,"_monsterinsights_sitenote_note":"","_monsterinsights_sitenote_category":0},"pwb-brand":[662],"product_brand":[],"product_cat":[41,1147],"product_tag":[],"woo-feed-brand":[],"class_list":{"0":"post-324","1":"product","2":"type-product","3":"status-publish","4":"has-post-thumbnail","6":"pwb-brand-gd","7":"product_cat-fugl","8":"product_cat-fugl-som-hobby","10":"first","11":"instock","12":"taxable","13":"shipping-taxable","14":"purchasable","15":"product-type-simple"},"exclude_global_add_ons":[],"addons":[],"brands":[{"id":662,"name":"GD","slug":"gd"}],"_links":{"self":[{"href":"https:\/\/fuglebutikken.no\/en\/wp-json\/wp\/v2\/product\/324","targetHints":{"allow":["GET"]}}],"collection":[{"href":"https:\/\/fuglebutikken.no\/en\/wp-json\/wp\/v2\/product"}],"about":[{"href":"https:\/\/fuglebutikken.no\/en\/wp-json\/wp\/v2\/types\/product"}],"replies":[{"embeddable":true,"href":"https:\/\/fuglebutikken.no\/en\/wp-json\/wp\/v2\/comments?post=324"}],"wp:featuredmedia":[{"embeddable":true,"href":"https:\/\/fuglebutikken.no\/en\/wp-json\/wp\/v2\/media\/13266"}],"wp:attachment":[{"href":"https:\/\/fuglebutikken.no\/en\/wp-json\/wp\/v2\/media?parent=324"}],"wp:term":[{"taxonomy":"pwb-brand","embeddable":true,"href":"https:\/\/fuglebutikken.no\/en\/wp-json\/wp\/v2\/pwb-brand?post=324"},{"taxonomy":"product_brand","embeddable":true,"href":"https:\/\/fuglebutikken.no\/en\/wp-json\/wp\/v2\/product_brand?post=324"},{"taxonomy":"product_cat","embeddable":true,"href":"https:\/\/fuglebutikken.no\/en\/wp-json\/wp\/v2\/product_cat?post=324"},{"taxonomy":"product_tag","embeddable":true,"href":"https:\/\/fuglebutikken.no\/en\/wp-json\/wp\/v2\/product_tag?post=324"},{"taxonomy":"woo-feed-brand","embeddable":true,"href":"https:\/\/fuglebutikken.no\/en\/wp-json\/wp\/v2\/woo-feed-brand?post=324"}],"curies":[{"name":"wp","href":"https:\/\/api.w.org\/{rel}","templated":true}]}}