{"id":3236,"date":"2020-03-06T21:29:24","date_gmt":"2020-03-06T20:29:24","guid":{"rendered":"https:\/\/fugl.fuglebutikker.kinsta.cloud\/butik\/v3-smart-wifi-2-veis-samtale-video-dorklokke\/"},"modified":"2025-03-06T13:58:25","modified_gmt":"2025-03-06T12:58:25","slug":"v3","status":"publish","type":"product","link":"https:\/\/fuglebutikken.no\/en\/butikk\/ukategorisert\/v3\/","title":{"rendered":"V3 Smart WIFI 2-veis samtale, Video d\u00f8rklokke"},"content":{"rendered":"","protected":false},"excerpt":{"rendered":"<p>V3 Smart WIFI 2-veis samtale, Video d\u00f8rklokke<\/p>\n<p>[HD 720P-oppl\u00f8sning] &#8211; Bruk HuaWei-brikkesett, 1280 \u00d7 720p-oppl\u00f8sning gir mer klarhet. Livestr\u00f8mmen er tilgjengelig via iOS \/ Android-mobiltelefon. Maksimalt 4 enheter kan vises samtidig. St\u00f8tte 2.4 GHz wifi.<\/p>\n<p>[Utend\u00f8rs d\u00f8rklokkekamera] &#8211; 166 \u00b0 (diagonal) vidvinkelobjektiv utenfor g\u00e5rdsplassen, korridoren. D\u00f8rklokken bruker 3200mAh litium-ion-polymerbatteri med h\u00f8y kapasitet, standby-tid p\u00e5 opptil 1-2 m\u00e5neder.<\/p>\n<p>[Nattsyn og PIR bevegelsesdeteksjon] &#8211; VStarcam-kamera innebygd 6stk SMT IR-LED, infrar\u00f8dt visjonslys, nattesyn opp til 3 N\u00e5r kameraet er i forsvar, er bevegelsesdeteksjonsalarmen tilgjengelig, Alert vil bli sendt via e-post \/ app. Du kan bruke den som baby \/ eldre \/ barnepike \/ kj\u00e6ledyroverv\u00e5ker. Hold stedet eller folk du elsker trygt 24\/7.<\/p>\n<p>[Tyverisikring av d\u00f8rklokken] &#8211; For tyverisikring er den utvendige enheten til d\u00f8rklokken bygget med antikroppskomponenter. Innend\u00f8rsenheten vil alarmere n\u00e5r utend\u00f8rsenheten fjernes eller blir skadet.<\/p>\n<p>[Toveis lyd] &#8211; Innebygd h\u00f8yttaler og mikrofon, du kan se, h\u00f8re og snakke med den som st\u00e5r foran VStarcam hjemmekamera direkte, for eksempel baby, kj\u00e6ledyr, eldre og tyv.<\/p>\n<p>[Maks 128G TF-kortlagring] &#8211; St\u00f8tter maks. 128G TF-kort (kort ikke inkludert) lagring. Du kan live-streame opptakene dine eller spille av basert p\u00e5 dine preferanser. Enkel betjening med intuitivt grensesnitt. VStarcam gir 1 \u00e5rs garanti.<\/p>\n<p>[MULTI-USERS MULTI-DEVICES]: Utend\u00f8rs IP-kamera st\u00f8tter opptil 4 brukere som ser video samtidig; Android, IOS og Windows PC er begge tilgjengelige for visning av tr\u00e5dl\u00f8st overv\u00e5kingskamera. Familiemedlemmene dine kan se den samme videoen uansett hvor de er, uansett hvilken enhet de bruker. Merknad: St\u00f8tter ikke Mac OS.<\/p>\n","protected":false},"featured_media":3229,"comment_status":"open","ping_status":"closed","template":"","meta":{"content-type":"","_uf_show_specific_survey":0,"_uf_disable_surveys":false,"_monsterinsights_skip_tracking":false,"_monsterinsights_sitenote_active":false,"_monsterinsights_sitenote_note":"","_monsterinsights_sitenote_category":0},"pwb-brand":[669],"product_brand":[],"product_cat":[2106],"product_tag":[36,25,26,37,38],"woo-feed-brand":[],"class_list":{"0":"post-3236","1":"product","2":"type-product","3":"status-publish","4":"has-post-thumbnail","6":"pwb-brand-vstarcam","7":"product_cat-ukategorisert","8":"product_tag-dorkamera","9":"product_tag-overvaking","10":"product_tag-redd","11":"product_tag-ringeklokke","12":"product_tag-toveis-kamera","14":"first","15":"outofstock","16":"downloadable","17":"taxable","18":"shipping-taxable","19":"purchasable","20":"product-type-simple"},"exclude_global_add_ons":[],"addons":[],"brands":[{"id":669,"name":"Vstarcam","slug":"vstarcam"}],"_links":{"self":[{"href":"https:\/\/fuglebutikken.no\/en\/wp-json\/wp\/v2\/product\/3236","targetHints":{"allow":["GET"]}}],"collection":[{"href":"https:\/\/fuglebutikken.no\/en\/wp-json\/wp\/v2\/product"}],"about":[{"href":"https:\/\/fuglebutikken.no\/en\/wp-json\/wp\/v2\/types\/product"}],"replies":[{"embeddable":true,"href":"https:\/\/fuglebutikken.no\/en\/wp-json\/wp\/v2\/comments?post=3236"}],"wp:featuredmedia":[{"embeddable":true,"href":"https:\/\/fuglebutikken.no\/en\/wp-json\/wp\/v2\/media\/3229"}],"wp:attachment":[{"href":"https:\/\/fuglebutikken.no\/en\/wp-json\/wp\/v2\/media?parent=3236"}],"wp:term":[{"taxonomy":"pwb-brand","embeddable":true,"href":"https:\/\/fuglebutikken.no\/en\/wp-json\/wp\/v2\/pwb-brand?post=3236"},{"taxonomy":"product_brand","embeddable":true,"href":"https:\/\/fuglebutikken.no\/en\/wp-json\/wp\/v2\/product_brand?post=3236"},{"taxonomy":"product_cat","embeddable":true,"href":"https:\/\/fuglebutikken.no\/en\/wp-json\/wp\/v2\/product_cat?post=3236"},{"taxonomy":"product_tag","embeddable":true,"href":"https:\/\/fuglebutikken.no\/en\/wp-json\/wp\/v2\/product_tag?post=3236"},{"taxonomy":"woo-feed-brand","embeddable":true,"href":"https:\/\/fuglebutikken.no\/en\/wp-json\/wp\/v2\/woo-feed-brand?post=3236"}],"curies":[{"name":"wp","href":"https:\/\/api.w.org\/{rel}","templated":true}]}}