{"id":3227,"date":"2020-03-07T23:28:49","date_gmt":"2020-03-07T22:28:49","guid":{"rendered":"https:\/\/fugl.fuglebutikker.kinsta.cloud\/butik\/cg1-4g-fullfarge-sim-kort-kamera\/"},"modified":"2025-11-04T12:13:17","modified_gmt":"2025-11-04T11:13:17","slug":"cg52-4g-fullfarge-sim-kort-kamera","status":"publish","type":"product","link":"https:\/\/fuglebutikken.no\/en\/butikk\/fugl-som-hobby\/fugl\/fuglebur-og-fuglebur-tilbehor\/bur-tilbehor\/kamera-bur-tilbehor\/cg52-4g-fullfarge-sim-kort-kamera\/","title":{"rendered":"CG52 4G fullfarge SIM kort kamera"},"content":{"rendered":"<h2>CG52 4G fullfarge SIM kort kamera<\/h2>\n<p>Oppdag det ultimate kameraet for overv\u00e5kning og sikkerhet med CG52 4G fullfarge SIM kort kamera. Dette innovative kameraet legger til rette for enkel installasjon hvor som helst, ideelt for steder hvor det er vanskelig \u00e5 f\u00e5 tilgang til tradisjonell internettforbindelse. Med sitt robuste design og avanserte funksjoner, gir dette kameraet deg trygghet b\u00e5de dag og natt.<\/p>\n<h3>N\u00f8kkelfordeler<\/h3>\n<p>CG52 4G kameraet er utstyrt med en avansert 1080p sensor som sikrer krystallklar bildeopplevelse. Dets nattsynsfunksjon gj\u00f8r det mulig \u00e5 se detaljer selv i m\u00f8rket, takket v\u00e6re to kraftige IR-lys. Med st\u00f8tte for opptil fire samtidige brukere, kan du enkelt dele tilgangen med familie eller kolleger. Uansett om du overv\u00e5ker et hjem, hytte eller n\u00e6ringslokale, gir dette kameraet deg muligheten til \u00e5 holde et \u00f8ye med hva som skjer.<\/p>\n<h3>Slik bruker du det<\/h3>\n<p>For \u00e5 komme i gang, trenger du enten et tvilling SIM-kort eller et eget SIM-kort med datatilkobling. Plasser kameraet p\u00e5 \u00f8nsket sted og sett det opp ved hjelp av den intuitive brukergrensesnittet via appen. Den tr\u00e5dl\u00f8se tilkoblingen gir deg friheten til \u00e5 plassere kameraet selv i omr\u00e5der uten fastnett, s\u00e5 lenge det er god mobildekning. Kameraet er ogs\u00e5 vanntett, noe som gj\u00f8r det perfekt for utend\u00f8rs bruk.<\/p>\n<h3>Tilleggsinformasjon<\/h3>\n<p>CG52 kameraet er utstyrt med en rekke tekniske spesifikasjoner som gj\u00f8r det til et kraftig overv\u00e5kingsverkt\u00f8y. Den har st\u00f8tte for H.264 videoformat og kan sende tre forskjellige videostr\u00f8mmer samtidig. Kameraet har ogs\u00e5 bevegelsesdeteksjon og varsler deg umiddelbart ved mistenkelig aktivitet. Med en maksimal oppl\u00f8sning p\u00e5 1080p og flere justeringsmuligheter for bilde, gir dette kameraet deg full kontroll over overv\u00e5kingen.<\/p>","protected":false},"excerpt":{"rendered":"<div id=\"tw-target-text-container\" class=\"gsrt tw-ta-container tw-nfl\">\n<h3 class=\"\">CG52 4G fullfarge SIM kort kamera<\/h3>\n<h1 class=\"tw-data-text tw-ta tw-text-small\" dir=\"ltr\" data-placeholder=\"Oversettelse\"><span lang=\"no\">VSTARCAM CG1 VANNTETT SIM KORT IP-KAMERA 1080P, IR,<\/span><\/h1>\n<p>NATTAKTIV VIDEOKAMERA\/OPPTAKER<\/p>\n<p>Her kan du bruke tvillingkort eller ha et eget sim kort med dataabonnement.<br \/>\nIdeelt p\u00e5 steder hvor det er for langt til moden\/router og hvor du har god dekning p\u00e5 mobil<\/p>\n<\/div>","protected":false},"featured_media":23262,"comment_status":"open","ping_status":"closed","template":"","meta":{"content-type":"","_uf_show_specific_survey":0,"_uf_disable_surveys":false,"_monsterinsights_skip_tracking":false,"_monsterinsights_sitenote_active":false,"_monsterinsights_sitenote_note":"","_monsterinsights_sitenote_category":0},"pwb-brand":[669],"product_brand":[],"product_cat":[1970,2203,41,1147,2286,649,1971,1550,2141,1554,1776,1551],"product_tag":[20,21,22,23,24,25,26,27,993,28,29,30,31,32],"woo-feed-brand":[],"class_list":{"0":"post-3227","1":"product","2":"type-product","3":"status-publish","4":"has-post-thumbnail","6":"pwb-brand-vstarcam","7":"product_cat-beskyttelse","8":"product_cat-bur-tilbehor","9":"product_cat-fugl","10":"product_cat-fugl-som-hobby","11":"product_cat-hjemme","12":"product_cat-kamera-bur-tilbehor","13":"product_cat-kamera","14":"product_cat-kamera-gps-sporing","15":"product_cat-bur-og-sikkerhet-katt","16":"product_cat-sim-kort-kamera","17":"product_cat-utendorskamera","18":"product_cat-vstarcam","19":"product_tag-hundegards-kamera","20":"product_tag-kjaeledyrkamera","21":"product_tag-nattkamera","22":"product_tag-nettverkskamera","23":"product_tag-opptaks-kamera","24":"product_tag-overvaking","25":"product_tag-redd","26":"product_tag-sikkerhets-og-overvakingskamera","27":"product_tag-sommer-varme","28":"product_tag-tradlost-kamera","29":"product_tag-utekamera","30":"product_tag-utendorskamera","31":"product_tag-vanntett-kamera","32":"product_tag-videokamera","34":"first","35":"instock","36":"sale","37":"taxable","38":"shipping-taxable","39":"purchasable","40":"product-type-simple"},"exclude_global_add_ons":[],"addons":[],"brands":[{"id":669,"name":"Vstarcam","slug":"vstarcam"}],"_links":{"self":[{"href":"https:\/\/fuglebutikken.no\/en\/wp-json\/wp\/v2\/product\/3227","targetHints":{"allow":["GET"]}}],"collection":[{"href":"https:\/\/fuglebutikken.no\/en\/wp-json\/wp\/v2\/product"}],"about":[{"href":"https:\/\/fuglebutikken.no\/en\/wp-json\/wp\/v2\/types\/product"}],"replies":[{"embeddable":true,"href":"https:\/\/fuglebutikken.no\/en\/wp-json\/wp\/v2\/comments?post=3227"}],"wp:featuredmedia":[{"embeddable":true,"href":"https:\/\/fuglebutikken.no\/en\/wp-json\/wp\/v2\/media\/23262"}],"wp:attachment":[{"href":"https:\/\/fuglebutikken.no\/en\/wp-json\/wp\/v2\/media?parent=3227"}],"wp:term":[{"taxonomy":"pwb-brand","embeddable":true,"href":"https:\/\/fuglebutikken.no\/en\/wp-json\/wp\/v2\/pwb-brand?post=3227"},{"taxonomy":"product_brand","embeddable":true,"href":"https:\/\/fuglebutikken.no\/en\/wp-json\/wp\/v2\/product_brand?post=3227"},{"taxonomy":"product_cat","embeddable":true,"href":"https:\/\/fuglebutikken.no\/en\/wp-json\/wp\/v2\/product_cat?post=3227"},{"taxonomy":"product_tag","embeddable":true,"href":"https:\/\/fuglebutikken.no\/en\/wp-json\/wp\/v2\/product_tag?post=3227"},{"taxonomy":"woo-feed-brand","embeddable":true,"href":"https:\/\/fuglebutikken.no\/en\/wp-json\/wp\/v2\/woo-feed-brand?post=3227"}],"curies":[{"name":"wp","href":"https:\/\/api.w.org\/{rel}","templated":true}]}}