{"id":318,"date":"2020-02-22T18:09:17","date_gmt":"2020-02-22T17:09:17","guid":{"rendered":"https:\/\/274105-www.web.tornado-node.net\/fugl\/product\/fp-forkopp-brava-4-16-5x9-5x14cm\/"},"modified":"2025-03-06T13:59:56","modified_gmt":"2025-03-06T12:59:56","slug":"fp-forkopp-brava-4-16-5x9-5x14cm","status":"publish","type":"product","link":"https:\/\/fuglebutikken.no\/en\/butikk\/fugl-som-hobby\/fugl\/fuglebur-og-fuglebur-tilbehor\/bur-tilbehor\/fugleskaler-og-automater\/fp-forkopp-brava-4-16-5x9-5x14cm\/","title":{"rendered":"Fp f\u00f4rkopp brava 4 16.5&#215;9.5x14cm"},"content":{"rendered":"<p id=\"tw-target-text\" class=\"tw-data-text tw-text-large XcVN5d tw-ta\" dir=\"ltr\" data-placeholder=\"Oversettelse\"><span class=\"Y2IQFc\" lang=\"no\">Fuglmatere i Ferplasts Brava-serie er designet for \u00e5 v\u00e6re enkle \u00e5 bruke og veldig praktiske. De mindre modellene, Brava 1 og Brava 2, passer b\u00e5de til rektangul\u00e6re og runde, sm\u00e5 og mellomstore bur for kanarifugler, eksotiske fugler og andre sm\u00e5fugler. Brava 1 og 2 matere er romslige og praktiske og er laget av gjennomsiktig plast. De er enkle \u00e5 rengj\u00f8re, og lar deg samtidig sjekke, raskt, mengden mat som fuglene dine har til r\u00e5dighet. <\/span><\/p>\n<p class=\"tw-data-text tw-text-large XcVN5d tw-ta\" dir=\"ltr\" data-placeholder=\"Oversettelse\"><span class=\"Y2IQFc\" lang=\"no\">Brava 4-mater er ideell for undulater og kakaduer, mens den st\u00f8rre modellen, Brava 6, er spesielt designet for fugler av kanarifugler og eksotiske fugler. Hovedfunksjonen til alle matere er at de er flyttbare og har en svivelfunksjon, noe som gj\u00f8r det lettere \u00e5 fylle og rengj\u00f8re dem. For \u00e5 fylle matene med mat, er det bare \u00e5 vri dem utover. For rengj\u00f8ring og vedlikehold kan du fjerne dem fra foringsr\u00f8ret uten fare for at fuglen din r\u00f8mmer. I tillegg utl\u00f8ser l\u00e5sesystemet en sikkerhetsl\u00e5s, som forhindrer dine fj\u00e6rete venner fra \u00e5 flytte materen, og dermed ogs\u00e5 unng\u00e5 utilsiktet lekkasje.<\/span><\/p>","protected":false},"excerpt":{"rendered":"<p>Fp f\u00f4rkopp brava 4 16.5&#215;9.5x14cm<\/p>\n<ul>\n<li>Avtakbar og roterende.<\/li>\n<li>Du trenger ikke \u00e5 fjerne materen for \u00e5 fylle den med mat.<\/li>\n<li>Sikkerhetsl\u00e5s for \u00e5 unng\u00e5 at fuglen r\u00f8mmer.<\/li>\n<li>Enkel \u00e5 rengj\u00f8re og vedlikeholde.<\/li>\n<li>Fire st\u00f8rrelser for alle fuglearter.<\/li>\n<\/ul>","protected":false},"featured_media":2758,"comment_status":"closed","ping_status":"closed","template":"","meta":{"content-type":"","_uf_show_specific_survey":0,"_uf_disable_surveys":false,"_monsterinsights_skip_tracking":false,"_monsterinsights_sitenote_active":false,"_monsterinsights_sitenote_note":"","_monsterinsights_sitenote_category":0},"pwb-brand":[661],"product_brand":[],"product_cat":[50],"product_tag":[96],"woo-feed-brand":[],"class_list":{"0":"post-318","1":"product","2":"type-product","3":"status-publish","4":"has-post-thumbnail","6":"pwb-brand-ferplast","7":"product_cat-fugleskaler-og-automater","8":"product_tag-undulat","10":"first","11":"instock","12":"taxable","13":"shipping-taxable","14":"purchasable","15":"product-type-simple"},"exclude_global_add_ons":[],"addons":[],"brands":[{"id":661,"name":"Ferplast","slug":"ferplast"}],"_links":{"self":[{"href":"https:\/\/fuglebutikken.no\/en\/wp-json\/wp\/v2\/product\/318","targetHints":{"allow":["GET"]}}],"collection":[{"href":"https:\/\/fuglebutikken.no\/en\/wp-json\/wp\/v2\/product"}],"about":[{"href":"https:\/\/fuglebutikken.no\/en\/wp-json\/wp\/v2\/types\/product"}],"replies":[{"embeddable":true,"href":"https:\/\/fuglebutikken.no\/en\/wp-json\/wp\/v2\/comments?post=318"}],"wp:featuredmedia":[{"embeddable":true,"href":"https:\/\/fuglebutikken.no\/en\/wp-json\/wp\/v2\/media\/2758"}],"wp:attachment":[{"href":"https:\/\/fuglebutikken.no\/en\/wp-json\/wp\/v2\/media?parent=318"}],"wp:term":[{"taxonomy":"pwb-brand","embeddable":true,"href":"https:\/\/fuglebutikken.no\/en\/wp-json\/wp\/v2\/pwb-brand?post=318"},{"taxonomy":"product_brand","embeddable":true,"href":"https:\/\/fuglebutikken.no\/en\/wp-json\/wp\/v2\/product_brand?post=318"},{"taxonomy":"product_cat","embeddable":true,"href":"https:\/\/fuglebutikken.no\/en\/wp-json\/wp\/v2\/product_cat?post=318"},{"taxonomy":"product_tag","embeddable":true,"href":"https:\/\/fuglebutikken.no\/en\/wp-json\/wp\/v2\/product_tag?post=318"},{"taxonomy":"woo-feed-brand","embeddable":true,"href":"https:\/\/fuglebutikken.no\/en\/wp-json\/wp\/v2\/woo-feed-brand?post=318"}],"curies":[{"name":"wp","href":"https:\/\/api.w.org\/{rel}","templated":true}]}}