{"id":3142,"date":"2020-09-09T13:58:14","date_gmt":"2020-09-09T11:58:14","guid":{"rendered":"https:\/\/fugl.fuglebutikker.kinsta.cloud\/butik\/nekton-tonic-k-for-frospisende-fugler-200-gram\/"},"modified":"2026-02-24T10:03:31","modified_gmt":"2026-02-24T09:03:31","slug":"nekton-tonic-k","status":"publish","type":"product","link":"https:\/\/fuglebutikken.no\/en\/butikk\/fugl-som-hobby\/fugl\/spise\/fuglevitaminer-og-mineraler\/nekton-tonic-k\/","title":{"rendered":"Nekton Tonic K for fr\u00f8spisende fugler 200 gram"},"content":{"rendered":"<h2>Nekton Tonic K for fr\u00f8spisende fugler 200 gram<\/h2>\n<p>Nekton tonic K, nekton bird vitamins,&nbsp; er for fr\u00f8spisende fugler. Dette er det ideelle stoffet for syke eller svake fugler for \u00e5 f\u00e5 dem friske og raske igjen. Tonic K inneholder alle stoffene fuglen trenger, stoffene vil bli tatt i bruk av kroppen umiddelbart uten hjelp fra ford\u00f8yelsessystemet. Dette vil ha positiv effekt p\u00e5 sykdommer, fj\u00f8rfelling, avl, avklimatisering og stress. Nekton tonic K kan gis som fullf\u00f2r i kortere perioder ved behov.<\/p>\n<p>Nekton tonic K kan v\u00e6re det eneste mulighet for svake eller syke dyr for at de f\u00e5r i seg de n\u00f8dvendige n\u00e6ringsstoffene den trenger raskest mulig.<\/p>\n<p>Kan gis 2-3 ganger i uken, eller daglig i perioder ved behov.<\/p>\n<p><strong>Inneholder<\/strong>:&nbsp;Dekstrose, pollen, soyaproteinisolat (GMO-fri), natriumklorid, fruktose, soya, kaliumdihydrogenfosfat, kalsiumglukonat, sukrose, dikalsiumfosfat, kaliumklorid, kalsium glycerofosfat, magnesiumkarbonat, kiselsyre, kalsiumkarbonat, tistelolje<\/p>\n<p>Tilsatt vitaminer pr. kilo:&nbsp;39 600 IE vitamin A, 2570 IE vitamin D3, 40 mg vitamin E, 24 mg vitamin B1 (tiamin hydroklorid), 27 mg vitamin B2 (riboflavin), 20 mg Pantotensyre (kalsium-D form), 60 mg nikotinamid, 17 mg vitamin B6 (pyridoksin hydroklorid), 1,3 mg folsyre, 2350 mikrogram vitamin B12, 200 mg vitamin C (L (+) &#8211; askorbinsyre), 8 mg vitamin K3 (menadion-natriumbisulfitt), 10 230 ug biotin, 100 mg inositol, 100 mg cholinklorid, 33 mg jern (jern-II-sulfat) 0,1 mg sink (sinksulfat ), 8 mg kobber (kobber-II-sulfat), 7 mg mangan (mangan-II-sulfat), 0,09 g molybden (ammoniummolybdat).<\/p>\n<p><img decoding=\"async\" class=\"aligncenter wp-image-66197 size-full\" src=\"https:\/\/dgspetproducts.no\/wp-content\/uploads\/2020\/02\/Nekton-E-vitamintilskudd-35-gram.........jpg\" alt=\"Nekton\" width=\"1046\" height=\"1500\"><\/p>","protected":false},"excerpt":{"rendered":"<h3>Nekton Tonic K for fr\u00f8spisende fugler 200 gram<\/h3>\n<p>Nekton tonic K er for fr\u00f8spisende fugler. Dette er det ideelle stoffet for syke eller svake fugler for \u00e5 f\u00e5 dem friske og raske igjen. Tonic K inneholder alle stoffene fuglen trenger, stoffene vil bli tatt i bruk av kroppen umiddelbart uten hjelp fra ford\u00f8yelsessystemet. Dette vil ha positiv effekt p\u00e5 sykdommer, fj\u00f8rfelling, avl, avklimatisering og stress. Nekton tonic K kan gis som fullf\u00f2r i kortere perioder ved behov.<\/p>\n<ul>\n<li>NEKTON-Tonic er l\u00f8selig i vann og kan blandes med myk mat \u2013 eller gis som n\u00e6ringsl\u00f8sning direkte i nebbet.<\/li>\n<li>NEKTON-Tonic kan gis to til tre ganger i uken, eller daglig, ved \u00f8kt stress, for \u00e5 forhindre ern\u00e6ringsmangel.<\/li>\n<li>Et gr\u00f8nt m\u00e5l er festet til hver flaske NEKTON-Tonic, en stor skje tilsvarer 10 g.<\/li>\n<\/ul>","protected":false},"featured_media":27622,"comment_status":"closed","ping_status":"closed","template":"","meta":{"content-type":"","_uf_show_specific_survey":0,"_uf_disable_surveys":false,"_monsterinsights_skip_tracking":false,"_monsterinsights_sitenote_active":false,"_monsterinsights_sitenote_note":"","_monsterinsights_sitenote_category":0},"pwb-brand":[976],"product_brand":[],"product_cat":[41,1147,3299,78],"product_tag":[1993],"woo-feed-brand":[],"class_list":{"0":"post-3142","1":"product","2":"type-product","3":"status-publish","4":"has-post-thumbnail","6":"pwb-brand-nekton","7":"product_cat-fugl","8":"product_cat-fugl-som-hobby","9":"product_cat-spise","10":"product_cat-fuglevitaminer-og-mineraler","11":"product_tag-kosttilskudd-og-vitaminer-for-fugl","13":"first","14":"instock","15":"taxable","16":"shipping-taxable","17":"purchasable","18":"product-type-simple"},"exclude_global_add_ons":[],"addons":[],"brands":[{"id":976,"name":"Nekton","slug":"nekton"}],"_links":{"self":[{"href":"https:\/\/fuglebutikken.no\/en\/wp-json\/wp\/v2\/product\/3142","targetHints":{"allow":["GET"]}}],"collection":[{"href":"https:\/\/fuglebutikken.no\/en\/wp-json\/wp\/v2\/product"}],"about":[{"href":"https:\/\/fuglebutikken.no\/en\/wp-json\/wp\/v2\/types\/product"}],"replies":[{"embeddable":true,"href":"https:\/\/fuglebutikken.no\/en\/wp-json\/wp\/v2\/comments?post=3142"}],"wp:featuredmedia":[{"embeddable":true,"href":"https:\/\/fuglebutikken.no\/en\/wp-json\/wp\/v2\/media\/27622"}],"wp:attachment":[{"href":"https:\/\/fuglebutikken.no\/en\/wp-json\/wp\/v2\/media?parent=3142"}],"wp:term":[{"taxonomy":"pwb-brand","embeddable":true,"href":"https:\/\/fuglebutikken.no\/en\/wp-json\/wp\/v2\/pwb-brand?post=3142"},{"taxonomy":"product_brand","embeddable":true,"href":"https:\/\/fuglebutikken.no\/en\/wp-json\/wp\/v2\/product_brand?post=3142"},{"taxonomy":"product_cat","embeddable":true,"href":"https:\/\/fuglebutikken.no\/en\/wp-json\/wp\/v2\/product_cat?post=3142"},{"taxonomy":"product_tag","embeddable":true,"href":"https:\/\/fuglebutikken.no\/en\/wp-json\/wp\/v2\/product_tag?post=3142"},{"taxonomy":"woo-feed-brand","embeddable":true,"href":"https:\/\/fuglebutikken.no\/en\/wp-json\/wp\/v2\/woo-feed-brand?post=3142"}],"curies":[{"name":"wp","href":"https:\/\/api.w.org\/{rel}","templated":true}]}}