{"id":3103,"date":"2020-09-09T12:21:26","date_gmt":"2020-09-09T10:21:26","guid":{"rendered":"https:\/\/fugl.fuglebutikker.kinsta.cloud\/butik\/fugleleke-freddie-33x135cm\/"},"modified":"2025-03-06T13:58:12","modified_gmt":"2025-03-06T12:58:12","slug":"fugleleke-freddie-33x135cm","status":"publish","type":"product","link":"https:\/\/fuglebutikken.no\/en\/butikk\/ukategorisert\/fugleleke-freddie-33x135cm\/","title":{"rendered":"Fugleleke freddie 33&#215;13,5cm"},"content":{"rendered":"","protected":false},"excerpt":{"rendered":"<p>Fugleleke freddie 33\u00d713,5cm er leket\u00f8y til hjemmet i ethvert fuglebur fordi fugler trenger avveksling, underholding og sysselsettes. Her finner du passende leket\u00f8y av tre, plast og bomull til undulater, parakitter og papeg\u00f8yer. Leket\u00f8y kan imidlertid ikke erstatte daglig aktivitet, det er viktig \u00e5 gi fuglen mulighet til \u00e5 fly fritt.<\/p>\n<div class=\"product__group_description margin-md\">\n<div id=\"middle_box_1\">\n<div class=\"food-brands category__list__box\" data-zta=\"foodBrands\"><\/div>\n<\/div>\n<\/div>","protected":false},"featured_media":12762,"comment_status":"closed","ping_status":"closed","template":"","meta":{"content-type":"","_uf_show_specific_survey":0,"_uf_disable_surveys":false,"_monsterinsights_skip_tracking":false,"_monsterinsights_sitenote_active":false,"_monsterinsights_sitenote_note":"","_monsterinsights_sitenote_category":0},"pwb-brand":[],"product_brand":[],"product_cat":[2106],"product_tag":[],"woo-feed-brand":[],"class_list":{"0":"post-3103","1":"product","2":"type-product","3":"status-publish","4":"has-post-thumbnail","6":"product_cat-ukategorisert","8":"first","9":"instock","10":"taxable","11":"shipping-taxable","12":"purchasable","13":"product-type-simple"},"exclude_global_add_ons":[],"addons":[],"brands":[],"_links":{"self":[{"href":"https:\/\/fuglebutikken.no\/en\/wp-json\/wp\/v2\/product\/3103","targetHints":{"allow":["GET"]}}],"collection":[{"href":"https:\/\/fuglebutikken.no\/en\/wp-json\/wp\/v2\/product"}],"about":[{"href":"https:\/\/fuglebutikken.no\/en\/wp-json\/wp\/v2\/types\/product"}],"replies":[{"embeddable":true,"href":"https:\/\/fuglebutikken.no\/en\/wp-json\/wp\/v2\/comments?post=3103"}],"wp:featuredmedia":[{"embeddable":true,"href":"https:\/\/fuglebutikken.no\/en\/wp-json\/wp\/v2\/media\/12762"}],"wp:attachment":[{"href":"https:\/\/fuglebutikken.no\/en\/wp-json\/wp\/v2\/media?parent=3103"}],"wp:term":[{"taxonomy":"pwb-brand","embeddable":true,"href":"https:\/\/fuglebutikken.no\/en\/wp-json\/wp\/v2\/pwb-brand?post=3103"},{"taxonomy":"product_brand","embeddable":true,"href":"https:\/\/fuglebutikken.no\/en\/wp-json\/wp\/v2\/product_brand?post=3103"},{"taxonomy":"product_cat","embeddable":true,"href":"https:\/\/fuglebutikken.no\/en\/wp-json\/wp\/v2\/product_cat?post=3103"},{"taxonomy":"product_tag","embeddable":true,"href":"https:\/\/fuglebutikken.no\/en\/wp-json\/wp\/v2\/product_tag?post=3103"},{"taxonomy":"woo-feed-brand","embeddable":true,"href":"https:\/\/fuglebutikken.no\/en\/wp-json\/wp\/v2\/woo-feed-brand?post=3103"}],"curies":[{"name":"wp","href":"https:\/\/api.w.org\/{rel}","templated":true}]}}