{"id":3085,"date":"2020-09-09T11:25:27","date_gmt":"2020-09-09T09:25:27","guid":{"rendered":"https:\/\/fugl.fuglebutikker.kinsta.cloud\/butik\/sandpapir-til-fuglebur\/"},"modified":"2025-03-24T15:34:48","modified_gmt":"2025-03-24T14:34:48","slug":"sandpapir-til-fuglebur","status":"publish","type":"product","link":"https:\/\/fuglebutikken.no\/en\/butikk\/fugl-som-hobby\/fugl\/fuglebur-og-fuglebur-tilbehor\/bur-tilbehor\/fuglesand\/sandpapir-til-fuglebur\/","title":{"rendered":"Sandpapir til fuglebur"},"content":{"rendered":"<h2>Sandpapir til fuglebur<\/h2>\n<p>Vi har et utvalg av sandpapir&nbsp; som enkelt plasseres i bunnen p\u00e5 fugleburet og sandpapirhylser til \u00e5 tre utenp\u00e5 sittepinner. Sandpapir i bunnen av buret letter rengj\u00f8ringen, samtidig som den sliper fuglens kl\u00f8r.<\/p>\n<p>St\u00f8rrelsene som f\u00f8lger med kan enkelt kuttes ned mindre for \u00e5 passe, da de er laget av sandpapir. Bare bytt ut de slipte arkene en eller to ganger i uken, og du kan sikre at fuglen din har et lykkelig, rent bur \u00e5 fly rundt i.<\/p>\n<p>De slipte arkene er flotte \u00e5 bruke i bur med undulater, kanarifugler, kakatier, finker og papeg\u00f8yer.<\/p>","protected":false},"excerpt":{"rendered":"<h3>Sandpapir til fuglebur<\/h3>\n<p>Sandpapir for fugl. Hygieniske&nbsp;<em>sandpapir<\/em>&nbsp;beregnet for&nbsp;<em>fuglebur<\/em>.<br \/>\nGj\u00f8r rengj\u00f8ringen av buret enklere, og bidrar til \u00e5 holde fuglens negler nede.<\/p>\n<ul>\n<li>Papirets grove overflate hjelper til med \u00e5 trimme fuglekl\u00f8rne.<\/li>\n<li>N\u00e5r fuglen spiser p\u00e5 sandpapiret bist\u00e5r dette til bedre ford\u00f8yelse.<\/li>\n<li>Forenkler rengj\u00f8ring av buret<\/li>\n<\/ul>","protected":false},"featured_media":13306,"comment_status":"closed","ping_status":"closed","template":"","meta":{"content-type":"","_uf_show_specific_survey":0,"_uf_disable_surveys":false,"_monsterinsights_skip_tracking":false,"_monsterinsights_sitenote_active":false,"_monsterinsights_sitenote_note":"","_monsterinsights_sitenote_category":0},"pwb-brand":[665,917],"product_brand":[],"product_cat":[2203,41,1147,102],"product_tag":[],"woo-feed-brand":[],"class_list":{"0":"post-3085","1":"product","2":"type-product","3":"status-publish","4":"has-post-thumbnail","6":"pwb-brand-karlie-flamingo","7":"pwb-brand-living-world","8":"product_cat-bur-tilbehor","9":"product_cat-fugl","10":"product_cat-fugl-som-hobby","11":"product_cat-fuglesand","13":"first","14":"instock","15":"taxable","16":"shipping-taxable","17":"purchasable","18":"product-type-variable","19":"has-default-attributes"},"exclude_global_add_ons":[],"addons":[],"brands":[{"id":665,"name":"Karlie Flamingo","slug":"karlie-flamingo"},{"id":917,"name":"Living World","slug":"living-world"}],"_links":{"self":[{"href":"https:\/\/fuglebutikken.no\/en\/wp-json\/wp\/v2\/product\/3085","targetHints":{"allow":["GET"]}}],"collection":[{"href":"https:\/\/fuglebutikken.no\/en\/wp-json\/wp\/v2\/product"}],"about":[{"href":"https:\/\/fuglebutikken.no\/en\/wp-json\/wp\/v2\/types\/product"}],"replies":[{"embeddable":true,"href":"https:\/\/fuglebutikken.no\/en\/wp-json\/wp\/v2\/comments?post=3085"}],"wp:featuredmedia":[{"embeddable":true,"href":"https:\/\/fuglebutikken.no\/en\/wp-json\/wp\/v2\/media\/13306"}],"wp:attachment":[{"href":"https:\/\/fuglebutikken.no\/en\/wp-json\/wp\/v2\/media?parent=3085"}],"wp:term":[{"taxonomy":"pwb-brand","embeddable":true,"href":"https:\/\/fuglebutikken.no\/en\/wp-json\/wp\/v2\/pwb-brand?post=3085"},{"taxonomy":"product_brand","embeddable":true,"href":"https:\/\/fuglebutikken.no\/en\/wp-json\/wp\/v2\/product_brand?post=3085"},{"taxonomy":"product_cat","embeddable":true,"href":"https:\/\/fuglebutikken.no\/en\/wp-json\/wp\/v2\/product_cat?post=3085"},{"taxonomy":"product_tag","embeddable":true,"href":"https:\/\/fuglebutikken.no\/en\/wp-json\/wp\/v2\/product_tag?post=3085"},{"taxonomy":"woo-feed-brand","embeddable":true,"href":"https:\/\/fuglebutikken.no\/en\/wp-json\/wp\/v2\/woo-feed-brand?post=3085"}],"curies":[{"name":"wp","href":"https:\/\/api.w.org\/{rel}","templated":true}]}}