{"id":308,"date":"2020-02-22T18:09:17","date_gmt":"2020-02-22T17:09:17","guid":{"rendered":"https:\/\/274105-www.web.tornado-node.net\/fugl\/product\/parakittbur-gala-49-5x30x75-5cm-solv-og-hvit\/"},"modified":"2025-03-06T13:59:54","modified_gmt":"2025-03-06T12:59:54","slug":"parakittbur-gala-49-5x30x75-5cm-solv-og-hvit","status":"publish","type":"product","link":"https:\/\/fuglebutikken.no\/en\/butikk\/ukategorisert\/parakittbur-gala-49-5x30x75-5cm-solv-og-hvit\/","title":{"rendered":"Parakittbur gala 49.5x30x75.5cm s\u00f8lv og hvit"},"content":{"rendered":"","protected":false},"excerpt":{"rendered":"<p>Parakittbur gala 49.5x30x75.5cm s\u00f8lv og hvit er et mellomstort fuglebur som passer fint til undulater og andre sm\u00e5 burfugler.<\/p>","protected":false},"featured_media":9704,"comment_status":"closed","ping_status":"closed","template":"","meta":{"content-type":"","_uf_show_specific_survey":0,"_uf_disable_surveys":false,"_monsterinsights_skip_tracking":false,"_monsterinsights_sitenote_active":false,"_monsterinsights_sitenote_note":"","_monsterinsights_sitenote_category":0},"pwb-brand":[661],"product_brand":[],"product_cat":[2106],"product_tag":[96],"woo-feed-brand":[],"class_list":{"0":"post-308","1":"product","2":"type-product","3":"status-publish","4":"has-post-thumbnail","6":"pwb-brand-ferplast","7":"product_cat-ukategorisert","8":"product_tag-undulat","10":"first","11":"outofstock","12":"taxable","13":"shipping-taxable","14":"purchasable","15":"product-type-simple"},"exclude_global_add_ons":[],"addons":[],"brands":[{"id":661,"name":"Ferplast","slug":"ferplast"}],"_links":{"self":[{"href":"https:\/\/fuglebutikken.no\/en\/wp-json\/wp\/v2\/product\/308","targetHints":{"allow":["GET"]}}],"collection":[{"href":"https:\/\/fuglebutikken.no\/en\/wp-json\/wp\/v2\/product"}],"about":[{"href":"https:\/\/fuglebutikken.no\/en\/wp-json\/wp\/v2\/types\/product"}],"replies":[{"embeddable":true,"href":"https:\/\/fuglebutikken.no\/en\/wp-json\/wp\/v2\/comments?post=308"}],"wp:featuredmedia":[{"embeddable":true,"href":"https:\/\/fuglebutikken.no\/en\/wp-json\/wp\/v2\/media\/9704"}],"wp:attachment":[{"href":"https:\/\/fuglebutikken.no\/en\/wp-json\/wp\/v2\/media?parent=308"}],"wp:term":[{"taxonomy":"pwb-brand","embeddable":true,"href":"https:\/\/fuglebutikken.no\/en\/wp-json\/wp\/v2\/pwb-brand?post=308"},{"taxonomy":"product_brand","embeddable":true,"href":"https:\/\/fuglebutikken.no\/en\/wp-json\/wp\/v2\/product_brand?post=308"},{"taxonomy":"product_cat","embeddable":true,"href":"https:\/\/fuglebutikken.no\/en\/wp-json\/wp\/v2\/product_cat?post=308"},{"taxonomy":"product_tag","embeddable":true,"href":"https:\/\/fuglebutikken.no\/en\/wp-json\/wp\/v2\/product_tag?post=308"},{"taxonomy":"woo-feed-brand","embeddable":true,"href":"https:\/\/fuglebutikken.no\/en\/wp-json\/wp\/v2\/woo-feed-brand?post=308"}],"curies":[{"name":"wp","href":"https:\/\/api.w.org\/{rel}","templated":true}]}}