{"id":306,"date":"2020-02-22T18:09:17","date_gmt":"2020-02-22T17:09:17","guid":{"rendered":"https:\/\/274105-www.web.tornado-node.net\/fugl\/product\/fp-canto-svart-vit-71x38x60-5cm-delbar\/"},"modified":"2025-08-24T07:08:15","modified_gmt":"2025-08-24T05:08:15","slug":"fp-canto-svart-vit-71x38x60-5cm-delbar","status":"publish","type":"product","link":"https:\/\/fuglebutikken.no\/en\/butikk\/fugl-som-hobby\/fugl\/fuglebur-og-fuglebur-tilbehor\/fugl-bur\/undulatbur\/fp-canto-svart-vit-71x38x60-5cm-delbar\/","title":{"rendered":"Ferplast canto svart\/hvit 71x38x60.5cm"},"content":{"rendered":"<h2>Ferplast canto svart\/hvit 71x38x60.5cm<\/h2>\n<p>Ferplast Canto er det perfekte valget for deg som \u00f8nsker et trygt og komfortabelt hjem for dine sm\u00e5 burfugler. Med sin elegante svart\/hvite design passer dette bur perfekt i ethvert hjem og gir et ideelt milj\u00f8 forundulater og sm\u00e5 fugler.<\/p>\n<h3>N\u00f8kkelfordeler<\/h3>\n<p>Dette mellomstore fugleburet kan enkelt deles i to med gitteret, noe som gir deg mulighet til \u00e5 tilpasse plassen etter behov. Med god ventilasjon og plass for lek og hvile, sikrer Ferplast Canto at dine fj\u00e6rkledde venner trives. Det robuste designet gj\u00f8r det enkelt \u00e5 rengj\u00f8re og vedlikeholde, slik at du alltid kan s\u00f8rge for at milj\u00f8et er sunt og behagelig for fuglene dine.<\/p>\n<h3>Hvordan bruke<\/h3>\n<p>For \u00e5 f\u00e5 mest mulig ut av Ferplast Canto, kan du begynne med \u00e5 plassere buret p\u00e5 et trygt sted der fuglene kan observere omgivelsene. S\u00f8rg for at buret er utstyrt med leker, pinner og mat- og vannsk\u00e5ler for \u00e5 holde fuglene stimulerte og aktive. N\u00e5r buret er delt opp i to, kan du enkelt tilpasse plassen, enten for \u00e5 ha flere fugler eller for \u00e5 gi hver fugl mer rom.<\/p>\n<h3><\/h3>","protected":false},"excerpt":{"rendered":"<h3 class=\"\">Ferplast canto svart\/hvit 71x38x60.5cm<\/h3>\n<ul>\n<li>Mellomstort bur, passer for undulater og sm\u00e5 fugler.<\/li>\n<li>Kan deles i to med praktisk gitter.<\/li>\n<li>Moderne svart\/hvit design passer inn i ethvert hjem.<\/li>\n<li>Stabil og robust konstruksjon for langvarig bruk.<\/li>\n<li>God ventilasjon for en sunn og trygg milj\u00f8.<\/li>\n<li>Enkel tilgang for rengj\u00f8ring og stell av fuglene.<\/li>\n<\/ul>","protected":false},"featured_media":20872,"comment_status":"closed","ping_status":"closed","template":"","meta":{"content-type":"","_uf_show_specific_survey":0,"_uf_disable_surveys":false,"_monsterinsights_skip_tracking":false,"_monsterinsights_sitenote_active":false,"_monsterinsights_sitenote_note":"","_monsterinsights_sitenote_category":0},"pwb-brand":[661],"product_brand":[],"product_cat":[2202,41,1147,2162,1648],"product_tag":[3006,96],"woo-feed-brand":[],"class_list":{"0":"post-306","1":"product","2":"type-product","3":"status-publish","4":"has-post-thumbnail","6":"pwb-brand-ferplast","7":"product_cat-fugl-bur","8":"product_cat-fugl","9":"product_cat-fugl-som-hobby","10":"product_cat-fuglebur-og-fuglebur-tilbehor","11":"product_cat-undulatbur","12":"product_tag-bur","13":"product_tag-undulat","14":"product_shipping_class-hjemlevering","16":"first","17":"instock","18":"taxable","19":"shipping-taxable","20":"purchasable","21":"product-type-simple"},"exclude_global_add_ons":[],"addons":[],"brands":[{"id":661,"name":"Ferplast","slug":"ferplast"}],"_links":{"self":[{"href":"https:\/\/fuglebutikken.no\/en\/wp-json\/wp\/v2\/product\/306","targetHints":{"allow":["GET"]}}],"collection":[{"href":"https:\/\/fuglebutikken.no\/en\/wp-json\/wp\/v2\/product"}],"about":[{"href":"https:\/\/fuglebutikken.no\/en\/wp-json\/wp\/v2\/types\/product"}],"replies":[{"embeddable":true,"href":"https:\/\/fuglebutikken.no\/en\/wp-json\/wp\/v2\/comments?post=306"}],"wp:featuredmedia":[{"embeddable":true,"href":"https:\/\/fuglebutikken.no\/en\/wp-json\/wp\/v2\/media\/20872"}],"wp:attachment":[{"href":"https:\/\/fuglebutikken.no\/en\/wp-json\/wp\/v2\/media?parent=306"}],"wp:term":[{"taxonomy":"pwb-brand","embeddable":true,"href":"https:\/\/fuglebutikken.no\/en\/wp-json\/wp\/v2\/pwb-brand?post=306"},{"taxonomy":"product_brand","embeddable":true,"href":"https:\/\/fuglebutikken.no\/en\/wp-json\/wp\/v2\/product_brand?post=306"},{"taxonomy":"product_cat","embeddable":true,"href":"https:\/\/fuglebutikken.no\/en\/wp-json\/wp\/v2\/product_cat?post=306"},{"taxonomy":"product_tag","embeddable":true,"href":"https:\/\/fuglebutikken.no\/en\/wp-json\/wp\/v2\/product_tag?post=306"},{"taxonomy":"woo-feed-brand","embeddable":true,"href":"https:\/\/fuglebutikken.no\/en\/wp-json\/wp\/v2\/woo-feed-brand?post=306"}],"curies":[{"name":"wp","href":"https:\/\/api.w.org\/{rel}","templated":true}]}}