{"id":3012,"date":"2020-09-07T09:30:00","date_gmt":"2020-09-07T07:30:00","guid":{"rendered":"https:\/\/fugl.fuglebutikker.kinsta.cloud\/butik\/lolo-frostang-med-honning-2pk-dvergpapegoye\/"},"modified":"2025-11-11T14:20:46","modified_gmt":"2025-11-11T13:20:46","slug":"lolo-frostang-med-honning-2pk-dvergpapegoye","status":"publish","type":"product","link":"https:\/\/fuglebutikken.no\/en\/butikk\/fugl-som-hobby\/fugl\/spise\/fuglemat-til-undulater-papeg-yer-og-burfugler\/fuglesnacks\/lolo-frostang-med-honning-2pk-dvergpapegoye\/","title":{"rendered":"Lolo fr\u00f8stang med honning 2pk dvergpapeg\u00f8ye"},"content":{"rendered":"<p id=\"tw-target-text\" class=\"tw-data-text tw-text-large XcVN5d tw-ta\" dir=\"ltr\" data-placeholder=\"Oversettelse\"><span lang=\"no\">Ingredienser: <\/span><\/p>\n<p class=\"tw-data-text tw-text-large XcVN5d tw-ta\" dir=\"ltr\" data-placeholder=\"Oversettelse\"><span lang=\"no\">Gul hirse, r\u00f8d sorghum, kanarifr\u00f8fr\u00f8, r\u00f8d hirse, hvit sorghum, nigerfr\u00f8, linfr\u00f8, hampfr\u00f8, bokhvete, hvetemel.<\/span><\/p>","protected":false},"excerpt":{"rendered":"<p dir=\"ltr\" data-placeholder=\"Oversettelse\">Lolo fr\u00f8stang med honning 2pk dvergpapeg\u00f8ye <span lang=\"no\">er et perfekt supplement med honning, som i tillegg til smak og ern\u00e6ringsegenskaper har medisinske egenskaper og styrker immunforsvaret.<\/span><\/p>","protected":false},"featured_media":23869,"comment_status":"closed","ping_status":"closed","template":"","meta":{"content-type":"","_uf_show_specific_survey":0,"_uf_disable_surveys":false,"_monsterinsights_skip_tracking":false,"_monsterinsights_sitenote_active":false,"_monsterinsights_sitenote_note":"","_monsterinsights_sitenote_category":0},"pwb-brand":[666],"product_brand":[],"product_cat":[41,1147,3285,62],"product_tag":[3296,3294],"woo-feed-brand":[],"class_list":{"0":"post-3012","1":"product","2":"type-product","3":"status-publish","4":"has-post-thumbnail","6":"pwb-brand-lolopets","7":"product_cat-fugl","8":"product_cat-fugl-som-hobby","9":"product_cat-fuglemat-til-undulater-papeg-yer-og-burfugler","10":"product_cat-fuglesnacks","11":"product_tag-dverg-papeg-ye","12":"product_tag-fr-stenger-og-hirsekolber","14":"first","15":"instock","16":"taxable","17":"shipping-taxable","18":"purchasable","19":"product-type-simple"},"exclude_global_add_ons":[],"addons":[],"brands":[{"id":666,"name":"LoloPets","slug":"lolopets"}],"_links":{"self":[{"href":"https:\/\/fuglebutikken.no\/en\/wp-json\/wp\/v2\/product\/3012","targetHints":{"allow":["GET"]}}],"collection":[{"href":"https:\/\/fuglebutikken.no\/en\/wp-json\/wp\/v2\/product"}],"about":[{"href":"https:\/\/fuglebutikken.no\/en\/wp-json\/wp\/v2\/types\/product"}],"replies":[{"embeddable":true,"href":"https:\/\/fuglebutikken.no\/en\/wp-json\/wp\/v2\/comments?post=3012"}],"wp:featuredmedia":[{"embeddable":true,"href":"https:\/\/fuglebutikken.no\/en\/wp-json\/wp\/v2\/media\/23869"}],"wp:attachment":[{"href":"https:\/\/fuglebutikken.no\/en\/wp-json\/wp\/v2\/media?parent=3012"}],"wp:term":[{"taxonomy":"pwb-brand","embeddable":true,"href":"https:\/\/fuglebutikken.no\/en\/wp-json\/wp\/v2\/pwb-brand?post=3012"},{"taxonomy":"product_brand","embeddable":true,"href":"https:\/\/fuglebutikken.no\/en\/wp-json\/wp\/v2\/product_brand?post=3012"},{"taxonomy":"product_cat","embeddable":true,"href":"https:\/\/fuglebutikken.no\/en\/wp-json\/wp\/v2\/product_cat?post=3012"},{"taxonomy":"product_tag","embeddable":true,"href":"https:\/\/fuglebutikken.no\/en\/wp-json\/wp\/v2\/product_tag?post=3012"},{"taxonomy":"woo-feed-brand","embeddable":true,"href":"https:\/\/fuglebutikken.no\/en\/wp-json\/wp\/v2\/woo-feed-brand?post=3012"}],"curies":[{"name":"wp","href":"https:\/\/api.w.org\/{rel}","templated":true}]}}