{"id":3010,"date":"2020-09-07T09:24:30","date_gmt":"2020-09-07T07:24:30","guid":{"rendered":"https:\/\/fugl.fuglebutikker.kinsta.cloud\/butik\/lolo-frostang-med-frukt-2pk-kanari\/"},"modified":"2025-11-11T14:24:13","modified_gmt":"2025-11-11T13:24:13","slug":"lolo-frostang-med-frukt-2pk-kanari","status":"publish","type":"product","link":"https:\/\/fuglebutikken.no\/en\/butikk\/fugl-som-hobby\/fugl\/spise\/fuglemat-til-undulater-papeg-yer-og-burfugler\/fuglesnacks\/lolo-frostang-med-frukt-2pk-kanari\/","title":{"rendered":"Lolo fr\u00f8stang med frukt 2pk kanari"},"content":{"rendered":"<p>Ingredienser:<\/p>\n<p>Gul hirse, hvetemel, kanarifr\u00f8fr\u00f8, kokosn\u00f8tt, k\u00e5lrotfr\u00f8, nigerfr\u00f8, appelsinskall, bringeb\u00e6r, rosenblad, t\u00f8rket gj\u00e6r.<\/p>\n<p>Tilsetningsstoffer: Fargestoffer<\/p>","protected":false},"excerpt":{"rendered":"<p>Lolo fr\u00f8stang med frukt 2pk kanari er et perfekt kosttilskudd med mange vitaminer, mineraler og pektin. Laget med frukt av h\u00f8y kvalitet. Inneholder oransje, rik p\u00e5 pektin og flavonoider med antibakterielle egenskaper, og rosenblader som styrker kroppen.<\/p>","protected":false},"featured_media":23890,"comment_status":"closed","ping_status":"closed","template":"","meta":{"content-type":"","_uf_show_specific_survey":0,"_uf_disable_surveys":false,"_monsterinsights_skip_tracking":false,"_monsterinsights_sitenote_active":false,"_monsterinsights_sitenote_note":"","_monsterinsights_sitenote_category":0},"pwb-brand":[666],"product_brand":[],"product_cat":[41,1147,3285,62],"product_tag":[3294,3295],"woo-feed-brand":[],"class_list":{"0":"post-3010","1":"product","2":"type-product","3":"status-publish","4":"has-post-thumbnail","6":"pwb-brand-lolopets","7":"product_cat-fugl","8":"product_cat-fugl-som-hobby","9":"product_cat-fuglemat-til-undulater-papeg-yer-og-burfugler","10":"product_cat-fuglesnacks","11":"product_tag-fr-stenger-og-hirsekolber","12":"product_tag-kanarifugl","14":"first","15":"instock","16":"taxable","17":"shipping-taxable","18":"purchasable","19":"product-type-simple"},"exclude_global_add_ons":[],"addons":[],"brands":[{"id":666,"name":"LoloPets","slug":"lolopets"}],"_links":{"self":[{"href":"https:\/\/fuglebutikken.no\/en\/wp-json\/wp\/v2\/product\/3010","targetHints":{"allow":["GET"]}}],"collection":[{"href":"https:\/\/fuglebutikken.no\/en\/wp-json\/wp\/v2\/product"}],"about":[{"href":"https:\/\/fuglebutikken.no\/en\/wp-json\/wp\/v2\/types\/product"}],"replies":[{"embeddable":true,"href":"https:\/\/fuglebutikken.no\/en\/wp-json\/wp\/v2\/comments?post=3010"}],"wp:featuredmedia":[{"embeddable":true,"href":"https:\/\/fuglebutikken.no\/en\/wp-json\/wp\/v2\/media\/23890"}],"wp:attachment":[{"href":"https:\/\/fuglebutikken.no\/en\/wp-json\/wp\/v2\/media?parent=3010"}],"wp:term":[{"taxonomy":"pwb-brand","embeddable":true,"href":"https:\/\/fuglebutikken.no\/en\/wp-json\/wp\/v2\/pwb-brand?post=3010"},{"taxonomy":"product_brand","embeddable":true,"href":"https:\/\/fuglebutikken.no\/en\/wp-json\/wp\/v2\/product_brand?post=3010"},{"taxonomy":"product_cat","embeddable":true,"href":"https:\/\/fuglebutikken.no\/en\/wp-json\/wp\/v2\/product_cat?post=3010"},{"taxonomy":"product_tag","embeddable":true,"href":"https:\/\/fuglebutikken.no\/en\/wp-json\/wp\/v2\/product_tag?post=3010"},{"taxonomy":"woo-feed-brand","embeddable":true,"href":"https:\/\/fuglebutikken.no\/en\/wp-json\/wp\/v2\/woo-feed-brand?post=3010"}],"curies":[{"name":"wp","href":"https:\/\/api.w.org\/{rel}","templated":true}]}}