{"id":3006,"date":"2020-09-07T09:16:29","date_gmt":"2020-09-07T07:16:29","guid":{"rendered":"https:\/\/fugl.fuglebutikker.kinsta.cloud\/butik\/lolo-frostang-med-frukt-2pk-fink\/"},"modified":"2025-11-11T14:28:12","modified_gmt":"2025-11-11T13:28:12","slug":"lolo-frostang-med-frukt-2pk-fink","status":"publish","type":"product","link":"https:\/\/fuglebutikken.no\/en\/butikk\/fugl-som-hobby\/fugl\/spise\/fuglemat-til-undulater-papeg-yer-og-burfugler\/fuglesnacks\/lolo-frostang-med-frukt-2pk-fink\/","title":{"rendered":"Lolo fr\u00f8stang med frukt 2pk fink"},"content":{"rendered":"<p>Ingredienser:<\/p>\n<p>gul hirse, hvetemel, hvit hirse, kanarifr\u00f8fr\u00f8, r\u00f8d hirse, t\u00f8rket eple, t\u00f8rkede bringeb\u00e6r, kokosn\u00f8tt, nigerfr\u00f8, appelsinskall, gj\u00e6r og deler derav.<\/p>\n<p>Tilf\u00f8rte fargestoffer.<\/p>","protected":false},"excerpt":{"rendered":"<p>Lolo fr\u00f8stang med frukt 2pk fink er et perfekt kosttilskudd med mange vitaminer, mineraler og pektin. Laget med moden frukt av h\u00f8y kvalitet. Inneholder appelsiner rike p\u00e5 pektin og flavonoider med antibakterielle egenskaper og kokosn\u00f8tt, som styrker kroppen.<\/p>","protected":false},"featured_media":23902,"comment_status":"closed","ping_status":"closed","template":"","meta":{"content-type":"","_uf_show_specific_survey":0,"_uf_disable_surveys":false,"_monsterinsights_skip_tracking":false,"_monsterinsights_sitenote_active":false,"_monsterinsights_sitenote_note":"","_monsterinsights_sitenote_category":0},"pwb-brand":[666],"product_brand":[],"product_cat":[41,1147,3285,62],"product_tag":[614,3294],"woo-feed-brand":[],"class_list":{"0":"post-3006","1":"product","2":"type-product","3":"status-publish","4":"has-post-thumbnail","6":"pwb-brand-lolopets","7":"product_cat-fugl","8":"product_cat-fugl-som-hobby","9":"product_cat-fuglemat-til-undulater-papeg-yer-og-burfugler","10":"product_cat-fuglesnacks","11":"product_tag-fink","12":"product_tag-fr-stenger-og-hirsekolber","14":"first","15":"instock","16":"taxable","17":"shipping-taxable","18":"purchasable","19":"product-type-simple"},"exclude_global_add_ons":[],"addons":[],"brands":[{"id":666,"name":"LoloPets","slug":"lolopets"}],"_links":{"self":[{"href":"https:\/\/fuglebutikken.no\/en\/wp-json\/wp\/v2\/product\/3006","targetHints":{"allow":["GET"]}}],"collection":[{"href":"https:\/\/fuglebutikken.no\/en\/wp-json\/wp\/v2\/product"}],"about":[{"href":"https:\/\/fuglebutikken.no\/en\/wp-json\/wp\/v2\/types\/product"}],"replies":[{"embeddable":true,"href":"https:\/\/fuglebutikken.no\/en\/wp-json\/wp\/v2\/comments?post=3006"}],"wp:featuredmedia":[{"embeddable":true,"href":"https:\/\/fuglebutikken.no\/en\/wp-json\/wp\/v2\/media\/23902"}],"wp:attachment":[{"href":"https:\/\/fuglebutikken.no\/en\/wp-json\/wp\/v2\/media?parent=3006"}],"wp:term":[{"taxonomy":"pwb-brand","embeddable":true,"href":"https:\/\/fuglebutikken.no\/en\/wp-json\/wp\/v2\/pwb-brand?post=3006"},{"taxonomy":"product_brand","embeddable":true,"href":"https:\/\/fuglebutikken.no\/en\/wp-json\/wp\/v2\/product_brand?post=3006"},{"taxonomy":"product_cat","embeddable":true,"href":"https:\/\/fuglebutikken.no\/en\/wp-json\/wp\/v2\/product_cat?post=3006"},{"taxonomy":"product_tag","embeddable":true,"href":"https:\/\/fuglebutikken.no\/en\/wp-json\/wp\/v2\/product_tag?post=3006"},{"taxonomy":"woo-feed-brand","embeddable":true,"href":"https:\/\/fuglebutikken.no\/en\/wp-json\/wp\/v2\/woo-feed-brand?post=3006"}],"curies":[{"name":"wp","href":"https:\/\/api.w.org\/{rel}","templated":true}]}}