{"id":3002,"date":"2020-09-07T09:01:17","date_gmt":"2020-09-07T07:01:17","guid":{"rendered":"https:\/\/fugl.fuglebutikker.kinsta.cloud\/butik\/lolo-frostang-med-kiwi-2pk-parakitt\/"},"modified":"2025-11-11T14:16:14","modified_gmt":"2025-11-11T13:16:14","slug":"lolo-frostang-med-kiwi-2pk-parakitt","status":"publish","type":"product","link":"https:\/\/fuglebutikken.no\/en\/butikk\/fugl-som-hobby\/fugl\/spise\/fuglemat-til-undulater-papeg-yer-og-burfugler\/fuglesnacks\/lolo-frostang-med-kiwi-2pk-parakitt\/","title":{"rendered":"Lolo fr\u00f8stang med kiwi 2pk parakitt"},"content":{"rendered":"<p id=\"tw-target-text\" class=\"tw-data-text tw-text-large XcVN5d tw-ta\" dir=\"ltr\" data-placeholder=\"Oversettelse\"><span lang=\"no\">Ingredienser:<\/span><\/p>\n<p class=\"tw-data-text tw-text-large XcVN5d tw-ta\" dir=\"ltr\" data-placeholder=\"Oversettelse\"><span lang=\"no\"> Gul hirse, r\u00f8d sorghum, hvit hirse, havreflak, nigerfr\u00f8, linfr\u00f8, t\u00f8rket kiwi, saflorfr\u00f8, stripete solsikkefr\u00f8, hvetemel, t\u00f8rr gj\u00e6r. <\/span><\/p>\n<p class=\"tw-data-text tw-text-large XcVN5d tw-ta\" dir=\"ltr\" data-placeholder=\"Oversettelse\"><span lang=\"no\">Tilsetningsstoffer: fargestoffer.<\/span><\/p>","protected":false},"excerpt":{"rendered":"<p dir=\"ltr\" data-placeholder=\"Oversettelse\">Lolo fr\u00f8stang med kiwi 2pk parakitt <span lang=\"no\">er et perfekt kosttilskudd, rikt p\u00e5 B- og C-vitaminer. Inneholder kiwi, som styrker immunforsvaret og forhindrer tumorvekst.&nbsp;<\/span><\/p>","protected":false},"featured_media":23841,"comment_status":"closed","ping_status":"closed","template":"","meta":{"content-type":"","_uf_show_specific_survey":0,"_uf_disable_surveys":false,"_monsterinsights_skip_tracking":false,"_monsterinsights_sitenote_active":false,"_monsterinsights_sitenote_note":"","_monsterinsights_sitenote_category":0},"pwb-brand":[666],"product_brand":[],"product_cat":[41,1147,3285,62],"product_tag":[3294,580],"woo-feed-brand":[],"class_list":{"0":"post-3002","1":"product","2":"type-product","3":"status-publish","4":"has-post-thumbnail","6":"pwb-brand-lolopets","7":"product_cat-fugl","8":"product_cat-fugl-som-hobby","9":"product_cat-fuglemat-til-undulater-papeg-yer-og-burfugler","10":"product_cat-fuglesnacks","11":"product_tag-fr-stenger-og-hirsekolber","12":"product_tag-parakitt","14":"first","15":"instock","16":"taxable","17":"shipping-taxable","18":"purchasable","19":"product-type-simple"},"exclude_global_add_ons":[],"addons":[],"brands":[{"id":666,"name":"LoloPets","slug":"lolopets"}],"_links":{"self":[{"href":"https:\/\/fuglebutikken.no\/en\/wp-json\/wp\/v2\/product\/3002","targetHints":{"allow":["GET"]}}],"collection":[{"href":"https:\/\/fuglebutikken.no\/en\/wp-json\/wp\/v2\/product"}],"about":[{"href":"https:\/\/fuglebutikken.no\/en\/wp-json\/wp\/v2\/types\/product"}],"replies":[{"embeddable":true,"href":"https:\/\/fuglebutikken.no\/en\/wp-json\/wp\/v2\/comments?post=3002"}],"wp:featuredmedia":[{"embeddable":true,"href":"https:\/\/fuglebutikken.no\/en\/wp-json\/wp\/v2\/media\/23841"}],"wp:attachment":[{"href":"https:\/\/fuglebutikken.no\/en\/wp-json\/wp\/v2\/media?parent=3002"}],"wp:term":[{"taxonomy":"pwb-brand","embeddable":true,"href":"https:\/\/fuglebutikken.no\/en\/wp-json\/wp\/v2\/pwb-brand?post=3002"},{"taxonomy":"product_brand","embeddable":true,"href":"https:\/\/fuglebutikken.no\/en\/wp-json\/wp\/v2\/product_brand?post=3002"},{"taxonomy":"product_cat","embeddable":true,"href":"https:\/\/fuglebutikken.no\/en\/wp-json\/wp\/v2\/product_cat?post=3002"},{"taxonomy":"product_tag","embeddable":true,"href":"https:\/\/fuglebutikken.no\/en\/wp-json\/wp\/v2\/product_tag?post=3002"},{"taxonomy":"woo-feed-brand","embeddable":true,"href":"https:\/\/fuglebutikken.no\/en\/wp-json\/wp\/v2\/woo-feed-brand?post=3002"}],"curies":[{"name":"wp","href":"https:\/\/api.w.org\/{rel}","templated":true}]}}