{"id":2998,"date":"2020-09-07T08:38:36","date_gmt":"2020-09-07T06:38:36","guid":{"rendered":"https:\/\/fugl.fuglebutikker.kinsta.cloud\/butik\/lolo-frostang-med-frukt-2pk-parakitt\/"},"modified":"2025-03-06T13:58:17","modified_gmt":"2025-03-06T12:58:17","slug":"lolo-frostang-med-frukt-2pk-parakitt","status":"publish","type":"product","link":"https:\/\/fuglebutikken.no\/en\/butikk\/ukategorisert\/lolo-frostang-med-frukt-2pk-parakitt\/","title":{"rendered":"Lolo fr\u00f8stang med frukt 2pk parakitt"},"content":{"rendered":"<p>Ingredienser:<\/p>\n<p>Gul hirse, r\u00f8d sorghum, hvetemel, r\u00f8d hirse, havreflak, saflorfr\u00f8, stripete solsikkefr\u00f8, sorte solsikkefr\u00f8, kokosn\u00f8tt, t\u00f8rkede epler, appelsinskall, t\u00f8rket gj\u00e6r.<\/p>\n<p>Tilsetningsstoffer: fargestoffer.<\/p>","protected":false},"excerpt":{"rendered":"<p>Lolo fr\u00f8stang med frukt 2pk parakitt er et perfekt kosttilskudd, rikt p\u00e5 vitaminer, mineraler og pektin. Laget med frukt av h\u00f8y kvalitet. Inneholder oransje, rik p\u00e5 pektin, flavonoider med antibakterielle egenskaper og kokosn\u00f8tt som styrker kroppen.<\/p>","protected":false},"featured_media":13494,"comment_status":"closed","ping_status":"closed","template":"","meta":{"content-type":"","_uf_show_specific_survey":0,"_uf_disable_surveys":false,"_monsterinsights_skip_tracking":false,"_monsterinsights_sitenote_active":false,"_monsterinsights_sitenote_note":"","_monsterinsights_sitenote_category":0},"pwb-brand":[666],"product_brand":[],"product_cat":[2106],"product_tag":[],"woo-feed-brand":[],"class_list":{"0":"post-2998","1":"product","2":"type-product","3":"status-publish","4":"has-post-thumbnail","6":"pwb-brand-lolopets","7":"product_cat-ukategorisert","9":"first","10":"instock","11":"taxable","12":"shipping-taxable","13":"purchasable","14":"product-type-simple"},"exclude_global_add_ons":[],"addons":[],"brands":[{"id":666,"name":"LoloPets","slug":"lolopets"}],"_links":{"self":[{"href":"https:\/\/fuglebutikken.no\/en\/wp-json\/wp\/v2\/product\/2998","targetHints":{"allow":["GET"]}}],"collection":[{"href":"https:\/\/fuglebutikken.no\/en\/wp-json\/wp\/v2\/product"}],"about":[{"href":"https:\/\/fuglebutikken.no\/en\/wp-json\/wp\/v2\/types\/product"}],"replies":[{"embeddable":true,"href":"https:\/\/fuglebutikken.no\/en\/wp-json\/wp\/v2\/comments?post=2998"}],"wp:featuredmedia":[{"embeddable":true,"href":"https:\/\/fuglebutikken.no\/en\/wp-json\/wp\/v2\/media\/13494"}],"wp:attachment":[{"href":"https:\/\/fuglebutikken.no\/en\/wp-json\/wp\/v2\/media?parent=2998"}],"wp:term":[{"taxonomy":"pwb-brand","embeddable":true,"href":"https:\/\/fuglebutikken.no\/en\/wp-json\/wp\/v2\/pwb-brand?post=2998"},{"taxonomy":"product_brand","embeddable":true,"href":"https:\/\/fuglebutikken.no\/en\/wp-json\/wp\/v2\/product_brand?post=2998"},{"taxonomy":"product_cat","embeddable":true,"href":"https:\/\/fuglebutikken.no\/en\/wp-json\/wp\/v2\/product_cat?post=2998"},{"taxonomy":"product_tag","embeddable":true,"href":"https:\/\/fuglebutikken.no\/en\/wp-json\/wp\/v2\/product_tag?post=2998"},{"taxonomy":"woo-feed-brand","embeddable":true,"href":"https:\/\/fuglebutikken.no\/en\/wp-json\/wp\/v2\/woo-feed-brand?post=2998"}],"curies":[{"name":"wp","href":"https:\/\/api.w.org\/{rel}","templated":true}]}}