{"id":2969,"date":"2020-09-03T16:46:19","date_gmt":"2020-09-03T14:46:19","guid":{"rendered":"https:\/\/fugl.fuglebutikker.kinsta.cloud\/butik\/lolo-frostang-med-frukt-egg-honning-3pk-undulat\/"},"modified":"2025-11-11T14:21:14","modified_gmt":"2025-11-11T13:21:14","slug":"lolo-frostang-med-frukt","status":"publish","type":"product","link":"https:\/\/fuglebutikken.no\/en\/butikk\/fugl-som-hobby\/fugl\/spise\/fuglemat-til-undulater-papeg-yer-og-burfugler\/fuglesnacks\/lolo-frostang-med-frukt\/","title":{"rendered":"Lolo fr\u00f8stang med frukt-egg-honning 3pk undulat"},"content":{"rendered":"<h2>Lolo fr\u00f8stang med frukt-egg-honning 3pk undulat<\/h2>\n<p><strong>Ingredienser:<\/strong><\/p>\n<p>Frukt: Gul hirse, r\u00f8d hirse, hvetemel, nigerfr\u00f8, saflorfr\u00f8, hylleb\u00e6r, kokosn\u00f8tt, dehydrert epler, appelsinskall, t\u00f8rr gj\u00e6r. Honning, gul hirse, r\u00f8d hirse, havreflak, r\u00f8d sorghum, linfr\u00f8, hampfr\u00f8, hvetemel. Egg: Gul hirse, hvetemel, Nigerfr\u00f8, t\u00f8rrgj\u00e6r, t\u00f8rket eggpulver.<\/p>\n<p>ANALYTISK SAMMENSETNING: protein (min.) 11 %, r\u00e5fiber (maks.) 9,7 %, fettinnhold (min.) 2,1 %, fuktighet (maks.) 12 %, r\u00e5aske (maks.) 4,8 %.<\/p>\n<p>Tilsetningsstoffer: fargestoffer.<\/p>\n<p>MED EGG: INGREDIENSER: hvetemel, gul hirse, r\u00f8d sorghum, nigerfr\u00f8, t\u00f8rket eggepulver (1,5%), t\u00f8rket gj\u00e6r.<\/p>\n<p>MED HONNING: INGREDIENSER: gul hirse (40 %), hvetemel, r\u00f8d hirse, r\u00f8d sorghum, havregryn, linfr\u00f8, hampfr\u00f8, honningprodukter (2 %).<\/p>\n<p>MED FRUKT: INGREDIENSER: hvetemel, gul hirse, r\u00f8d sorghum, t\u00f8rket hylleb\u00e6r, r\u00f8d hirse, nigerfr\u00f8, saflorfr\u00f8, t\u00f8rket appelsinskall (2%), kokosn\u00f8tt, t\u00f8rket eple (1,5%), gj\u00e6r.<\/p>","protected":false},"excerpt":{"rendered":"<h3>Lolo fr\u00f8stang med frukt-egg-honning 3pk undulat<\/h3>\n<p>Lolo fr\u00f8stang med frukt\/egg\/honning 3pk undulat er et perfekt kosttilskudd med mange vitaminer, mineraler og pektin. Laget med frukt av h\u00f8y kvalitet, verdifulle kylling eggehviter og honning.<\/p>\n<ul>\n<li>3 forskjellige smaker<\/li>\n<li>favoritt snacks til de fleste undulater<\/li>\n<li>gis som tillegg til vanlig f\u00f2r<\/li>\n<li>Friskt og fersk vann er alltid \u00f8nsket<\/li>\n<\/ul>","protected":false},"featured_media":23875,"comment_status":"closed","ping_status":"closed","template":"","meta":{"content-type":"","_uf_show_specific_survey":0,"_uf_disable_surveys":false,"_monsterinsights_skip_tracking":false,"_monsterinsights_sitenote_active":false,"_monsterinsights_sitenote_note":"","_monsterinsights_sitenote_category":0},"pwb-brand":[666],"product_brand":[],"product_cat":[41,1147,3285,62],"product_tag":[3294,96],"woo-feed-brand":[],"class_list":{"0":"post-2969","1":"product","2":"type-product","3":"status-publish","4":"has-post-thumbnail","6":"pwb-brand-lolopets","7":"product_cat-fugl","8":"product_cat-fugl-som-hobby","9":"product_cat-fuglemat-til-undulater-papeg-yer-og-burfugler","10":"product_cat-fuglesnacks","11":"product_tag-fr-stenger-og-hirsekolber","12":"product_tag-undulat","14":"first","15":"instock","16":"taxable","17":"shipping-taxable","18":"purchasable","19":"product-type-simple"},"exclude_global_add_ons":[],"addons":[],"brands":[{"id":666,"name":"LoloPets","slug":"lolopets"}],"_links":{"self":[{"href":"https:\/\/fuglebutikken.no\/en\/wp-json\/wp\/v2\/product\/2969","targetHints":{"allow":["GET"]}}],"collection":[{"href":"https:\/\/fuglebutikken.no\/en\/wp-json\/wp\/v2\/product"}],"about":[{"href":"https:\/\/fuglebutikken.no\/en\/wp-json\/wp\/v2\/types\/product"}],"replies":[{"embeddable":true,"href":"https:\/\/fuglebutikken.no\/en\/wp-json\/wp\/v2\/comments?post=2969"}],"wp:featuredmedia":[{"embeddable":true,"href":"https:\/\/fuglebutikken.no\/en\/wp-json\/wp\/v2\/media\/23875"}],"wp:attachment":[{"href":"https:\/\/fuglebutikken.no\/en\/wp-json\/wp\/v2\/media?parent=2969"}],"wp:term":[{"taxonomy":"pwb-brand","embeddable":true,"href":"https:\/\/fuglebutikken.no\/en\/wp-json\/wp\/v2\/pwb-brand?post=2969"},{"taxonomy":"product_brand","embeddable":true,"href":"https:\/\/fuglebutikken.no\/en\/wp-json\/wp\/v2\/product_brand?post=2969"},{"taxonomy":"product_cat","embeddable":true,"href":"https:\/\/fuglebutikken.no\/en\/wp-json\/wp\/v2\/product_cat?post=2969"},{"taxonomy":"product_tag","embeddable":true,"href":"https:\/\/fuglebutikken.no\/en\/wp-json\/wp\/v2\/product_tag?post=2969"},{"taxonomy":"woo-feed-brand","embeddable":true,"href":"https:\/\/fuglebutikken.no\/en\/wp-json\/wp\/v2\/woo-feed-brand?post=2969"}],"curies":[{"name":"wp","href":"https:\/\/api.w.org\/{rel}","templated":true}]}}