{"id":2967,"date":"2020-09-03T16:33:39","date_gmt":"2020-09-03T14:33:39","guid":{"rendered":"https:\/\/fugl.fuglebutikker.kinsta.cloud\/butik\/lolo-frostang-med-frukt-2pk-undulat\/"},"modified":"2025-11-11T14:23:18","modified_gmt":"2025-11-11T13:23:18","slug":"lolo-frostang-med-frukt-2pk-undulat","status":"publish","type":"product","link":"https:\/\/fuglebutikken.no\/en\/butikk\/fugl-som-hobby\/fugl\/spise\/fuglemat-til-undulater-papeg-yer-og-burfugler\/fuglesnacks\/lolo-frostang-med-frukt-2pk-undulat\/","title":{"rendered":"Lolo fr\u00f8stang med frukt 2pk undulat"},"content":{"rendered":"<h2 id=\"tw-target-text\" class=\"tw-data-text tw-text-large XcVN5d tw-ta\" dir=\"ltr\" data-placeholder=\"Oversettelse\"><span lang=\"no\">Lolo fr\u00f8stang med frukt 2pk undulat<\/span><\/h2>\n<p class=\"tw-data-text tw-text-large XcVN5d tw-ta\" dir=\"ltr\" data-placeholder=\"Oversettelse\"><span lang=\"no\">Ingredienser: Gul hirse, r\u00f8d hirse, hvetemel, Nigerfr\u00f8, saflorfr\u00f8, hylleb\u00e6r, kokosn\u00f8tt, dehydrert epler, appelsinskall, gj\u00e6r.<br \/>\nEt perfekt kosttilskudd med mange vitaminer, mineraler og pektin. Laget med frukt av h\u00f8y kvalitet som epler og hylleb\u00e6r. Hylleb\u00e6r inneholder vitamin C, karotenoider og jod.<br \/>\n<\/span><\/p>","protected":false},"excerpt":{"rendered":"<h3 dir=\"ltr\" data-placeholder=\"Oversettelse\">Lolo fr\u00f8stang med frukt 2pk undulat<\/h3>\n<p dir=\"ltr\" data-placeholder=\"Oversettelse\">Lolo fr\u00f8stang med frukt 2pk undulat <span lang=\"no\">er et perfekt kosttilskudd med mange vitaminer, mineraler og pektin. Laget med frukt som epler og hylleb\u00e6r i h\u00f8y kvalitet. Hyldeb\u00e6r inneholder vitamin C, karotenoider og jod.&nbsp;<\/span><\/p>","protected":false},"featured_media":23888,"comment_status":"closed","ping_status":"closed","template":"","meta":{"content-type":"","_uf_show_specific_survey":0,"_uf_disable_surveys":false,"_monsterinsights_skip_tracking":false,"_monsterinsights_sitenote_active":false,"_monsterinsights_sitenote_note":"","_monsterinsights_sitenote_category":0},"pwb-brand":[666],"product_brand":[],"product_cat":[3285,1147,41,62],"product_tag":[3294,96],"woo-feed-brand":[],"class_list":{"0":"post-2967","1":"product","2":"type-product","3":"status-publish","4":"has-post-thumbnail","6":"pwb-brand-lolopets","7":"product_cat-fuglemat-til-undulater-papeg-yer-og-burfugler","8":"product_cat-fugl-som-hobby","9":"product_cat-fugl","10":"product_cat-fuglesnacks","11":"product_tag-fr-stenger-og-hirsekolber","12":"product_tag-undulat","14":"first","15":"instock","16":"taxable","17":"shipping-taxable","18":"purchasable","19":"product-type-simple"},"exclude_global_add_ons":[],"addons":[],"brands":[{"id":666,"name":"LoloPets","slug":"lolopets"}],"_links":{"self":[{"href":"https:\/\/fuglebutikken.no\/en\/wp-json\/wp\/v2\/product\/2967","targetHints":{"allow":["GET"]}}],"collection":[{"href":"https:\/\/fuglebutikken.no\/en\/wp-json\/wp\/v2\/product"}],"about":[{"href":"https:\/\/fuglebutikken.no\/en\/wp-json\/wp\/v2\/types\/product"}],"replies":[{"embeddable":true,"href":"https:\/\/fuglebutikken.no\/en\/wp-json\/wp\/v2\/comments?post=2967"}],"wp:featuredmedia":[{"embeddable":true,"href":"https:\/\/fuglebutikken.no\/en\/wp-json\/wp\/v2\/media\/23888"}],"wp:attachment":[{"href":"https:\/\/fuglebutikken.no\/en\/wp-json\/wp\/v2\/media?parent=2967"}],"wp:term":[{"taxonomy":"pwb-brand","embeddable":true,"href":"https:\/\/fuglebutikken.no\/en\/wp-json\/wp\/v2\/pwb-brand?post=2967"},{"taxonomy":"product_brand","embeddable":true,"href":"https:\/\/fuglebutikken.no\/en\/wp-json\/wp\/v2\/product_brand?post=2967"},{"taxonomy":"product_cat","embeddable":true,"href":"https:\/\/fuglebutikken.no\/en\/wp-json\/wp\/v2\/product_cat?post=2967"},{"taxonomy":"product_tag","embeddable":true,"href":"https:\/\/fuglebutikken.no\/en\/wp-json\/wp\/v2\/product_tag?post=2967"},{"taxonomy":"woo-feed-brand","embeddable":true,"href":"https:\/\/fuglebutikken.no\/en\/wp-json\/wp\/v2\/woo-feed-brand?post=2967"}],"curies":[{"name":"wp","href":"https:\/\/api.w.org\/{rel}","templated":true}]}}