{"id":2965,"date":"2020-09-03T15:38:02","date_gmt":"2020-09-03T13:38:02","guid":{"rendered":"https:\/\/fugl.fuglebutikker.kinsta.cloud\/butik\/lolo-frostang-med-honning-2pk-undulat\/"},"modified":"2025-11-11T14:18:17","modified_gmt":"2025-11-11T13:18:17","slug":"lolo-frostang-med-honning","status":"publish","type":"product","link":"https:\/\/fuglebutikken.no\/en\/butikk\/fugl-som-hobby\/fugl\/spise\/fuglemat-til-undulater-papeg-yer-og-burfugler\/fuglesnacks\/lolo-frostang-med-honning\/","title":{"rendered":"Lolo fr\u00f8stang med honning 2pk undulat"},"content":{"rendered":"<h2>Lolo fr\u00f8stang med honning 2pk undulat<\/h2>\n<p>Ingredienser: Gul hirse, r\u00f8d hirse, havregryn, r\u00f8d sorghum, linfr\u00f8, hampfr\u00f8, hvetemel.<\/p>\n<p>Innholdsdeklarasjon;<\/p>\n<p>R\u00e5protein (min)&#8230;..9,7 %<br \/>\nR\u00e5fett (min)&#8230;..4,1 %<br \/>\nR\u00e5fiber (maks)&#8230;7,3 %.<br \/>\nFuktighet (maks)&#8230;.. 12,0 %<br \/>\nR\u00e5aske (maks)&#8230;4,4 %<\/p>","protected":false},"excerpt":{"rendered":"<h3>Lolo fr\u00f8stang med honning 2pk undulat<\/h3>\n<p>Lolo fr\u00f8stang med honning 2pk undulat er et perfekt supplement til et kosthold laget av honning, som i tillegg til \u00e5 v\u00e6re velsmakende og n\u00e6ringsrikt har medisinske egenskaper og styrker immunforsvaret.<\/p>","protected":false},"featured_media":23857,"comment_status":"closed","ping_status":"closed","template":"","meta":{"content-type":"","_uf_show_specific_survey":0,"_uf_disable_surveys":false,"_monsterinsights_skip_tracking":false,"_monsterinsights_sitenote_active":false,"_monsterinsights_sitenote_note":"","_monsterinsights_sitenote_category":0},"pwb-brand":[666],"product_brand":[],"product_cat":[41,1147,3285,62],"product_tag":[3294,96],"woo-feed-brand":[],"class_list":{"0":"post-2965","1":"product","2":"type-product","3":"status-publish","4":"has-post-thumbnail","6":"pwb-brand-lolopets","7":"product_cat-fugl","8":"product_cat-fugl-som-hobby","9":"product_cat-fuglemat-til-undulater-papeg-yer-og-burfugler","10":"product_cat-fuglesnacks","11":"product_tag-fr-stenger-og-hirsekolber","12":"product_tag-undulat","14":"first","15":"instock","16":"taxable","17":"shipping-taxable","18":"purchasable","19":"product-type-simple"},"exclude_global_add_ons":[],"addons":[],"brands":[{"id":666,"name":"LoloPets","slug":"lolopets"}],"_links":{"self":[{"href":"https:\/\/fuglebutikken.no\/en\/wp-json\/wp\/v2\/product\/2965","targetHints":{"allow":["GET"]}}],"collection":[{"href":"https:\/\/fuglebutikken.no\/en\/wp-json\/wp\/v2\/product"}],"about":[{"href":"https:\/\/fuglebutikken.no\/en\/wp-json\/wp\/v2\/types\/product"}],"replies":[{"embeddable":true,"href":"https:\/\/fuglebutikken.no\/en\/wp-json\/wp\/v2\/comments?post=2965"}],"wp:featuredmedia":[{"embeddable":true,"href":"https:\/\/fuglebutikken.no\/en\/wp-json\/wp\/v2\/media\/23857"}],"wp:attachment":[{"href":"https:\/\/fuglebutikken.no\/en\/wp-json\/wp\/v2\/media?parent=2965"}],"wp:term":[{"taxonomy":"pwb-brand","embeddable":true,"href":"https:\/\/fuglebutikken.no\/en\/wp-json\/wp\/v2\/pwb-brand?post=2965"},{"taxonomy":"product_brand","embeddable":true,"href":"https:\/\/fuglebutikken.no\/en\/wp-json\/wp\/v2\/product_brand?post=2965"},{"taxonomy":"product_cat","embeddable":true,"href":"https:\/\/fuglebutikken.no\/en\/wp-json\/wp\/v2\/product_cat?post=2965"},{"taxonomy":"product_tag","embeddable":true,"href":"https:\/\/fuglebutikken.no\/en\/wp-json\/wp\/v2\/product_tag?post=2965"},{"taxonomy":"woo-feed-brand","embeddable":true,"href":"https:\/\/fuglebutikken.no\/en\/wp-json\/wp\/v2\/woo-feed-brand?post=2965"}],"curies":[{"name":"wp","href":"https:\/\/api.w.org\/{rel}","templated":true}]}}