{"id":2963,"date":"2020-09-03T15:30:20","date_gmt":"2020-09-03T13:30:20","guid":{"rendered":"https:\/\/fugl.fuglebutikker.kinsta.cloud\/butik\/lolo-frostang-med-egg-2pk-undulat\/"},"modified":"2025-11-11T14:28:13","modified_gmt":"2025-11-11T13:28:13","slug":"lolo-frostang-med-egg-2pk-undulat","status":"publish","type":"product","link":"https:\/\/fuglebutikken.no\/en\/butikk\/fugl-som-hobby\/fugl\/spise\/fuglemat-til-undulater-papeg-yer-og-burfugler\/fuglesnacks\/lolo-frostang-med-egg-2pk-undulat\/","title":{"rendered":"Lolo fr\u00f8stang med egg 2pk undulat"},"content":{"rendered":"<p>Et perfekt kosttilskudd &#8211; Inneholder verdifulle eggehviter fra kylling som inneholder essensielle aminosyrer. N\u00f8dvendig supplement til fuglenes diett f\u00f8r og under avl og felling. Ingredienser: Gul hirse, hvetemel, nigerfr\u00f8, t\u00f8rket gj\u00e6r, t\u00f8rket eggpulver. Tilsetningsstoffer: Fargestoffer. 80g<\/p>","protected":false},"excerpt":{"rendered":"<p>Et perfekt kosttilskudd \u2013 Inneholder verdifulle eggehviter fra kylling som inneholder essensielle aminosyrer. N\u00f8dvendig supplement til fuglenes diett f\u00f8r og under avl og felling. Ingredienser: Gul hirse, hvetemel, nigerfr\u00f8, t\u00f8rket gj\u00e6r, t\u00f8rket eggpulver. Tilsetningsstoffer: Fargestoffer<\/p>","protected":false},"featured_media":23904,"comment_status":"closed","ping_status":"closed","template":"","meta":{"content-type":"","_uf_show_specific_survey":0,"_uf_disable_surveys":false,"_monsterinsights_skip_tracking":false,"_monsterinsights_sitenote_active":false,"_monsterinsights_sitenote_note":"","_monsterinsights_sitenote_category":0},"pwb-brand":[666],"product_brand":[],"product_cat":[41,1147,3285,62],"product_tag":[3294,96],"woo-feed-brand":[],"class_list":{"0":"post-2963","1":"product","2":"type-product","3":"status-publish","4":"has-post-thumbnail","6":"pwb-brand-lolopets","7":"product_cat-fugl","8":"product_cat-fugl-som-hobby","9":"product_cat-fuglemat-til-undulater-papeg-yer-og-burfugler","10":"product_cat-fuglesnacks","11":"product_tag-fr-stenger-og-hirsekolber","12":"product_tag-undulat","14":"first","15":"instock","16":"taxable","17":"shipping-taxable","18":"purchasable","19":"product-type-simple"},"exclude_global_add_ons":[],"addons":[],"brands":[{"id":666,"name":"LoloPets","slug":"lolopets"}],"_links":{"self":[{"href":"https:\/\/fuglebutikken.no\/en\/wp-json\/wp\/v2\/product\/2963","targetHints":{"allow":["GET"]}}],"collection":[{"href":"https:\/\/fuglebutikken.no\/en\/wp-json\/wp\/v2\/product"}],"about":[{"href":"https:\/\/fuglebutikken.no\/en\/wp-json\/wp\/v2\/types\/product"}],"replies":[{"embeddable":true,"href":"https:\/\/fuglebutikken.no\/en\/wp-json\/wp\/v2\/comments?post=2963"}],"wp:featuredmedia":[{"embeddable":true,"href":"https:\/\/fuglebutikken.no\/en\/wp-json\/wp\/v2\/media\/23904"}],"wp:attachment":[{"href":"https:\/\/fuglebutikken.no\/en\/wp-json\/wp\/v2\/media?parent=2963"}],"wp:term":[{"taxonomy":"pwb-brand","embeddable":true,"href":"https:\/\/fuglebutikken.no\/en\/wp-json\/wp\/v2\/pwb-brand?post=2963"},{"taxonomy":"product_brand","embeddable":true,"href":"https:\/\/fuglebutikken.no\/en\/wp-json\/wp\/v2\/product_brand?post=2963"},{"taxonomy":"product_cat","embeddable":true,"href":"https:\/\/fuglebutikken.no\/en\/wp-json\/wp\/v2\/product_cat?post=2963"},{"taxonomy":"product_tag","embeddable":true,"href":"https:\/\/fuglebutikken.no\/en\/wp-json\/wp\/v2\/product_tag?post=2963"},{"taxonomy":"woo-feed-brand","embeddable":true,"href":"https:\/\/fuglebutikken.no\/en\/wp-json\/wp\/v2\/woo-feed-brand?post=2963"}],"curies":[{"name":"wp","href":"https:\/\/api.w.org\/{rel}","templated":true}]}}