{"id":2961,"date":"2020-09-03T15:24:15","date_gmt":"2020-09-03T13:24:15","guid":{"rendered":"https:\/\/fugl.fuglebutikker.kinsta.cloud\/butik\/hirsekolber-senegal-100g-lolo\/"},"modified":"2025-11-11T14:36:19","modified_gmt":"2025-11-11T13:36:19","slug":"hirsekolber-senegal-100g-lolo-pets","status":"publish","type":"product","link":"https:\/\/fuglebutikken.no\/en\/butikk\/fugl-som-hobby\/fugl\/spise\/fuglemat-til-undulater-papeg-yer-og-burfugler\/fuglesnacks\/hirsekolber-senegal-100g-lolo-pets\/","title":{"rendered":"Hirsekolber senegal 100g Lolo Pets"},"content":{"rendered":"","protected":false},"excerpt":{"rendered":"<p>Hirsekolber senegal 100g Lolo Pets til en rekke typer fr\u00f8spisende fugler som f.eks, finker, undulater, parakitter og papeg\u00f8yer. Hirsekolber er et perfekt f\u00f4rtilskudd og snacks som kan gis et par ganger i uken til fuglene. Hirsekolber aktiviserer fuglene, men b\u00f8r ikke v\u00e6re hovedf\u00f4ret til fuglene dine.<\/p>\n<div class=\"pageBody centerElement\">\n<p>&nbsp;<\/p>\n<div class=\"clearFix\"><\/div>\n<\/div>\n<div class=\"clearFix\"><\/div>\n<div class=\"columns4\">\n<div class=\"columnElement productListBox centerElement isShoppable\">\n<div class=\"outerBorder\">\n<div class=\"aspectRatioContainer imageOuterBox\">\n<div class=\"imageBoxHeight\">\n<div class=\"aspectRatioElement imageInnerBox\">\n<div class=\"imageCenterOuterBox\"><\/div>\n<\/div>\n<\/div>\n<\/div>\n<\/div>\n<\/div>\n<\/div>","protected":false},"featured_media":23962,"comment_status":"closed","ping_status":"closed","template":"","meta":{"content-type":"","_uf_show_specific_survey":0,"_uf_disable_surveys":false,"_monsterinsights_skip_tracking":false,"_monsterinsights_sitenote_active":false,"_monsterinsights_sitenote_note":"","_monsterinsights_sitenote_category":0},"pwb-brand":[666],"product_brand":[],"product_cat":[41,1147,3285,62],"product_tag":[3294],"woo-feed-brand":[],"class_list":{"0":"post-2961","1":"product","2":"type-product","3":"status-publish","4":"has-post-thumbnail","6":"pwb-brand-lolopets","7":"product_cat-fugl","8":"product_cat-fugl-som-hobby","9":"product_cat-fuglemat-til-undulater-papeg-yer-og-burfugler","10":"product_cat-fuglesnacks","11":"product_tag-fr-stenger-og-hirsekolber","13":"first","14":"instock","15":"taxable","16":"shipping-taxable","17":"purchasable","18":"product-type-simple"},"exclude_global_add_ons":[],"addons":[],"brands":[{"id":666,"name":"LoloPets","slug":"lolopets"}],"_links":{"self":[{"href":"https:\/\/fuglebutikken.no\/en\/wp-json\/wp\/v2\/product\/2961","targetHints":{"allow":["GET"]}}],"collection":[{"href":"https:\/\/fuglebutikken.no\/en\/wp-json\/wp\/v2\/product"}],"about":[{"href":"https:\/\/fuglebutikken.no\/en\/wp-json\/wp\/v2\/types\/product"}],"replies":[{"embeddable":true,"href":"https:\/\/fuglebutikken.no\/en\/wp-json\/wp\/v2\/comments?post=2961"}],"wp:featuredmedia":[{"embeddable":true,"href":"https:\/\/fuglebutikken.no\/en\/wp-json\/wp\/v2\/media\/23962"}],"wp:attachment":[{"href":"https:\/\/fuglebutikken.no\/en\/wp-json\/wp\/v2\/media?parent=2961"}],"wp:term":[{"taxonomy":"pwb-brand","embeddable":true,"href":"https:\/\/fuglebutikken.no\/en\/wp-json\/wp\/v2\/pwb-brand?post=2961"},{"taxonomy":"product_brand","embeddable":true,"href":"https:\/\/fuglebutikken.no\/en\/wp-json\/wp\/v2\/product_brand?post=2961"},{"taxonomy":"product_cat","embeddable":true,"href":"https:\/\/fuglebutikken.no\/en\/wp-json\/wp\/v2\/product_cat?post=2961"},{"taxonomy":"product_tag","embeddable":true,"href":"https:\/\/fuglebutikken.no\/en\/wp-json\/wp\/v2\/product_tag?post=2961"},{"taxonomy":"woo-feed-brand","embeddable":true,"href":"https:\/\/fuglebutikken.no\/en\/wp-json\/wp\/v2\/woo-feed-brand?post=2961"}],"curies":[{"name":"wp","href":"https:\/\/api.w.org\/{rel}","templated":true}]}}