{"id":2868,"date":"2020-02-22T18:27:25","date_gmt":"2020-02-22T17:27:25","guid":{"rendered":"https:\/\/fugl.fuglebutikker.kinsta.cloud\/butik\/tropican-fullforpelletslifetime-formula-for-parakitter-820-gr\/"},"modified":"2026-02-24T10:31:46","modified_gmt":"2026-02-24T09:31:46","slug":"tropican-fullforpellets-parakitter","status":"publish","type":"product","link":"https:\/\/fuglebutikken.no\/en\/butikk\/fugl-som-hobby\/fugl\/spise\/fuglemat-til-undulater-papeg-yer-og-burfugler\/fr-blandinger-og-pellets-daglig-f-r\/papegoye\/tropican-fullforpellets-parakitter\/","title":{"rendered":"Tropican fullf\u00f4rpellets parakitter"},"content":{"rendered":"<h2>Tropican fullf\u00f4rpellets parakitter ,Lifetime formula<\/h2>\n<p>Gode parakittpellets i forskjellige farger for \u00e5 glede parakittene. Tropican Parakittpellets er et vitenskapelig balansert fuglef\u00f4r for parakitter, som utelukker n\u00e6ringsmangel. Parakitt Tropican er et ekstrudert pelletsf\u00f4r og komplett fuglemat for parakitter.<\/p>\n<p id=\"tw-target-text\" class=\"tw-data-text tw-text-large XcVN5d tw-ta\" dir=\"ltr\" data-placeholder=\"Oversettelse\"><span lang=\"no\">Tropican Lifetime Formula er en vitenskapelig designet, fullstendig balansert og velsmakende vedlikeholdsf\u00f4r for sm\u00e5 til voksne papeg\u00f8yer. Fordi Tropican inneholder vitaminer og mineraler, er det ikke behov for vitamintilskudd. Lifetime Formula er en papeg\u00f8yef\u00f4r med lavere protein- og kalsiuminnhold som er ideell for f\u00f8lgesvenn som ikke klekker eller er under stress fra for eksempel lavere temperaturer. F\u00f4ret er designet med maksimal smak og inneholder naturlige fruktsmaker som appelsin og banan og en blanding av \u00e5tte fr\u00f8 og netter.<\/span><\/p>\n<p class=\"tw-data-text tw-text-large XcVN5d tw-ta\" dir=\"ltr\" data-placeholder=\"Oversettelse\"><span lang=\"no\">Naturlige farger som fra gulr\u00f8tter og lucerne skaper interesse for fuglen uten \u00e5 v\u00e6re kunstig. En rik kilde til Omega-fettsyrer fra linfr\u00f8, pean\u00f8tter og solsikkefr\u00f8 gj\u00f8r fj\u00e6rene skinnende og st\u00f8tter en sunn kropp. Tropiske ekstruderte granulater brytes rene og eksploderer ikke til et fint pulver som pellets gj\u00f8r, noe som f\u00f8rer til merkbart mindre svinn. Tropiske munnstykker er harde og kompakte, noe som bidrar til et sunt nebb som er viktig for fuglens velv\u00e6re.<\/span><\/p>\n<p dir=\"ltr\" data-placeholder=\"Oversettelse\"><img decoding=\"async\" class=\"aligncenter wp-image-92911 size-full\" src=\"https:\/\/dgspetproducts.no\/wp-content\/uploads\/2020\/02\/Tropican-fullforpellets-parakitter-2.jpg\" alt=\"Tropican fullf\u00f4rpellets parakitter..\" width=\"970\" height=\"710\"><\/p>\n<h3>Produktinfo:<\/h3>\n<p>For \u00e5 im\u00f8tekomme fuglenes krav skal de alltid ha tillgang til ferske pellets og vann. F\u00f2r- og vannsk\u00e5ler skal reng\u00f8res daglig og fylles med ferskt f\u00f2r og vann for \u00e5 holde fuglene dine pigge og friske hele livet.<\/p>\n<p class=\"tw-data-text tw-text-large XcVN5d tw-ta\" dir=\"ltr\" data-placeholder=\"Oversettelse\"><span lang=\"no\">Sammensetning:<\/span><\/p>\n<p class=\"tw-data-text tw-text-large XcVN5d tw-ta\" dir=\"ltr\" data-placeholder=\"Oversettelse\"><span lang=\"no\">Mais, soyamel, hvete, skrelte pean\u00f8tter, skrelte solsikkefr\u00f8, brun ris, rapsolje (konservert med blandede tokoferoler), kalsiumkarbonat, lecitin, havregryn, t\u00f8rkede tomater, linfr\u00f8, L-lysin, alfalfa n\u00e6ringskonsentrat, DL- metakionklorid, kolinmetioninklorid, biotin, vitamin E-tilskudd, niacin, kalsium L-askorbyl-2-monofosfat (vitamin C-kilde), sinkoksid, manganoksid, d-kalsiumpantotenat, vitamin B12-tilskudd, rosmarinekstrakt, kobbersulfat, pyridoksinhydroklorid, tiaminmonitrat, i, vitamin A-tilskudd, kalsiumjodat, natriumselenitt, vitamin D3-tilskudd.<\/span><\/p>\n<p class=\"tw-data-text tw-text-large XcVN5d tw-ta\" dir=\"ltr\" data-placeholder=\"Oversettelse\"><span lang=\"no\">Analytisk innhold:<\/span><\/p>\n<p class=\"tw-data-text tw-text-large XcVN5d tw-ta\" dir=\"ltr\" data-placeholder=\"Oversettelse\"><span lang=\"no\">R\u00e5protein 13%, r\u00e5fett 7%, r\u00e5fiber 3,5%, flytende 11%, kalsium 0,8%, fosfor 0,6%, jern 75 mg \/ kg, vitamin A 5000 IE \/ kg, vitamin D3 500 IE \/ kg, vitamin E 200 IE \/ kg, beta-karoten 1,8 mg \/ kg, Omega-3 fettsyrer 0,03%, Omega-6 fettsyrer 0,25%.<\/span><\/p>\n<p>Inneholder antioxidanter og konserveringsmiddel.<\/p>","protected":false},"excerpt":{"rendered":"<h3 class=\"\">Tropican fullf\u00f4rpellets parakitter<\/h3>\n<ul>\n<li>Vitenskapelig formulert for optimal ern\u00e6ring til parakitter.<\/li>\n<li>Ingen kunstige tilsetningsstoffer, kun naturlige ingredienser.<\/li>\n<li>Hele pelletsen er spiselig, ingen svinn ved f\u00f4ring.<\/li>\n<li>Inneholder viktige vitaminer og mineraler, ingen tilskudd n\u00f8dvendig.<\/li>\n<li>Lavere protein- og kalsiuminnhold for helse og velv\u00e6re.<\/li>\n<li>Naturlige fruktsmaker gir en velsmakende opplevelse.<\/li>\n<li>Rik p\u00e5 omega-fettsyrer for skinnende fj\u00e6r.<\/li>\n<\/ul>","protected":false},"featured_media":27671,"comment_status":"open","ping_status":"closed","template":"","meta":{"content-type":"","_uf_show_specific_survey":0,"_uf_disable_surveys":false,"_monsterinsights_skip_tracking":false,"_monsterinsights_sitenote_active":false,"_monsterinsights_sitenote_note":"","_monsterinsights_sitenote_category":0},"pwb-brand":[671],"product_brand":[],"product_cat":[3286,41,1147,3285,3299,2328],"product_tag":[2132,1922,580],"woo-feed-brand":[],"class_list":{"0":"post-2868","1":"product","2":"type-product","3":"status-publish","4":"has-post-thumbnail","6":"pwb-brand-tropican","7":"product_cat-fr-blandinger-og-pellets-daglig-f-r","8":"product_cat-fugl","9":"product_cat-fugl-som-hobby","10":"product_cat-fuglemat-til-undulater-papeg-yer-og-burfugler","11":"product_cat-spise","12":"product_cat-papegoye","13":"product_tag-fuglemat-og-fuglef-or","14":"product_tag-fuglepellets","15":"product_tag-parakitt","17":"first","18":"instock","19":"taxable","20":"shipping-taxable","21":"purchasable","22":"product-type-variable","23":"has-default-attributes"},"exclude_global_add_ons":[],"addons":[],"brands":[{"id":671,"name":"Tropican","slug":"tropican"}],"_links":{"self":[{"href":"https:\/\/fuglebutikken.no\/en\/wp-json\/wp\/v2\/product\/2868","targetHints":{"allow":["GET"]}}],"collection":[{"href":"https:\/\/fuglebutikken.no\/en\/wp-json\/wp\/v2\/product"}],"about":[{"href":"https:\/\/fuglebutikken.no\/en\/wp-json\/wp\/v2\/types\/product"}],"replies":[{"embeddable":true,"href":"https:\/\/fuglebutikken.no\/en\/wp-json\/wp\/v2\/comments?post=2868"}],"wp:featuredmedia":[{"embeddable":true,"href":"https:\/\/fuglebutikken.no\/en\/wp-json\/wp\/v2\/media\/27671"}],"wp:attachment":[{"href":"https:\/\/fuglebutikken.no\/en\/wp-json\/wp\/v2\/media?parent=2868"}],"wp:term":[{"taxonomy":"pwb-brand","embeddable":true,"href":"https:\/\/fuglebutikken.no\/en\/wp-json\/wp\/v2\/pwb-brand?post=2868"},{"taxonomy":"product_brand","embeddable":true,"href":"https:\/\/fuglebutikken.no\/en\/wp-json\/wp\/v2\/product_brand?post=2868"},{"taxonomy":"product_cat","embeddable":true,"href":"https:\/\/fuglebutikken.no\/en\/wp-json\/wp\/v2\/product_cat?post=2868"},{"taxonomy":"product_tag","embeddable":true,"href":"https:\/\/fuglebutikken.no\/en\/wp-json\/wp\/v2\/product_tag?post=2868"},{"taxonomy":"woo-feed-brand","embeddable":true,"href":"https:\/\/fuglebutikken.no\/en\/wp-json\/wp\/v2\/woo-feed-brand?post=2868"}],"curies":[{"name":"wp","href":"https:\/\/api.w.org\/{rel}","templated":true}]}}