{"id":2866,"date":"2020-02-22T18:27:25","date_gmt":"2020-02-22T17:27:25","guid":{"rendered":"https:\/\/fugl.fuglebutikker.kinsta.cloud\/butik\/tropican-fullforpelletslifetime-formula-for-papegoyer-820-gr\/"},"modified":"2026-01-20T10:54:30","modified_gmt":"2026-01-20T09:54:30","slug":"tropican-fullforpellets","status":"publish","type":"product","link":"https:\/\/fuglebutikken.no\/en\/butikk\/fugl-som-hobby\/fugl\/spise\/fuglemat-til-undulater-papeg-yer-og-burfugler\/fr-blandinger-og-pellets-daglig-f-r\/papegoye\/tropican-fullforpellets\/","title":{"rendered":"Tropican fullf\u00f4rpellets papeg\u00f8yer, Lifetime formula"},"content":{"rendered":"<div class=\"short-description\">\n<div class=\"std\">\n<h2>Tropican fullf\u00f4rpellets papeg\u00f8yer<\/h2>\n<p>Foringsinstrukser:<br \/>\nFor \u00e5 ta hensyn til fuglens behov skal de alltid ha tilgang til fersk granulat og vann. For og vannkopper b\u00f8r rengj\u00f8res daglig og fylles med fersk mat og vann, slik at din fugl holder seg glad, sunn og frisk gjennom hele sin livstid. Den beste n\u00e6ringen for alle papeg\u00f8yer<\/p>\n<p id=\"tw-target-text\" class=\"tw-data-text tw-text-large XcVN5d tw-ta\" dir=\"ltr\" data-placeholder=\"Oversettelse\"><span lang=\"no\">Tropican Lifetime Formula er en vitenskapelig designet, fullstendig balansert og velsmakende vedlikeholdsf\u00f4r for sm\u00e5 til voksne papeg\u00f8yer. Fordi Tropican inneholder vitaminer og mineraler, er det ikke behov for vitamintilskudd. Lifetime Formula er en papeg\u00f8yef\u00f4r med lavere protein- og kalsiuminnhold som er ideell for f\u00f8lgesvenn som ikke klekker eller er under stress fra for eksempel lavere temperaturer. F\u00f4ret er designet med maksimal smak og inneholder naturlige fruktsmaker som appelsin og banan og en blanding av \u00e5tte fr\u00f8 og netter.<\/span><\/p>\n<p class=\"tw-data-text tw-text-large XcVN5d tw-ta\" dir=\"ltr\" data-placeholder=\"Oversettelse\"><span lang=\"no\">Naturlige farger som fra gulr\u00f8tter og lucerne skaper interesse for fuglen uten \u00e5 v\u00e6re kunstig. En rik kilde til Omega-fettsyrer fra linfr\u00f8, pean\u00f8tter og solsikkefr\u00f8 gj\u00f8r fj\u00e6rene skinnende og st\u00f8tter en sunn kropp. Tropiske ekstruderte granulater brytes rene og eksploderer ikke til et fint pulver som pellets gj\u00f8r, noe som f\u00f8rer til merkbart mindre svinn. Tropiske munnstykker er harde og kompakte, noe som bidrar til et sunt nebb som er viktig for fuglens velv\u00e6re.<\/span><\/p>\n<p>Ingredienser:<br \/>\nEkstrudert mais, hvete, soya mel, soyaolje, peeled pean\u00f8tter, solsikkefr\u00f8kjerner, ris, maisprodukter, kalsiumkarbonat, karoten 1%, havregryn, linfr\u00f8mel, spirulina 1%, salt, appelsinjuice, bananjuice, rosmarinekstrakt, sinkoksid, selen-soda, kobbersulfat, manganoksyd, kalsiumjodat.<\/p>\n<p>Protein 15%, Fett 10,0%, Fiber 3,5%, Ask 4,0%, Vann 7%, Kalsium (Som Kalsiumkarbonat) 0,40%, Vitamin A 16.000 IE \/ Vitamin D3 500 IE \/ kg, Vitamin E 720 IE \/ kg, Betakarotin 43.000 IE \/ kg, kobber (som kobbersulfat) 35g \/ kg, sink (som sinkoksyd) 160mg \/ kg, mangan (som manganoksyd) 14mg \/ kg selen \/ kg.<\/p>\n<p>Inneholder antioksidanter og konserveringsmidler.<\/p>\n<p><iframe title=\"Tropican Lifetime Formula Food for Parrots\" width=\"800\" height=\"450\" src=\"https:\/\/www.youtube.com\/embed\/S8kVJdZsMHI?feature=oembed\" frameborder=\"0\" allow=\"accelerometer; autoplay; clipboard-write; encrypted-media; gyroscope; picture-in-picture; web-share\" referrerpolicy=\"strict-origin-when-cross-origin\" allowfullscreen><\/iframe><\/p>\n<\/div>\n<\/div>","protected":false},"excerpt":{"rendered":"<h3>Tropican fullf\u00f4rpellets papeg\u00f8yer, Lifetime formula<\/h3>\n<p>Tropican fullf\u00f4rpellets,Lifetime formula for papeg\u00f8yer&nbsp;gir en meget god n\u00e6ring for alle papeg\u00f8yer. Det er vitenskapelig fremstilt blanding av \u00e5tte ulike fr\u00f8sorter og n\u00f8tter for optimal smak.<\/p>\n<div class=\"short-description\">\n<div class=\"std\">\n<p>Disse kompakte granulatene inneholder ingen kunstige smaker eller farger. Det blir minimalt med svinn da hele granulaten er spisbar, i motsetning til fr\u00f8 med skall.<\/p>\n<p>Som vanlig med nytt for skal man gradvis introdusere det nye foret gjennom \u00e5 bytte ut ca 20% hver uke med det nye foret. Det kan bl\u00f8tes litt for \u00e5 \u00f8ke inntaket, men OBS da m\u00e5 det byttes etter 4 timer.<\/p>\n<\/div>\n<\/div>","protected":false},"featured_media":26629,"comment_status":"open","ping_status":"closed","template":"","meta":{"content-type":"","_uf_show_specific_survey":0,"_uf_disable_surveys":false,"_monsterinsights_skip_tracking":false,"_monsterinsights_sitenote_active":false,"_monsterinsights_sitenote_note":"","_monsterinsights_sitenote_category":0},"pwb-brand":[663,671],"product_brand":[],"product_cat":[3286,41,1147,3285,3299,2328],"product_tag":[2132,1922,581],"woo-feed-brand":[],"class_list":{"0":"post-2866","1":"product","2":"type-product","3":"status-publish","4":"has-post-thumbnail","6":"pwb-brand-hagen","7":"pwb-brand-tropican","8":"product_cat-fr-blandinger-og-pellets-daglig-f-r","9":"product_cat-fugl","10":"product_cat-fugl-som-hobby","11":"product_cat-fuglemat-til-undulater-papeg-yer-og-burfugler","12":"product_cat-spise","13":"product_cat-papegoye","14":"product_tag-fuglemat-og-fuglef-or","15":"product_tag-fuglepellets","16":"product_tag-papegoye","18":"first","19":"instock","20":"taxable","21":"shipping-taxable","22":"purchasable","23":"product-type-variable","24":"has-default-attributes"},"exclude_global_add_ons":[],"addons":[],"brands":[{"id":663,"name":"Hagen","slug":"hagen"},{"id":671,"name":"Tropican","slug":"tropican"}],"_links":{"self":[{"href":"https:\/\/fuglebutikken.no\/en\/wp-json\/wp\/v2\/product\/2866","targetHints":{"allow":["GET"]}}],"collection":[{"href":"https:\/\/fuglebutikken.no\/en\/wp-json\/wp\/v2\/product"}],"about":[{"href":"https:\/\/fuglebutikken.no\/en\/wp-json\/wp\/v2\/types\/product"}],"replies":[{"embeddable":true,"href":"https:\/\/fuglebutikken.no\/en\/wp-json\/wp\/v2\/comments?post=2866"}],"wp:featuredmedia":[{"embeddable":true,"href":"https:\/\/fuglebutikken.no\/en\/wp-json\/wp\/v2\/media\/26629"}],"wp:attachment":[{"href":"https:\/\/fuglebutikken.no\/en\/wp-json\/wp\/v2\/media?parent=2866"}],"wp:term":[{"taxonomy":"pwb-brand","embeddable":true,"href":"https:\/\/fuglebutikken.no\/en\/wp-json\/wp\/v2\/pwb-brand?post=2866"},{"taxonomy":"product_brand","embeddable":true,"href":"https:\/\/fuglebutikken.no\/en\/wp-json\/wp\/v2\/product_brand?post=2866"},{"taxonomy":"product_cat","embeddable":true,"href":"https:\/\/fuglebutikken.no\/en\/wp-json\/wp\/v2\/product_cat?post=2866"},{"taxonomy":"product_tag","embeddable":true,"href":"https:\/\/fuglebutikken.no\/en\/wp-json\/wp\/v2\/product_tag?post=2866"},{"taxonomy":"woo-feed-brand","embeddable":true,"href":"https:\/\/fuglebutikken.no\/en\/wp-json\/wp\/v2\/woo-feed-brand?post=2866"}],"curies":[{"name":"wp","href":"https:\/\/api.w.org\/{rel}","templated":true}]}}