{"id":2856,"date":"2020-02-22T18:27:25","date_gmt":"2020-02-22T17:27:25","guid":{"rendered":"https:\/\/fugl.fuglebutikker.kinsta.cloud\/butik\/parakittfor-vadigran-original-20-kg\/"},"modified":"2025-11-11T13:03:18","modified_gmt":"2025-11-11T12:03:18","slug":"parakittfor-vadigran-original-20-kg","status":"publish","type":"product","link":"https:\/\/fuglebutikken.no\/en\/butikk\/fugl-som-hobby\/fugl\/spise\/fuglemat-til-undulater-papeg-yer-og-burfugler\/fr-blandinger-og-pellets-daglig-f-r\/papegoye\/parakittfor-vadigran-original-20-kg\/","title":{"rendered":"Parakittfor Vadigran Original 20 kg"},"content":{"rendered":"<h2>Parakittfor Vadigran Original 20 kg<\/h2>\n<p>SAMMENSETNING<\/p>\n<p>Kanarifr\u00f8, hirse (gul), hirse (hvit), havregryn, kardy, ris, hirse (r\u00f8d), bokhvete, hirse (japansk), solsikkefr\u00f8 (stripet), hampfr\u00f8, hvete, solsikkefr\u00f8 (hvite), linfr\u00f8, niger<\/p>\n<p>ANALYTISK SAMMENSETNING<\/p>\n<p>R\u00e5protein (13,67 %), r\u00e5aske (9,24 %), r\u00e5fett (9,02 %), r\u00e5fiber (3,24 %), kalsium (0,32 %), fosfor (0,07 %). )<\/p>\n<p>&nbsp;<\/p>","protected":false},"excerpt":{"rendered":"<h3>Parakittfor Vadigran Original 20 kg<\/h3>\n<p>Vadigran er en smakfull og balansert mat, som kun inneholder ingredienser av h\u00f8y kvalitet. Disse er behandlet og pakket med den st\u00f8rste forsiktighet for \u00e5 garantere optimal renhet, friskhet og smak. Denne sammensetningen oppfyller alle ern\u00e6ringsmessige krav og fremmer velv\u00e6re<\/p>","protected":false},"featured_media":23589,"comment_status":"open","ping_status":"closed","template":"","meta":{"content-type":"","_uf_show_specific_survey":0,"_uf_disable_surveys":false,"_monsterinsights_skip_tracking":false,"_monsterinsights_sitenote_active":false,"_monsterinsights_sitenote_note":"","_monsterinsights_sitenote_category":0},"pwb-brand":[672],"product_brand":[],"product_cat":[3286,41,1147,3285,2328],"product_tag":[580],"woo-feed-brand":[],"class_list":{"0":"post-2856","1":"product","2":"type-product","3":"status-publish","4":"has-post-thumbnail","6":"pwb-brand-vadigran","7":"product_cat-fr-blandinger-og-pellets-daglig-f-r","8":"product_cat-fugl","9":"product_cat-fugl-som-hobby","10":"product_cat-fuglemat-til-undulater-papeg-yer-og-burfugler","11":"product_cat-papegoye","12":"product_tag-parakitt","14":"first","15":"instock","16":"taxable","17":"shipping-taxable","18":"purchasable","19":"product-type-simple"},"exclude_global_add_ons":[],"addons":[],"brands":[{"id":672,"name":"Vadigran","slug":"vadigran"}],"_links":{"self":[{"href":"https:\/\/fuglebutikken.no\/en\/wp-json\/wp\/v2\/product\/2856","targetHints":{"allow":["GET"]}}],"collection":[{"href":"https:\/\/fuglebutikken.no\/en\/wp-json\/wp\/v2\/product"}],"about":[{"href":"https:\/\/fuglebutikken.no\/en\/wp-json\/wp\/v2\/types\/product"}],"replies":[{"embeddable":true,"href":"https:\/\/fuglebutikken.no\/en\/wp-json\/wp\/v2\/comments?post=2856"}],"wp:featuredmedia":[{"embeddable":true,"href":"https:\/\/fuglebutikken.no\/en\/wp-json\/wp\/v2\/media\/23589"}],"wp:attachment":[{"href":"https:\/\/fuglebutikken.no\/en\/wp-json\/wp\/v2\/media?parent=2856"}],"wp:term":[{"taxonomy":"pwb-brand","embeddable":true,"href":"https:\/\/fuglebutikken.no\/en\/wp-json\/wp\/v2\/pwb-brand?post=2856"},{"taxonomy":"product_brand","embeddable":true,"href":"https:\/\/fuglebutikken.no\/en\/wp-json\/wp\/v2\/product_brand?post=2856"},{"taxonomy":"product_cat","embeddable":true,"href":"https:\/\/fuglebutikken.no\/en\/wp-json\/wp\/v2\/product_cat?post=2856"},{"taxonomy":"product_tag","embeddable":true,"href":"https:\/\/fuglebutikken.no\/en\/wp-json\/wp\/v2\/product_tag?post=2856"},{"taxonomy":"woo-feed-brand","embeddable":true,"href":"https:\/\/fuglebutikken.no\/en\/wp-json\/wp\/v2\/woo-feed-brand?post=2856"}],"curies":[{"name":"wp","href":"https:\/\/api.w.org\/{rel}","templated":true}]}}