{"id":2564,"date":"2020-08-25T20:06:04","date_gmt":"2020-08-25T18:06:04","guid":{"rendered":"https:\/\/fugl.fuglebutikker.kinsta.cloud\/butik\/utefuglautomat-til-vindusrute-m-sugekopper-225ml-15x15x6cm\/"},"modified":"2025-09-20T07:31:04","modified_gmt":"2025-09-20T05:31:04","slug":"utefuglautomat-til-vindusrute-m-sugekopper-225ml-15x15x6cm","status":"publish","type":"product","link":"https:\/\/fuglebutikken.no\/en\/butikk\/utefugl-dyr\/hage-og-utedyr\/utefugl\/utefuglskaler-og-automater\/utefuglautomat-til-vindusrute-m-sugekopper-225ml-15x15x6cm\/","title":{"rendered":"Utefuglautomat til vindusrute m\/sugekopper 225ml 15x15x6cm"},"content":{"rendered":"<h2>Utefuglautomat til vindusrute m\/sugekopper 225ml 15x15x6cm<\/h2>\n<p>Opplev gleden av \u00e5 observere fuglene tett p\u00e5 med v\u00e5r utefuglautomat. Med et design som tillater deg \u00e5 se inn fra begge sider, kan du nyte fuglelivet p\u00e5 en helt ny m\u00e5te. Enkel \u00e5 montere og fylle p\u00e5, er denne fuglematen perfekt for alle som \u00f8nsker \u00e5 berike hagen med livlig fuglebes\u00f8k.<\/p>\n<h3>Viktige Fordeler<\/h3>\n<p>Utefuglautomatens klare plastdesign gir deg en unik mulighet til \u00e5 se fuglene fra begge sider, noe som gj\u00f8r det til en morsom aktivitet for hele familien. Den er ogs\u00e5 utstyrt med sugekopper for enkel montering, s\u00e5 du kan feste den hvor som helst i vinduet ditt. Dette gir deg fleksibilitet til \u00e5 plassere den der du f\u00e5r best utsikt.<\/p>\n<h3>Slik Bruker Du Den<\/h3>\n<p>Monter utefuglautomat enkelt ved \u00e5 feste sugekopper til vindusruten. Fyll beholderen med fuglefr\u00f8, og se hvordan nysgjerrige fugler finner veien til din hagen. For p\u00e5fylling er det bare \u00e5 ta bort automaten fra vinduet, fylle den opp, og feste den igjen \u2013 s\u00e5 enkelt er det!<\/p>\n<h3>Tilleggsinformasjon<\/h3>\n<p>Utefuglautomatens kompakte st\u00f8rrelse p\u00e5 15x15x6cm gj\u00f8r den lett \u00e5 plassere i alle vinduer. Den gjennomsiktige plasten lager ikke bare et stilrent design, men sikrer ogs\u00e5 at fuglene f\u00f8ler seg trygge og komfortable n\u00e5r de bes\u00f8ker. Denne fuglematen er ideell for naturentusiaster og fugleelskere som \u00f8nsker \u00e5 skape sin egen lille fristed for fugler.<\/p>","protected":false},"excerpt":{"rendered":"<h3 class=\"\">Utefuglautomat til vindusrute m\/sugekopper 225ml 15x15x6cm<\/h3>\n<p>Laget av gjennomsiktig plast.<br \/>\n\u2022 Ettersom den er gjennomsiktig kan man se p\u00e5 fuglene fra begge sider.<br \/>\n\u2022 Enkel montering med sugekopper.<br \/>\n\u2022 Enkel p\u00e5fylling.<\/p>","protected":false},"featured_media":21755,"comment_status":"closed","ping_status":"closed","template":"","meta":{"content-type":"","_uf_show_specific_survey":0,"_uf_disable_surveys":false,"_monsterinsights_skip_tracking":false,"_monsterinsights_sitenote_active":false,"_monsterinsights_sitenote_note":"","_monsterinsights_sitenote_category":0},"pwb-brand":[653],"product_brand":[],"product_cat":[1945,1147,3234,1946,1960,2339,66,721],"product_tag":[1587],"woo-feed-brand":[],"class_list":{"0":"post-2564","1":"product","2":"type-product","3":"status-publish","4":"has-post-thumbnail","6":"pwb-brand-trixie","7":"product_cat-dyr-som-hobby","8":"product_cat-fugl-som-hobby","9":"product_cat-utefuglskaler-og-automater","10":"product_cat-smadyr","11":"product_cat-utedyr","12":"product_cat-utedyrskaler-og-automater","13":"product_cat-utefugl-dyr","14":"product_cat-utefugl","15":"product_tag-villfugl","17":"first","18":"instock","19":"taxable","20":"shipping-taxable","21":"purchasable","22":"product-type-simple"},"exclude_global_add_ons":[],"addons":[],"brands":[{"id":653,"name":"Trixie","slug":"trixie"}],"_links":{"self":[{"href":"https:\/\/fuglebutikken.no\/en\/wp-json\/wp\/v2\/product\/2564","targetHints":{"allow":["GET"]}}],"collection":[{"href":"https:\/\/fuglebutikken.no\/en\/wp-json\/wp\/v2\/product"}],"about":[{"href":"https:\/\/fuglebutikken.no\/en\/wp-json\/wp\/v2\/types\/product"}],"replies":[{"embeddable":true,"href":"https:\/\/fuglebutikken.no\/en\/wp-json\/wp\/v2\/comments?post=2564"}],"wp:featuredmedia":[{"embeddable":true,"href":"https:\/\/fuglebutikken.no\/en\/wp-json\/wp\/v2\/media\/21755"}],"wp:attachment":[{"href":"https:\/\/fuglebutikken.no\/en\/wp-json\/wp\/v2\/media?parent=2564"}],"wp:term":[{"taxonomy":"pwb-brand","embeddable":true,"href":"https:\/\/fuglebutikken.no\/en\/wp-json\/wp\/v2\/pwb-brand?post=2564"},{"taxonomy":"product_brand","embeddable":true,"href":"https:\/\/fuglebutikken.no\/en\/wp-json\/wp\/v2\/product_brand?post=2564"},{"taxonomy":"product_cat","embeddable":true,"href":"https:\/\/fuglebutikken.no\/en\/wp-json\/wp\/v2\/product_cat?post=2564"},{"taxonomy":"product_tag","embeddable":true,"href":"https:\/\/fuglebutikken.no\/en\/wp-json\/wp\/v2\/product_tag?post=2564"},{"taxonomy":"woo-feed-brand","embeddable":true,"href":"https:\/\/fuglebutikken.no\/en\/wp-json\/wp\/v2\/woo-feed-brand?post=2564"}],"curies":[{"name":"wp","href":"https:\/\/api.w.org\/{rel}","templated":true}]}}