{"id":254,"date":"2020-02-22T18:09:53","date_gmt":"2020-02-22T17:09:53","guid":{"rendered":"https:\/\/274105-www.web.tornado-node.net\/fugl\/product\/finke-blanding-25kg\/"},"modified":"2026-01-02T08:39:16","modified_gmt":"2026-01-02T07:39:16","slug":"finkeblanding","status":"publish","type":"product","link":"https:\/\/fuglebutikken.no\/en\/butikk\/fugl-som-hobby\/fugl\/spise\/fuglemat-til-undulater-papeg-yer-og-burfugler\/fr-blandinger-og-pellets-daglig-f-r\/fink-og-kanari-f-r\/finkeblanding\/","title":{"rendered":"Finkeblanding"},"content":{"rendered":"","protected":false},"excerpt":{"rendered":"<p>Finkeblanding<\/p>\n<p>\nGi fuglene fri tilgang til f\u00f4ret. Tilsatt gr\u00f8nnsaker, mineraler og vitaminer.<\/p>\n<p>Forsikre deg om at fuglene alltid har tilgang til ferskvann.<\/p>\n<p>Sammensetning: Gul hirse, Hvit hirse, Senegal hirse, Japan hirse, R\u00f8d hirse, Rent kanarifr\u00f8, negerfr\u00f8, Raps, Ugressfr\u00f8.<\/p>\n<p>Max en pr. ordre med gratis frakt pga. fraktvekt.<\/p>","protected":false},"featured_media":26126,"comment_status":"closed","ping_status":"closed","template":"","meta":{"content-type":"","_uf_show_specific_survey":0,"_uf_disable_surveys":false,"_monsterinsights_skip_tracking":false,"_monsterinsights_sitenote_active":false,"_monsterinsights_sitenote_note":"","_monsterinsights_sitenote_category":0},"pwb-brand":[660],"product_brand":[],"product_cat":[3290,3286,41,1147,3285,3299],"product_tag":[614,615],"woo-feed-brand":[],"class_list":{"0":"post-254","1":"product","2":"type-product","3":"status-publish","4":"has-post-thumbnail","6":"pwb-brand-bello","7":"product_cat-fink-og-kanari-f-r","8":"product_cat-fr-blandinger-og-pellets-daglig-f-r","9":"product_cat-fugl","10":"product_cat-fugl-som-hobby","11":"product_cat-fuglemat-til-undulater-papeg-yer-og-burfugler","12":"product_cat-spise","13":"product_tag-fink","14":"product_tag-finkefor","16":"first","17":"instock","18":"taxable","19":"shipping-taxable","20":"purchasable","21":"product-type-variable","22":"has-default-attributes"},"exclude_global_add_ons":[],"addons":[],"brands":[{"id":660,"name":"Bello","slug":"bello"}],"_links":{"self":[{"href":"https:\/\/fuglebutikken.no\/en\/wp-json\/wp\/v2\/product\/254","targetHints":{"allow":["GET"]}}],"collection":[{"href":"https:\/\/fuglebutikken.no\/en\/wp-json\/wp\/v2\/product"}],"about":[{"href":"https:\/\/fuglebutikken.no\/en\/wp-json\/wp\/v2\/types\/product"}],"replies":[{"embeddable":true,"href":"https:\/\/fuglebutikken.no\/en\/wp-json\/wp\/v2\/comments?post=254"}],"wp:featuredmedia":[{"embeddable":true,"href":"https:\/\/fuglebutikken.no\/en\/wp-json\/wp\/v2\/media\/26126"}],"wp:attachment":[{"href":"https:\/\/fuglebutikken.no\/en\/wp-json\/wp\/v2\/media?parent=254"}],"wp:term":[{"taxonomy":"pwb-brand","embeddable":true,"href":"https:\/\/fuglebutikken.no\/en\/wp-json\/wp\/v2\/pwb-brand?post=254"},{"taxonomy":"product_brand","embeddable":true,"href":"https:\/\/fuglebutikken.no\/en\/wp-json\/wp\/v2\/product_brand?post=254"},{"taxonomy":"product_cat","embeddable":true,"href":"https:\/\/fuglebutikken.no\/en\/wp-json\/wp\/v2\/product_cat?post=254"},{"taxonomy":"product_tag","embeddable":true,"href":"https:\/\/fuglebutikken.no\/en\/wp-json\/wp\/v2\/product_tag?post=254"},{"taxonomy":"woo-feed-brand","embeddable":true,"href":"https:\/\/fuglebutikken.no\/en\/wp-json\/wp\/v2\/woo-feed-brand?post=254"}],"curies":[{"name":"wp","href":"https:\/\/api.w.org\/{rel}","templated":true}]}}