{"id":24880,"date":"2025-11-28T08:56:13","date_gmt":"2025-11-28T07:56:13","guid":{"rendered":"https:\/\/fuglebutikken.no\/butikk\/ukategorisert\/jr-farm-engstykke-ferdigplen-30x23x3cm-750gr\/"},"modified":"2026-01-16T14:18:35","modified_gmt":"2026-01-16T13:18:35","slug":"jr-farm-engstykke-ferdigplen-30x23x3cm-750gr","status":"publish","type":"product","link":"https:\/\/fuglebutikken.no\/en\/butikk\/ukategorisert\/jr-farm-engstykke-ferdigplen-30x23x3cm-750gr\/","title":{"rendered":"JR Farm Engstykke-Ferdigplen 30x23x3cm 750gr"},"content":{"rendered":"<h2>JR Farm Engstykke-Ferdigplen 30x23x3cm 750gr<\/h2>\n<p><span lang=\"no\">Utforske, grave og gnage hvor det bare er mulig utend\u00f8rs. En velduftende urtemark med sunne ringblomsterblomster og smakfulle roser for en spesielt naturlig aktivitet og artshensiktsmessig f\u00f4ring. Urteengene kan settes inn i gnagerhjemmet som helhet. Den gr\u00f8nne delen av plantene er rik p\u00e5 naturlig r\u00e5fiber, r\u00f8ttene st\u00f8tter tannslitasje og gir sammen med vedheftende jord dyret ekstra mineraler.&nbsp;<\/span><\/p>","protected":false},"excerpt":{"rendered":"<h3>JR Farm Engstykke-Ferdigplen 30x23x3cm 750gr<\/h3>\n<div class=\"jhH5U\">\n<div id=\"tw-ob\" class=\"tw-src-ltr\">\n<div class=\"oSioSc\">\n<div id=\"tw-target\">\n<div id=\"kAz1tf\" class=\"g9WsWb\">\n<div id=\"tw-target-text-container\" class=\"tw-ta-container hide-focus-ring tw-nfl\">\n<p class=\"tw-data-text tw-text-large XcVN5d tw-ta\" dir=\"ltr\" data-placeholder=\"Oversettelse\"><span lang=\"no\">Ferdigplen til buret ditt. V\u00e5r ferdigplen er dyrket i sv\u00e6rt frodig jordsmonn. N\u00e6ringsrik og fruktbar jord sikrer en ferdigplen av h\u00f8y kvalitet.<br \/>\n<\/span><\/p>\n<p class=\"xh1519027821 xpmm1519027821 font1795792009\">Ferdigplenens sammensetting er viktig<br \/>\n<span class=\"font100001\">V\u00e5r ferdigplen har 3 ulike typer blandinger <\/span>slik at du kan sette sammen plen i buret ditt etter eget \u00f8nske eller dyrets favoritter.<\/p>\n<ul>\n<li dir=\"ltr\" data-placeholder=\"Oversettelse\">Blomstereng<\/li>\n<li dir=\"ltr\" data-placeholder=\"Oversettelse\">L\u00f8vetann<\/li>\n<li dir=\"ltr\" data-placeholder=\"Oversettelse\">Gr\u00f8nnsaker<\/li>\n<\/ul>\n<p>30x23cm med 3 cm h\u00f8yde. Du kan bruke en i deler av buret, eller enn\u00e5 bedre \u2013 fyll bunn av buret med v\u00e5r ferdigplen. Byttes ut ved behov.<\/p>\n<\/div>\n<\/div>\n<\/div>\n<\/div>\n<\/div>\n<\/div>","protected":false},"featured_media":26442,"comment_status":"open","ping_status":"closed","template":"","meta":{"content-type":"","_uf_show_specific_survey":0,"_uf_disable_surveys":false,"_monsterinsights_skip_tracking":false,"_monsterinsights_sitenote_active":false,"_monsterinsights_sitenote_note":"","_monsterinsights_sitenote_category":0},"pwb-brand":[1296],"product_brand":[],"product_cat":[2106],"product_tag":[3015],"woo-feed-brand":[],"class_list":{"0":"post-24880","1":"product","2":"type-product","3":"status-publish","4":"has-post-thumbnail","6":"pwb-brand-jrfarm","7":"product_cat-ukategorisert","8":"product_tag-leker-til-gnager-og-aktivitetsleker-sm-dyr","10":"first","11":"instock","12":"taxable","13":"shipping-taxable","14":"purchasable","15":"product-type-variable","16":"has-default-attributes"},"exclude_global_add_ons":[],"addons":[],"brands":[{"id":1296,"name":"JRFarm","slug":"jrfarm"}],"_links":{"self":[{"href":"https:\/\/fuglebutikken.no\/en\/wp-json\/wp\/v2\/product\/24880","targetHints":{"allow":["GET"]}}],"collection":[{"href":"https:\/\/fuglebutikken.no\/en\/wp-json\/wp\/v2\/product"}],"about":[{"href":"https:\/\/fuglebutikken.no\/en\/wp-json\/wp\/v2\/types\/product"}],"replies":[{"embeddable":true,"href":"https:\/\/fuglebutikken.no\/en\/wp-json\/wp\/v2\/comments?post=24880"}],"wp:featuredmedia":[{"embeddable":true,"href":"https:\/\/fuglebutikken.no\/en\/wp-json\/wp\/v2\/media\/26442"}],"wp:attachment":[{"href":"https:\/\/fuglebutikken.no\/en\/wp-json\/wp\/v2\/media?parent=24880"}],"wp:term":[{"taxonomy":"pwb-brand","embeddable":true,"href":"https:\/\/fuglebutikken.no\/en\/wp-json\/wp\/v2\/pwb-brand?post=24880"},{"taxonomy":"product_brand","embeddable":true,"href":"https:\/\/fuglebutikken.no\/en\/wp-json\/wp\/v2\/product_brand?post=24880"},{"taxonomy":"product_cat","embeddable":true,"href":"https:\/\/fuglebutikken.no\/en\/wp-json\/wp\/v2\/product_cat?post=24880"},{"taxonomy":"product_tag","embeddable":true,"href":"https:\/\/fuglebutikken.no\/en\/wp-json\/wp\/v2\/product_tag?post=24880"},{"taxonomy":"woo-feed-brand","embeddable":true,"href":"https:\/\/fuglebutikken.no\/en\/wp-json\/wp\/v2\/woo-feed-brand?post=24880"}],"curies":[{"name":"wp","href":"https:\/\/api.w.org\/{rel}","templated":true}]}}