{"id":24294,"date":"2025-11-13T15:04:10","date_gmt":"2025-11-13T14:04:10","guid":{"rendered":"https:\/\/fuglebutikken.no\/butikk\/ukategorisert\/savic-mary-fuglebur\/"},"modified":"2025-11-13T15:04:13","modified_gmt":"2025-11-13T14:04:13","slug":"savic-mary-fuglebur","status":"publish","type":"product","link":"https:\/\/fuglebutikken.no\/en\/butikk\/fugl-som-hobby\/fugl\/fuglebur-og-fuglebur-tilbehor\/fugl-bur\/kanarifuglbur\/savic-mary-fuglebur\/","title":{"rendered":"Savic Mary Fuglebur"},"content":{"rendered":"<h2>Savic Mary Fuglebur<\/h2>\n<p><span style=\", Meiryo;letter-spacing: 0.08px\">Savic Mary fuglebur er et ideelt bur for eksotiske fugler og kanarifugler. Buret har b\u00e5de vertikale og horisontale tr\u00e5der, som gir fuglene en trygg og komfortabel omgivelse. Det er utstyrt med trepinner, b\u00e6reh\u00e5ndtak og matsk\u00e5ler, noe som gj\u00f8r det praktisk og funksjonelt i bruk. Med dette burvalget f\u00e5r du en l\u00f8sning som er b\u00e5de tiltalende og tilpasset behovene til sm\u00e5 og mellomstore stuefugler.<\/span><\/p>","protected":false},"excerpt":{"rendered":"<h3>Savic Mary Fuglebur<\/h3>\n<ul>\n<li>H\u00f8ykvalitets fuglebur fra Savic for komfortabel fugleomsorg<\/li>\n<li>Robust konstruksjon som sikrer trygghet og holdbarhet<\/li>\n<li>Optimal st\u00f8rrelse for sm\u00e5 til mellomstore fugler<\/li>\n<li>Enkel \u00e5 rengj\u00f8re og vedlikeholde daglig<\/li>\n<li>Praktisk design som passer perfekt inn i hjemmet<\/li>\n<li>Gir fuglene dine tilstrekkelig plass til \u00e5 bevege seg<\/li>\n<\/ul>","protected":false},"featured_media":24296,"comment_status":"closed","ping_status":"closed","template":"","meta":{"content-type":"","_uf_show_specific_survey":0,"_uf_disable_surveys":false,"_monsterinsights_skip_tracking":false,"_monsterinsights_sitenote_active":false,"_monsterinsights_sitenote_note":"","_monsterinsights_sitenote_category":0},"pwb-brand":[710],"product_brand":[],"product_cat":[2202,41,1147,2162,1650,1651,1648],"product_tag":[96],"woo-feed-brand":[],"class_list":{"0":"post-24294","1":"product","2":"type-product","3":"status-publish","4":"has-post-thumbnail","6":"pwb-brand-savic","7":"product_cat-fugl-bur","8":"product_cat-fugl","9":"product_cat-fugl-som-hobby","10":"product_cat-fuglebur-og-fuglebur-tilbehor","11":"product_cat-kanarifuglbur","12":"product_cat-sebrafinkbur","13":"product_cat-undulatbur","14":"product_tag-undulat","16":"first","17":"instock","18":"taxable","19":"shipping-taxable","20":"purchasable","21":"product-type-simple"},"exclude_global_add_ons":[],"addons":[],"brands":[{"id":710,"name":"Savic","slug":"savic"}],"_links":{"self":[{"href":"https:\/\/fuglebutikken.no\/en\/wp-json\/wp\/v2\/product\/24294","targetHints":{"allow":["GET"]}}],"collection":[{"href":"https:\/\/fuglebutikken.no\/en\/wp-json\/wp\/v2\/product"}],"about":[{"href":"https:\/\/fuglebutikken.no\/en\/wp-json\/wp\/v2\/types\/product"}],"replies":[{"embeddable":true,"href":"https:\/\/fuglebutikken.no\/en\/wp-json\/wp\/v2\/comments?post=24294"}],"wp:featuredmedia":[{"embeddable":true,"href":"https:\/\/fuglebutikken.no\/en\/wp-json\/wp\/v2\/media\/24296"}],"wp:attachment":[{"href":"https:\/\/fuglebutikken.no\/en\/wp-json\/wp\/v2\/media?parent=24294"}],"wp:term":[{"taxonomy":"pwb-brand","embeddable":true,"href":"https:\/\/fuglebutikken.no\/en\/wp-json\/wp\/v2\/pwb-brand?post=24294"},{"taxonomy":"product_brand","embeddable":true,"href":"https:\/\/fuglebutikken.no\/en\/wp-json\/wp\/v2\/product_brand?post=24294"},{"taxonomy":"product_cat","embeddable":true,"href":"https:\/\/fuglebutikken.no\/en\/wp-json\/wp\/v2\/product_cat?post=24294"},{"taxonomy":"product_tag","embeddable":true,"href":"https:\/\/fuglebutikken.no\/en\/wp-json\/wp\/v2\/product_tag?post=24294"},{"taxonomy":"woo-feed-brand","embeddable":true,"href":"https:\/\/fuglebutikken.no\/en\/wp-json\/wp\/v2\/woo-feed-brand?post=24294"}],"curies":[{"name":"wp","href":"https:\/\/api.w.org\/{rel}","templated":true}]}}