{"id":242,"date":"2020-02-22T18:09:54","date_gmt":"2020-02-22T17:09:54","guid":{"rendered":"https:\/\/274105-www.web.tornado-node.net\/fugl\/product\/undulat-blanding-deluxe\/"},"modified":"2025-11-26T13:00:45","modified_gmt":"2025-11-26T12:00:45","slug":"undulat-blanding-deluxe","status":"publish","type":"product","link":"https:\/\/fuglebutikken.no\/en\/butikk\/fugl-som-hobby\/fugl\/spise\/fuglemat-til-undulater-papeg-yer-og-burfugler\/fr-blandinger-og-pellets-daglig-f-r\/undulat-f-r\/undulat-blanding-deluxe\/","title":{"rendered":"Undulat blanding deluxe"},"content":{"rendered":"<h2 class=\"\">Undulat blanding deluxe<\/h2>\n<p><strong>Undulatblanding Deluxe \u2013 Kompletteringsf\u00f4r for undulater og burfugler<\/strong><\/p>\n<p>Undulatblanding Deluxe er et n\u00f8ye sammensatt komplett f\u00f4r som sikrer optimal n\u00e6ring for undulater og andre sm\u00e5 burfugler. Denne f\u00f8rsteklasses blandingen er utviklet med tanke p\u00e5 fuglenes naturlige behov, og inneholder n\u00f8ye utvalgte fr\u00f8typer som fremmer helse og velv\u00e6re. Perfekt for daglig bruk, gir den en balansert diett med riktig mengde proteiner, fett og karbohydrater.<\/p>\n<h3>Produktfordeler:<\/h3>\n<ul>\n<li><strong>Naturlig og variert sammensetning:<\/strong> Inneholder kanarifr\u00f8, gul hirse, hvit hirse, r\u00f8d hirse og raps \u2013 en ideell kombinasjon for \u00e5 gi undulater den n\u00f8dvendige variasjonen i kosten.<\/li>\n<li><strong>Komplett n\u00e6ring:<\/strong> Perfekt som et supplement til undulatens diett, men kan med fordel brukes sammen med friske frukter, gr\u00f8nnsaker, vitaminer og mineraltilskudd for \u00e5 gi et fullstendig balansert kosthold.<\/li>\n<li><strong>Fri tilgang:<\/strong> Gi fuglene fri tilgang til f\u00f4ret for \u00e5 sikre at de kan spise etter behov, noe som st\u00f8tter deres naturlige spisevaner.<\/li>\n<li><strong>Bidrar til trivsel og sunnhet:<\/strong> Rik p\u00e5 essensielle n\u00e6ringsstoffer som bidrar til sunn fj\u00e6rdrakt, h\u00f8y energi og generelt velv\u00e6re.<\/li>\n<li><strong>Ferskvann:<\/strong> S\u00f8rg for at fuglene alltid har tilgang til ferskt vann sammen med f\u00f4ret.<\/li>\n<\/ul>\n<h3>Ingredienser:<\/h3>\n<ul>\n<li>Kanarifr\u00f8<\/li>\n<li>Gul hirse<\/li>\n<li>Hvit hirse<\/li>\n<li>R\u00f8d hirse<\/li>\n<li>Raps<\/li>\n<\/ul>\n<p><strong>Undulatblanding Deluxe<\/strong> er et allsidig og n\u00e6ringsrikt kompletteringsf\u00f4r som kan bidra til \u00e5 gi fuglene et sunt og balansert kosthold. Enten du har undulater eller andre sm\u00e5 burfugler, vil denne blandingen hjelpe dem med \u00e5 holde seg sunne og aktive.<\/p>","protected":false},"excerpt":{"rendered":"<h3 class=\"\">Undulat blanding deluxe<\/h3>\n<ul>\n<li>Kompletterings f\u00f2r til burfugler.<\/li>\n<li>Gi fuglene&nbsp; fri tilgang til f\u00f4ret. Tilskudd med frukt, gr\u00f8nnsaker, mineraler og vitaminer.<\/li>\n<li>Forsikre deg om at fuglene alltid har tilgang til ferskt vann.<\/li>\n<\/ul>\n<p>Sammensetning: kanarifr\u00f8, gul hirse, hvit hirse, r\u00f8d hirse, raps.<\/p>","protected":false},"featured_media":24809,"comment_status":"closed","ping_status":"closed","template":"","meta":{"content-type":"","_uf_show_specific_survey":0,"_uf_disable_surveys":false,"_monsterinsights_skip_tracking":false,"_monsterinsights_sitenote_active":false,"_monsterinsights_sitenote_note":"","_monsterinsights_sitenote_category":0},"pwb-brand":[660],"product_brand":[],"product_cat":[3286,41,1147,3285,3299,3287],"product_tag":[96],"woo-feed-brand":[],"class_list":{"0":"post-242","1":"product","2":"type-product","3":"status-publish","4":"has-post-thumbnail","6":"pwb-brand-bello","7":"product_cat-fr-blandinger-og-pellets-daglig-f-r","8":"product_cat-fugl","9":"product_cat-fugl-som-hobby","10":"product_cat-fuglemat-til-undulater-papeg-yer-og-burfugler","11":"product_cat-spise","12":"product_cat-undulat-f-r","13":"product_tag-undulat","15":"first","16":"instock","17":"taxable","18":"shipping-taxable","19":"purchasable","20":"product-type-variable","21":"has-default-attributes"},"exclude_global_add_ons":[],"addons":[],"brands":[{"id":660,"name":"Bello","slug":"bello"}],"_links":{"self":[{"href":"https:\/\/fuglebutikken.no\/en\/wp-json\/wp\/v2\/product\/242","targetHints":{"allow":["GET"]}}],"collection":[{"href":"https:\/\/fuglebutikken.no\/en\/wp-json\/wp\/v2\/product"}],"about":[{"href":"https:\/\/fuglebutikken.no\/en\/wp-json\/wp\/v2\/types\/product"}],"replies":[{"embeddable":true,"href":"https:\/\/fuglebutikken.no\/en\/wp-json\/wp\/v2\/comments?post=242"}],"wp:featuredmedia":[{"embeddable":true,"href":"https:\/\/fuglebutikken.no\/en\/wp-json\/wp\/v2\/media\/24809"}],"wp:attachment":[{"href":"https:\/\/fuglebutikken.no\/en\/wp-json\/wp\/v2\/media?parent=242"}],"wp:term":[{"taxonomy":"pwb-brand","embeddable":true,"href":"https:\/\/fuglebutikken.no\/en\/wp-json\/wp\/v2\/pwb-brand?post=242"},{"taxonomy":"product_brand","embeddable":true,"href":"https:\/\/fuglebutikken.no\/en\/wp-json\/wp\/v2\/product_brand?post=242"},{"taxonomy":"product_cat","embeddable":true,"href":"https:\/\/fuglebutikken.no\/en\/wp-json\/wp\/v2\/product_cat?post=242"},{"taxonomy":"product_tag","embeddable":true,"href":"https:\/\/fuglebutikken.no\/en\/wp-json\/wp\/v2\/product_tag?post=242"},{"taxonomy":"woo-feed-brand","embeddable":true,"href":"https:\/\/fuglebutikken.no\/en\/wp-json\/wp\/v2\/woo-feed-brand?post=242"}],"curies":[{"name":"wp","href":"https:\/\/api.w.org\/{rel}","templated":true}]}}