{"id":23287,"date":"2025-11-05T11:13:10","date_gmt":"2025-11-05T10:13:10","guid":{"rendered":"https:\/\/fuglebutikken.no\/butikk\/ukategorisert\/trixie-refill-for-lorulle\/"},"modified":"2025-11-05T11:13:15","modified_gmt":"2025-11-05T10:13:15","slug":"trixie-refill-for-lorulle","status":"publish","type":"product","link":"https:\/\/fuglebutikken.no\/en\/butikk\/hygiene-og-pels\/pelsverktoy_katt\/trixie-refill-for-lorulle\/","title":{"rendered":"Trixie Refill for lorulle"},"content":{"rendered":"<h2>Trixie Refill for lorulle<\/h2>\n<p><span style=\", Meiryo;letter-spacing: 0.08px\">Refill til Trixie lorulle best\u00e5r av 2 ruller med 60 blader hver, og er designet for \u00e5 erstatte de utslitte eller brukte bladene p\u00e5 din eksisterende luciakule. Disse refillene gj\u00f8r det enkelt \u00e5 opprettholde en effektiv og praktisk rutine for \u00e5 fjerne lo, st\u00f8v og h\u00e5r fra kl\u00e6r, m\u00f8bler og andre overflater, uten behov for \u00e5 kj\u00f8pe en helt ny rulle hver gang. De er laget med selvklebende tape som sikrer godt grep og enkel bruk. Dette produktet passer til Trixie loruller og gir deg mulighet for kontinuerlig bruk med minimal innsats<\/span><\/p>","protected":false},"excerpt":{"rendered":"<h3 class=\"\">Trixie Refill for lorulle<\/h3>\n<ul>\n<li>Praktisk refill for Trixie lorulle.<\/li>\n<li>Enkelt \u00e5 bytte ut og bruke.<\/li>\n<li>Ideell for enkle rensingsoppgaver.<\/li>\n<li>Hjelper til med effektivt fjernelse av smuss.<\/li>\n<li>God kvalitet som sikrer holdbarhet.<\/li>\n<li>Tilpasset for \u00e5 passe Trixie lorulle perfekt.<\/li>\n<\/ul>","protected":false},"featured_media":23289,"comment_status":"closed","ping_status":"closed","template":"","meta":{"content-type":"","_uf_show_specific_survey":0,"_uf_disable_surveys":false,"_monsterinsights_skip_tracking":false,"_monsterinsights_sitenote_active":false,"_monsterinsights_sitenote_note":"","_monsterinsights_sitenote_category":0},"pwb-brand":[653],"product_brand":[],"product_cat":[2192,2410],"product_tag":[250,1475],"woo-feed-brand":[],"class_list":{"0":"post-23287","1":"product","2":"type-product","3":"status-publish","4":"has-post-thumbnail","6":"pwb-brand-trixie","7":"product_cat-hygiene-og-pels","8":"product_cat-pelsverktoy_katt","9":"product_tag-harfjerner","10":"product_tag-harfjerning","12":"first","13":"instock","14":"taxable","15":"shipping-taxable","16":"purchasable","17":"product-type-simple"},"exclude_global_add_ons":[],"addons":[],"brands":[{"id":653,"name":"Trixie","slug":"trixie"}],"_links":{"self":[{"href":"https:\/\/fuglebutikken.no\/en\/wp-json\/wp\/v2\/product\/23287","targetHints":{"allow":["GET"]}}],"collection":[{"href":"https:\/\/fuglebutikken.no\/en\/wp-json\/wp\/v2\/product"}],"about":[{"href":"https:\/\/fuglebutikken.no\/en\/wp-json\/wp\/v2\/types\/product"}],"replies":[{"embeddable":true,"href":"https:\/\/fuglebutikken.no\/en\/wp-json\/wp\/v2\/comments?post=23287"}],"wp:featuredmedia":[{"embeddable":true,"href":"https:\/\/fuglebutikken.no\/en\/wp-json\/wp\/v2\/media\/23289"}],"wp:attachment":[{"href":"https:\/\/fuglebutikken.no\/en\/wp-json\/wp\/v2\/media?parent=23287"}],"wp:term":[{"taxonomy":"pwb-brand","embeddable":true,"href":"https:\/\/fuglebutikken.no\/en\/wp-json\/wp\/v2\/pwb-brand?post=23287"},{"taxonomy":"product_brand","embeddable":true,"href":"https:\/\/fuglebutikken.no\/en\/wp-json\/wp\/v2\/product_brand?post=23287"},{"taxonomy":"product_cat","embeddable":true,"href":"https:\/\/fuglebutikken.no\/en\/wp-json\/wp\/v2\/product_cat?post=23287"},{"taxonomy":"product_tag","embeddable":true,"href":"https:\/\/fuglebutikken.no\/en\/wp-json\/wp\/v2\/product_tag?post=23287"},{"taxonomy":"woo-feed-brand","embeddable":true,"href":"https:\/\/fuglebutikken.no\/en\/wp-json\/wp\/v2\/woo-feed-brand?post=23287"}],"curies":[{"name":"wp","href":"https:\/\/api.w.org\/{rel}","templated":true}]}}