{"id":23214,"date":"2025-11-04T10:16:14","date_gmt":"2025-11-04T09:16:14","guid":{"rendered":"https:\/\/fuglebutikken.no\/butikk\/ukategorisert\/cs26q-4-0-mp-quhd-ai-sikkerhetskamera\/"},"modified":"2026-02-24T09:59:41","modified_gmt":"2026-02-24T08:59:41","slug":"cs26q-4-0-mp-quhd-ai-sikkerhetskamera","status":"publish","type":"product","link":"https:\/\/fuglebutikken.no\/en\/butikk\/fugl-som-hobby\/fugl\/fuglebur-og-fuglebur-tilbehor\/bur-tilbehor\/kamera-bur-tilbehor\/cs26q-4-0-mp-quhd-ai-sikkerhetskamera\/","title":{"rendered":"CS26Q 4.0 MP QUHD AI-sikkerhetskamera 5 Mhz"},"content":{"rendered":"<h2>CS26Q 4.0 MP QUHD AI-sikkerhetskamera 5 Mhz<img decoding=\"async\" class=\"alignnone wp-image-39199 size-full\" src=\"https:\/\/dgspetproducts.no\/wp-content\/uploads\/2020\/12\/CS26Qy_01.jpg\" alt=\"C26Q 4.0 MP QUHD AI-sikkerhetskamera 5 Mhz\" width=\"1920\" height=\"1569\"><img decoding=\"async\" class=\"alignnone wp-image-36803 size-full\" src=\"https:\/\/tgr.no\/wp-content\/uploads\/2020\/12\/CS26Q-y_01.jpg\" alt=\"\" width=\"1920\" height=\"935\"> <img decoding=\"async\" class=\"alignnone wp-image-36804 size-full\" src=\"https:\/\/tgr.no\/wp-content\/uploads\/2020\/12\/CS26Q-y_02.jpg\" alt=\"\" width=\"1920\" height=\"869\"> <img decoding=\"async\" class=\"alignnone wp-image-39200 size-full\" src=\"https:\/\/tgr.no\/wp-content\/uploads\/2020\/12\/CS26Qy_02.jpg\" alt=\"C26Q 4.0 MP QUHD AI-sikkerhetskamera 5 Mhz\" width=\"1920\" height=\"934\"><img decoding=\"async\" class=\"alignnone wp-image-36805 size-full\" src=\"https:\/\/tgr.no\/wp-content\/uploads\/2020\/12\/CS26Q-y_03.jpg\" alt=\"\" width=\"1920\" height=\"859\"> <img decoding=\"async\" class=\"alignnone wp-image-36806 size-full\" src=\"https:\/\/tgr.no\/wp-content\/uploads\/2020\/12\/CS26Q-y_04.jpg\" alt=\"\" width=\"1920\" height=\"926\"> <img decoding=\"async\" class=\"alignnone wp-image-36807 size-full\" src=\"https:\/\/tgr.no\/wp-content\/uploads\/2020\/12\/CS26Q-y_05.jpg\" alt=\"\" width=\"1920\" height=\"873\"> <img decoding=\"async\" class=\"alignnone wp-image-36808 size-full\" src=\"https:\/\/tgr.no\/wp-content\/uploads\/2020\/12\/CS26Q-y_07.jpg\" alt=\"\" width=\"1920\" height=\"871\"> <img decoding=\"async\" class=\"alignnone wp-image-36809 size-full\" src=\"https:\/\/tgr.no\/wp-content\/uploads\/2020\/12\/CS26Q-y_08.jpg\" alt=\"\" width=\"1920\" height=\"855\"> <img decoding=\"async\" class=\"alignnone wp-image-36810 size-full\" src=\"https:\/\/tgr.no\/wp-content\/uploads\/2020\/12\/CS26Q-y_09.jpg\" alt=\"\" width=\"1920\" height=\"909\"> <img decoding=\"async\" class=\"alignnone wp-image-36811 size-full\" src=\"https:\/\/tgr.no\/wp-content\/uploads\/2020\/12\/CS26Q-y_10.jpg\" alt=\"\" width=\"1920\" height=\"947\"> <img decoding=\"async\" class=\"alignnone wp-image-36812 size-full\" src=\"https:\/\/tgr.no\/wp-content\/uploads\/2020\/12\/CS26Q-y_11.jpg\" alt=\"\" width=\"1920\" height=\"900\"> <img decoding=\"async\" class=\"alignnone wp-image-36813 size-full\" src=\"https:\/\/tgr.no\/wp-content\/uploads\/2020\/12\/CS26Q-y_12.jpg\" alt=\"\" width=\"1920\" height=\"932\"> <img decoding=\"async\" class=\"alignnone wp-image-36814 size-full\" src=\"https:\/\/tgr.no\/wp-content\/uploads\/2020\/12\/CS26Q-y_13.jpg\" alt=\"\" width=\"1920\" height=\"928\"> <img decoding=\"async\" class=\"alignnone wp-image-36815 size-full\" src=\"https:\/\/tgr.no\/wp-content\/uploads\/2020\/12\/CS26Q-y_14.jpg\" alt=\"\" width=\"1920\" height=\"1584\"> <img decoding=\"async\" class=\"alignnone wp-image-36816 size-full\" src=\"https:\/\/tgr.no\/wp-content\/uploads\/2020\/12\/CS26Q-y_15.jpg\" alt=\"\" width=\"1920\" height=\"866\"> <img decoding=\"async\" class=\"alignnone wp-image-36817 size-full\" src=\"https:\/\/tgr.no\/wp-content\/uploads\/2020\/12\/CS26Q-y_16.jpg\" alt=\"\" width=\"1920\" height=\"1051\"> <img decoding=\"async\" class=\"alignnone wp-image-36818 size-full\" src=\"https:\/\/tgr.no\/wp-content\/uploads\/2020\/12\/CS26Q-y_17.jpg\" alt=\"\" width=\"1920\" height=\"996\"> <img decoding=\"async\" class=\"alignnone wp-image-36819 size-full\" src=\"https:\/\/tgr.no\/wp-content\/uploads\/2020\/12\/CS26Q-y_18.jpg\" alt=\"\" width=\"1920\" height=\"716\"> <img decoding=\"async\" class=\"alignnone wp-image-36820 size-full\" src=\"https:\/\/tgr.no\/wp-content\/uploads\/2020\/12\/CS26Q-y_19.jpg\" alt=\"\" width=\"1920\" height=\"1009\"><\/h2>\n<table style=\"height: 1055px\" width=\"1025\" align=\"center\">\n<tbody>\n<tr>\n<td rowspan=\"2\" width=\"113\"><strong><b>System<\/b><\/strong><\/td>\n<td width=\"145\">Operation system<\/td>\n<td width=\"367\">Embedded Linux OS<\/td>\n<\/tr>\n<tr>\n<td width=\"145\">Online visitor<\/td>\n<td width=\"367\">Support 4 visitors at the same time<\/td>\n<\/tr>\n<tr>\n<td rowspan=\"5\" width=\"113\"><strong><b>Image Capture<\/b><\/strong><\/td>\n<td width=\"145\">Image sensor<\/td>\n<td width=\"367\">HI3516E V300 1\/3&nbsp;inch&nbsp;Progressive Scan CMOS<\/td>\n<\/tr>\n<tr>\n<td width=\"145\">Minimum Illumination<\/td>\n<td width=\"367\">0.5Lux\uff08Color mode\uff09,0.1Lux\uff08B&amp;W mode\uff09<\/td>\n<\/tr>\n<tr>\n<td width=\"145\">Lens<\/td>\n<td width=\"367\">4.0mm<\/td>\n<\/tr>\n<tr>\n<td width=\"145\">View Angle<\/td>\n<td width=\"367\">101\u00b0\uff08diagonal\uff09<\/td>\n<\/tr>\n<tr>\n<td width=\"145\">Night vision<\/td>\n<td width=\"367\">The dual filter switches automatically\uff0c2pcs 28mil&nbsp;patch&nbsp;IR LED IR irradiation distance:5~10m<\/td>\n<\/tr>\n<tr>\n<td rowspan=\"4\" width=\"113\"><strong><b>Video<\/b><\/strong><\/td>\n<td width=\"145\">Encode format<\/td>\n<td width=\"367\">H.264 main profile\/H.264+ main profile\/Motion-JPEG\/JPEG<\/td>\n<\/tr>\n<tr>\n<td width=\"145\">Resolution<\/td>\n<td width=\"367\">2560&#215;1440@30pfs\/640*360@15pfs<\/td>\n<\/tr>\n<tr>\n<td width=\"145\">Bit rate\/Frame rate\/Display frequency<\/td>\n<td width=\"367\">128\uff5e4096kbps\/1\uff5e30pfs\/60Hz\u300150Hz<\/td>\n<\/tr>\n<tr>\n<td width=\"145\">Image adjustment<\/td>\n<td width=\"367\">Brightness and contrast are adjustable<\/td>\n<\/tr>\n<tr>\n<td rowspan=\"4\" width=\"113\"><strong><b>Audio<\/b><\/strong><\/td>\n<td width=\"145\">Input<\/td>\n<td width=\"367\">Built-in -38 dB microphone<\/td>\n<\/tr>\n<tr>\n<td width=\"145\">Output<\/td>\n<td width=\"367\">Built-in speaker(8\u03a91W)<\/td>\n<\/tr>\n<tr>\n<td width=\"145\">Sampling frequency \/ width<\/td>\n<td width=\"367\">8KHz\/16bit<\/td>\n<\/tr>\n<tr>\n<td width=\"145\">Compression standard<\/td>\n<td width=\"367\">ADPCM\/32kbps<\/td>\n<\/tr>\n<tr>\n<td rowspan=\"5\" width=\"113\"><strong><b>&nbsp;<\/b><\/strong>&nbsp;<strong><b>Network<\/b><\/strong><\/td>\n<td width=\"145\">Ethernet<\/td>\n<td width=\"367\">RJ-45(10 \/ 100Base-T)<\/td>\n<\/tr>\n<tr>\n<td width=\"145\">Protocols<\/td>\n<td width=\"367\">TCP\/IP,HTTP,TCP,UDP,DHCP,DNS,NTP,RTSP,P2P etc<\/td>\n<\/tr>\n<tr>\n<td width=\"145\">Wireless LAN<\/td>\n<td width=\"367\">IEEE802.11b\/g\/n<\/td>\n<\/tr>\n<tr>\n<td width=\"145\">Wireless LAN Frequency<\/td>\n<td width=\"367\">2.4~ 2.4835GHz; 5G<\/td>\n<\/tr>\n<tr>\n<td width=\"145\">Wireless LAN security<\/td>\n<td width=\"367\">64\/128-bit WEP\/WPA-PSK \/WPA2-PSK data encryption<\/td>\n<\/tr>\n<tr>\n<td rowspan=\"2\" width=\"113\"><strong><b>Pan-tilt<\/b><\/strong><\/td>\n<td width=\"145\">Pan-tilt<\/td>\n<td width=\"367\">Pan\uff1a355\u00b0, tilt\uff1a110\u00b0<\/td>\n<\/tr>\n<tr>\n<td width=\"145\">Preset position<\/td>\n<td width=\"367\">PC APP\uff1asupport 16 positions, &nbsp;Phone APP:support 5 positions<\/td>\n<\/tr>\n<tr>\n<td width=\"113\"><strong><b>Memory<\/b><\/strong><\/td>\n<td width=\"145\">Socket<\/td>\n<td width=\"367\">TF Push-push socket,Maximum support 256GB; Cloud Storage<\/td>\n<\/tr>\n<tr>\n<td width=\"113\"><strong><b>Alarm<\/b><\/strong><\/td>\n<td width=\"145\">Alarm Trigger<\/td>\n<td width=\"367\">Motion detection, Humanoid detection, Humanoid tracking,&nbsp;Crying&nbsp;detection, Smoke detector alarm detection, absence&nbsp;monitoring<\/td>\n<\/tr>\n<tr>\n<td rowspan=\"5\" width=\"113\"><strong><b>Physical<\/b><\/strong>&nbsp;<strong><b>Environmental<\/b><\/strong><\/td>\n<td width=\"145\">Rated voltage<\/td>\n<td width=\"367\">DC 5V\u00b15%<\/td>\n<\/tr>\n<tr>\n<td width=\"145\">Power consumption<\/td>\n<td width=\"367\">Related power: 2.8W(IR LED on)\uff0cMaximum power\uff1a4.3W\uff08Pan&amp;Tilt on\uff09<\/td>\n<\/tr>\n<tr>\n<td width=\"145\">Operating condition<\/td>\n<td width=\"367\">Temperature:-10\uff5e50\u2103,humidity:\uff1c90%<\/td>\n<\/tr>\n<tr>\n<td width=\"145\">Weight<\/td>\n<td width=\"367\">Net: 185 g &nbsp;Gross\uff1a450&nbsp;g(Note: in kind prevail)<\/td>\n<\/tr>\n<tr>\n<td width=\"145\">Package size<\/td>\n<td width=\"367\">185x125x92&nbsp;mm(L\u00d7W\u00d7H)<\/td>\n<\/tr>\n<\/tbody>\n<\/table>","protected":false},"excerpt":{"rendered":"<h3>CS26Q 4.0 MP QUHD AI-sikkerhetskamera 5 Mhz<\/h3>\n<p>1) 4MP CMOS-bildesensor, 4 mm linse, nattesyn 5 \uff5e 10 meter<br \/>\n2) St\u00f8tter H.264, H264 +<br \/>\n3) 2,4 GHz WIFI + 5 GHz WIFI + RJ45 tre nettverksmetoder<br \/>\n4) Panorering \uff1a 355 \u00b0, tilt \uff1a 110 \u00b0<br \/>\n5) St\u00f8tter opptil 256G TF-kortminne, Sky-lagring<br \/>\n6) St\u00f8tter menneske gjenkjenning, humanoid innramming, bevegelse<br \/>\ndetektor, r\u00f8ykvarslingsdetektor, frav\u00e6rsdetektor (valgfritt), gr\u00e5tedetektor<\/p>","protected":false},"featured_media":27608,"comment_status":"closed","ping_status":"closed","template":"","meta":{"content-type":"","_uf_show_specific_survey":0,"_uf_disable_surveys":false,"_monsterinsights_skip_tracking":false,"_monsterinsights_sitenote_active":false,"_monsterinsights_sitenote_note":"","_monsterinsights_sitenote_category":0},"pwb-brand":[669],"product_brand":[],"product_cat":[1970,2203,1147,2162,2140,1557,649,2739,1971,1550,2141,1551],"product_tag":[21],"woo-feed-brand":[],"class_list":{"0":"post-23214","1":"product","2":"type-product","3":"status-publish","4":"has-post-thumbnail","6":"pwb-brand-vstarcam","7":"product_cat-beskyttelse","8":"product_cat-bur-tilbehor","9":"product_cat-fugl-som-hobby","10":"product_cat-fuglebur-og-fuglebur-tilbehor","11":"product_cat-bur-og-sikkerhet","12":"product_cat-innekamera","13":"product_cat-kamera-bur-tilbehor","14":"product_cat-kamera-reptil","15":"product_cat-kamera","16":"product_cat-kamera-gps-sporing","17":"product_cat-bur-og-sikkerhet-katt","18":"product_cat-vstarcam","19":"product_tag-kjaeledyrkamera","21":"first","22":"instock","23":"sale","24":"taxable","25":"shipping-taxable","26":"purchasable","27":"product-type-simple"},"exclude_global_add_ons":[],"addons":[],"brands":[{"id":669,"name":"Vstarcam","slug":"vstarcam"}],"_links":{"self":[{"href":"https:\/\/fuglebutikken.no\/en\/wp-json\/wp\/v2\/product\/23214","targetHints":{"allow":["GET"]}}],"collection":[{"href":"https:\/\/fuglebutikken.no\/en\/wp-json\/wp\/v2\/product"}],"about":[{"href":"https:\/\/fuglebutikken.no\/en\/wp-json\/wp\/v2\/types\/product"}],"replies":[{"embeddable":true,"href":"https:\/\/fuglebutikken.no\/en\/wp-json\/wp\/v2\/comments?post=23214"}],"wp:featuredmedia":[{"embeddable":true,"href":"https:\/\/fuglebutikken.no\/en\/wp-json\/wp\/v2\/media\/27608"}],"wp:attachment":[{"href":"https:\/\/fuglebutikken.no\/en\/wp-json\/wp\/v2\/media?parent=23214"}],"wp:term":[{"taxonomy":"pwb-brand","embeddable":true,"href":"https:\/\/fuglebutikken.no\/en\/wp-json\/wp\/v2\/pwb-brand?post=23214"},{"taxonomy":"product_brand","embeddable":true,"href":"https:\/\/fuglebutikken.no\/en\/wp-json\/wp\/v2\/product_brand?post=23214"},{"taxonomy":"product_cat","embeddable":true,"href":"https:\/\/fuglebutikken.no\/en\/wp-json\/wp\/v2\/product_cat?post=23214"},{"taxonomy":"product_tag","embeddable":true,"href":"https:\/\/fuglebutikken.no\/en\/wp-json\/wp\/v2\/product_tag?post=23214"},{"taxonomy":"woo-feed-brand","embeddable":true,"href":"https:\/\/fuglebutikken.no\/en\/wp-json\/wp\/v2\/woo-feed-brand?post=23214"}],"curies":[{"name":"wp","href":"https:\/\/api.w.org\/{rel}","templated":true}]}}