{"id":227,"date":"2020-02-22T18:09:54","date_gmt":"2020-02-22T17:09:54","guid":{"rendered":"https:\/\/274105-www.web.tornado-node.net\/fugl\/product\/undulat-blanding\/"},"modified":"2026-01-12T14:19:25","modified_gmt":"2026-01-12T13:19:25","slug":"bello-undulat-blanding-5kg-i-papirpose","status":"publish","type":"product","link":"https:\/\/fuglebutikken.no\/en\/butikk\/fugl-som-hobby\/fugl\/spise\/fuglemat-til-undulater-papeg-yer-og-burfugler\/fr-blandinger-og-pellets-daglig-f-r\/undulat-f-r\/bello-undulat-blanding-5kg-i-papirpose\/","title":{"rendered":"Bello Undulat Blanding 5kg i papirpose"},"content":{"rendered":"<h3 class=\"\">Bello Undulat Blanding&nbsp;5kg i papirpose<\/h3>\n<p class=\"whitespace-normal break-words\">Bello Undulat Blanding er et n\u00f8ye sammensatt tilleggsf\u00f4r spesielt utviklet for undulater. Dette premiumproduktet inneholder et velbalansert utvalg av h\u00f8ykvalitetsfr\u00f8 som dekker undulatenes daglige n\u00e6ringsbehov og bidrar til optimal helse, vakker fj\u00e6rdrakt og livskvalitet.<\/p>\n<p class=\"whitespace-normal break-words\"><b><span style=\"font-size: 18px\">F\u00f4ret best\u00e5r av seks omhyggelig utvalgte ingredienser:<\/span><\/b><\/p>\n<ul class=\"[&amp;:not(:last-child)_ul]:pb-1 [&amp;:not(:last-child)_ol]:pb-1 list-disc space-y-2.5 pl-7\">\n<li class=\"whitespace-normal break-words\"><strong>Rent kanariefr\u00f8<\/strong> &#8211; En n\u00e6ringsrik base som er rik p\u00e5 proteiner og essensielle fettsyrer<\/li>\n<li class=\"whitespace-normal break-words\"><strong>Gul hirse<\/strong> &#8211; Energigivende og lett \u00e5 ford\u00f8ye<\/li>\n<li class=\"whitespace-normal break-words\"><strong>Hvit hirse<\/strong> &#8211; Mild smak som de fleste undulater setter pris p\u00e5<\/li>\n<li class=\"whitespace-normal break-words\"><strong>Senegal hirse<\/strong> &#8211; Gir variasjon og inneholder viktige mineraler<\/li>\n<li class=\"whitespace-normal break-words\"><strong>R\u00f8d hirse<\/strong> &#8211; Rik p\u00e5 antioksidanter og naturlige n\u00e6ringsstoffer<\/li>\n<li class=\"whitespace-normal break-words\"><strong>Havrekjerne<\/strong> &#8211; Gir langvarig energi og st\u00f8tter ford\u00f8yelsen<\/li>\n<\/ul>\n<h2 class=\"text-xl font-bold text-text-100 mt-1 -mb-0.5\"><b><span style=\"font-size: 18px\">Bruk og dosering<\/span><\/b><\/h2>\n<ul class=\"[&amp;:not(:last-child)_ul]:pb-1 [&amp;:not(:last-child)_ol]:pb-1 list-disc space-y-2.5 pl-7\">\n<li class=\"whitespace-normal break-words\">Gi undulatene dine <strong>fri tilgang<\/strong> til f\u00f4ret ved \u00e5 holde f\u00f4rsk\u00e5len fylt<\/li>\n<li class=\"whitespace-normal break-words\">Skift ut f\u00f4ret daglig for \u00e5 sikre friskhet<\/li>\n<li class=\"whitespace-normal break-words\">Fjern skall og tomme fr\u00f8skall regelmessig<\/li>\n<\/ul>\n<p class=\"whitespace-normal break-words\"><b><span style=\"font-size: 18px\">For \u00e5 sikre optimal helse skal Bello Undulat Blanding Premium suppleres med:<\/span><\/b><\/p>\n<ul class=\"[&amp;:not(:last-child)_ul]:pb-1 [&amp;:not(:last-child)_ol]:pb-1 list-disc space-y-2.5 pl-7\">\n<li class=\"whitespace-normal break-words\"><strong>Fersk frukt<\/strong> &#8211; f.eks. eple, p\u00e6re, b\u00e6r (uten kjerner)<\/li>\n<li class=\"whitespace-normal break-words\"><strong>Gr\u00f8nnsaker<\/strong> &#8211; f.eks. gulrot, agurk, brokkoli, salat<\/li>\n<li class=\"whitespace-normal break-words\"><strong>Mineraler<\/strong> &#8211; mineralblokk eller sepiastein for kalciumtilskudd<\/li>\n<li class=\"whitespace-normal break-words\"><strong>Vitaminer<\/strong> &#8211; ved behov, spesielt under fj\u00e6rskifte eller ved reproduksjon<\/li>\n<li class=\"whitespace-normal break-words\"><strong>Friskt vann<\/strong> &#8211; S\u00f8rg for at fuglene dine alltid har tilgang til rent, friskt vann som skiftes daglig<\/li>\n<li class=\"whitespace-normal break-words\">Oppbevares kj\u00f8lig, t\u00f8rt og m\u00f8rkt for \u00e5 bevare friskhet og n\u00e6ringsverdi<\/li>\n<\/ul>\n<h2 class=\"text-xl font-bold text-text-100 mt-1 -mb-0.5\"><b><span style=\"font-size: 18px\">Fordeler med Bello Undulat Blanding&nbsp;<\/span><\/b><\/h2>\n<p class=\"whitespace-normal break-words\">\u2713 Naturlige ingredienser uten tilsetningsstoffer<br \/>\n\u2713 Fremmer fj\u00e6rdrakt og generell kondisjon<br \/>\n\u2713 H\u00f8y aksept hos undulater<br \/>\n\u2713 St\u00f8tter naturlig atferd og aktivitet<br \/>\n\u2713 Egnet som hovedf\u00f4r i kombinasjon med ferske tilskudd<\/p>\n<\/p>\n<p class=\"whitespace-normal break-words\"><strong>Merk:<\/strong> Dette er et tilleggsf\u00f4r og skal brukes som en del av et variert kosthold sammen med ferske gr\u00f8nnsaker, frukt og n\u00f8dvendige mineraltilskudd for \u00e5 oppn\u00e5 en fullstendig og balansert ern\u00e6ring for undulatene dine.<\/p>\n","protected":false},"excerpt":{"rendered":"<h3 class=\"\">Bello Undulat Blanding&nbsp;5kg i papirpose<\/h3>\n<li class=\"whitespace-normal break-words\"><strong>Premium fr\u00f8kvalitet<\/strong> &#8211; N\u00f8ye utvalgte, naturlige kornblandinger uten kunstige tilsetningsstoffer<\/li>\n<li class=\"whitespace-normal break-words\"><strong>Komplett ern\u00e6ring<\/strong> &#8211; Balansert sammensetning med 6 ulike fr\u00f8typer for optimal helse<\/li>\n<li class=\"whitespace-normal break-words\"><strong>Vakker fj\u00e6rdrakt<\/strong> &#8211; Rik p\u00e5 essensielle fettsyrer og n\u00e6ringsstoffer som fremmer skinnende fj\u00e6r<\/li>\n<li class=\"whitespace-normal break-words\"><strong>H\u00f8y aksept<\/strong> &#8211; Velsmagende blanding som undulater elsker \u00e5 spise<br \/><strong style=\"font-size: 1rem\">Enkel dosering<\/strong><span style=\"font-size: 1rem\"> &#8211; Kan gis som fri tilgang, praktisk i daglig bruk<\/span><\/li>\n<p><\/p>","protected":false},"featured_media":26298,"comment_status":"closed","ping_status":"closed","template":"","meta":{"content-type":"","_uf_show_specific_survey":0,"_uf_disable_surveys":false,"_monsterinsights_skip_tracking":false,"_monsterinsights_sitenote_active":false,"_monsterinsights_sitenote_note":"","_monsterinsights_sitenote_category":0},"pwb-brand":[660],"product_brand":[],"product_cat":[3286,41,1147,3285,3299,3287],"product_tag":[96],"woo-feed-brand":[],"class_list":{"0":"post-227","1":"product","2":"type-product","3":"status-publish","4":"has-post-thumbnail","6":"pwb-brand-bello","7":"product_cat-fr-blandinger-og-pellets-daglig-f-r","8":"product_cat-fugl","9":"product_cat-fugl-som-hobby","10":"product_cat-fuglemat-til-undulater-papeg-yer-og-burfugler","11":"product_cat-spise","12":"product_cat-undulat-f-r","13":"product_tag-undulat","15":"first","16":"outofstock","17":"taxable","18":"shipping-taxable","19":"purchasable","20":"product-type-simple"},"exclude_global_add_ons":[],"addons":[],"brands":[{"id":660,"name":"Bello","slug":"bello"}],"_links":{"self":[{"href":"https:\/\/fuglebutikken.no\/en\/wp-json\/wp\/v2\/product\/227","targetHints":{"allow":["GET"]}}],"collection":[{"href":"https:\/\/fuglebutikken.no\/en\/wp-json\/wp\/v2\/product"}],"about":[{"href":"https:\/\/fuglebutikken.no\/en\/wp-json\/wp\/v2\/types\/product"}],"replies":[{"embeddable":true,"href":"https:\/\/fuglebutikken.no\/en\/wp-json\/wp\/v2\/comments?post=227"}],"wp:featuredmedia":[{"embeddable":true,"href":"https:\/\/fuglebutikken.no\/en\/wp-json\/wp\/v2\/media\/26298"}],"wp:attachment":[{"href":"https:\/\/fuglebutikken.no\/en\/wp-json\/wp\/v2\/media?parent=227"}],"wp:term":[{"taxonomy":"pwb-brand","embeddable":true,"href":"https:\/\/fuglebutikken.no\/en\/wp-json\/wp\/v2\/pwb-brand?post=227"},{"taxonomy":"product_brand","embeddable":true,"href":"https:\/\/fuglebutikken.no\/en\/wp-json\/wp\/v2\/product_brand?post=227"},{"taxonomy":"product_cat","embeddable":true,"href":"https:\/\/fuglebutikken.no\/en\/wp-json\/wp\/v2\/product_cat?post=227"},{"taxonomy":"product_tag","embeddable":true,"href":"https:\/\/fuglebutikken.no\/en\/wp-json\/wp\/v2\/product_tag?post=227"},{"taxonomy":"woo-feed-brand","embeddable":true,"href":"https:\/\/fuglebutikken.no\/en\/wp-json\/wp\/v2\/woo-feed-brand?post=227"}],"curies":[{"name":"wp","href":"https:\/\/api.w.org\/{rel}","templated":true}]}}