{"id":224,"date":"2020-02-22T18:08:35","date_gmt":"2020-02-22T17:08:35","guid":{"rendered":"https:\/\/274105-www.web.tornado-node.net\/fugl\/product\/gd-rival-med-bord-lys-gramelerad-81x54x157cm\/"},"modified":"2024-11-03T15:14:39","modified_gmt":"2024-11-03T14:14:39","slug":"gd-rival-fuglebur-med-bord-lys-gra-81x54x157cm","status":"publish","type":"product","link":"https:\/\/fuglebutikken.no\/en\/butikk\/fugl-som-hobby\/fugl\/fuglebur-og-fuglebur-tilbehor\/fugl-bur\/kanarifuglbur\/gd-rival-fuglebur-med-bord-lys-gra-81x54x157cm\/","title":{"rendered":"GD rival fuglebur med bord lys gr\u00e5"},"content":{"rendered":"<h2>GD rival fuglebur med bord lys gr\u00e5<\/h2>","protected":false},"excerpt":{"rendered":"<h3>GD rival fuglebur med bord lys gr\u00e5<\/h3>\n<p>GD rival fuglebur med bord er et solid fuglebur som passer bra til undulater, parakitter og andre sm\u00e5fugler<\/p>\n<ul>\n<li>Innvendig m\u00e5l pr. del 79,7 x 51,8 x 88 cm<\/li>\n<li>Dobbel 165x54x158 cm<\/li>\n<li>1 d\u00f8r 412 x 246 mm p\u00e5 fremsiden (2 p\u00e5 dobbel)<\/li>\n<li>Uttrekkbar bunn<\/li>\n<li>Tr\u00e5dtykkelse1.8 mm \u00f8<\/li>\n<li>Forsterkningstr\u00e5der 3 mm \u00f8<\/li>\n<li>Sprinkeltetthet 11.3 mm<\/li>\n<li>Hel topp<\/li>\n<\/ul>\n<p><img decoding=\"async\" class=\"alignleft size-full wp-image-59415\" src=\"https:\/\/admin.fuglebutikker.kinsta.cloud\/wp-content\/uploads\/2020\/02\/Palle-frakt-1.png\" alt=\"\" width=\"90\" height=\"90\">M\u00e5 sendes hjem p\u00e5 pall, velg fraktmetode: Palle-frakt store terrarium\/akvarium\/bur\/produkter<br \/>\neller hent gratis i v\u00e5r butikk p\u00e5 Lade Arena i Trondheim, velg: Lokal henting p\u00e5 Lade Arena, Trondheim (gratis)<\/p>","protected":false},"featured_media":13264,"comment_status":"open","ping_status":"closed","template":"","meta":{"content-type":"","_uf_show_specific_survey":0,"_uf_disable_surveys":false,"_monsterinsights_skip_tracking":false,"_monsterinsights_sitenote_active":false,"_monsterinsights_sitenote_note":"","_monsterinsights_sitenote_category":0},"pwb-brand":[662],"product_brand":[],"product_cat":[41,1147,1650,1649,1651,1648],"product_tag":[],"woo-feed-brand":[],"class_list":{"0":"post-224","1":"product","2":"type-product","3":"status-publish","4":"has-post-thumbnail","6":"pwb-brand-gd","7":"product_cat-fugl","8":"product_cat-fugl-som-hobby","9":"product_cat-kanarifuglbur","10":"product_cat-parakittbur","11":"product_cat-sebrafinkbur","12":"product_cat-undulatbur","14":"first","15":"instock","16":"taxable","17":"shipping-taxable","18":"purchasable","19":"product-type-variable","20":"has-default-attributes"},"exclude_global_add_ons":[],"addons":[],"brands":[{"id":662,"name":"GD","slug":"gd"}],"_links":{"self":[{"href":"https:\/\/fuglebutikken.no\/en\/wp-json\/wp\/v2\/product\/224","targetHints":{"allow":["GET"]}}],"collection":[{"href":"https:\/\/fuglebutikken.no\/en\/wp-json\/wp\/v2\/product"}],"about":[{"href":"https:\/\/fuglebutikken.no\/en\/wp-json\/wp\/v2\/types\/product"}],"replies":[{"embeddable":true,"href":"https:\/\/fuglebutikken.no\/en\/wp-json\/wp\/v2\/comments?post=224"}],"wp:featuredmedia":[{"embeddable":true,"href":"https:\/\/fuglebutikken.no\/en\/wp-json\/wp\/v2\/media\/13264"}],"wp:attachment":[{"href":"https:\/\/fuglebutikken.no\/en\/wp-json\/wp\/v2\/media?parent=224"}],"wp:term":[{"taxonomy":"pwb-brand","embeddable":true,"href":"https:\/\/fuglebutikken.no\/en\/wp-json\/wp\/v2\/pwb-brand?post=224"},{"taxonomy":"product_brand","embeddable":true,"href":"https:\/\/fuglebutikken.no\/en\/wp-json\/wp\/v2\/product_brand?post=224"},{"taxonomy":"product_cat","embeddable":true,"href":"https:\/\/fuglebutikken.no\/en\/wp-json\/wp\/v2\/product_cat?post=224"},{"taxonomy":"product_tag","embeddable":true,"href":"https:\/\/fuglebutikken.no\/en\/wp-json\/wp\/v2\/product_tag?post=224"},{"taxonomy":"woo-feed-brand","embeddable":true,"href":"https:\/\/fuglebutikken.no\/en\/wp-json\/wp\/v2\/woo-feed-brand?post=224"}],"curies":[{"name":"wp","href":"https:\/\/api.w.org\/{rel}","templated":true}]}}